{"id":4672,"date":"2024-10-30T15:34:12","date_gmt":"2024-10-30T15:34:12","guid":{"rendered":"https:\/\/b2b.mideer.lt\/?post_type=product&#038;p=4672"},"modified":"2026-04-08T07:31:51","modified_gmt":"2026-04-08T07:31:51","slug":"level-up-deliones-4-lygis-vaiko-rutina","status":"publish","type":"product","link":"https:\/\/b2b.mideer.lt\/lv\/product\/level-up-deliones-4-lygis-vaiko-rutina\/","title":{"rendered":"L\u012bmenis uz aug\u0161u M\u012bklu komplekts - 4. l\u012bme\u0146a b\u0113rnu rota\u013cu komplekts"},"content":{"rendered":"<div class=\"relative p-1 rounded-sm h-9 w-9 text-white flex items-center justify-center\">\n<p data-sourcepos=\"1:1-1:448\">Mideer l\u012bme\u0146a paaugstin\u0101\u0161ana! m\u012bklu kolekcij\u0101 ir 8 l\u012bme\u0146i. Puzles gabali\u0146u skaits pieaug no l\u012bme\u0146a uz l\u012bmeni, lai atbilstu b\u0113rnu intelektu\u0101lajai att\u012bst\u012bbai un aktiviz\u0113tu visus smadze\u0146u darb\u012bbas aspektus. Att\u0113li s\u0101kas ar vienu dz\u012bvnieku un beidzas ar sare\u017e\u0123\u012bt\u0101m ain\u0101m, lai pak\u0101peniski att\u012bst\u012btu b\u0113rnu izzi\u0146as sp\u0113jas. Att\u0113li da\u017e\u0101dos m\u0101kslinieciskos stilos rosina b\u0113rnu izt\u0113li. Gludas un m\u012bkstas malas veicina dro\u0161u un interakt\u012bvu rota\u013cu un m\u0101c\u012b\u0161anos.<\/p>\n<p data-sourcepos=\"3:1-3:132\"><strong>4. l\u012bmenis: <\/strong>T\u0113m\u0101 \"B\u0113rna ikdiena\" ir 3 puzles katr\u0101 kast\u0113, un taj\u0101 ir att\u0113lota z\u0113na un meitenes diena, tostarp 3 ainas - m\u0101j\u0101s, ce\u013c\u0101 uz skolu un skol\u0101.<\/p>\n<\/div>\n<div class=\"relative p-1 rounded-sm h-9 w-9 text-white flex items-center justify-center\">\n<ul>\n<li><strong>Vecums<\/strong>: 3,5+<\/li>\n<li><strong>Kastes izm\u0113ri<\/strong>: 19,2 cm x 22,5 cm x 12,5 cm<\/li>\n<li><strong>Da\u013cu skaits<\/strong>: 54 da\u013cas, 70 da\u013cas, 88 da\u013cas<\/li>\n<li><strong>Puzles lielums<\/strong>: 37,5 x 24,8 cm<\/li>\n<li><strong>Pieejams no<\/strong>: P\u0101rtikas kategorijas biezs kartons, apdruk\u0101ts ar sojas tinti.<\/li>\n<\/ul>\n<\/div>","protected":false},"excerpt":{"rendered":"<p>Mideer Level Up! d\u0117lioni\u0173 kolekcija turi i\u0161 viso 8 lygius. D\u0117lion\u0117s detali\u0173 skai\u010dius did\u0117ja lygmeniu po lygmens, kad atitikt\u0173 vaik\u0173 intelektualin\u012f vystym\u0105si ir aktyvuot\u0173 j\u0173 smegenis visais aspektais. Paveiksl\u0117liai prasideda nuo vieno gyv\u016bno ir baigiasi sud\u0117tingomis scenomis, kad vaik\u0173 pa\u017einimas tobul\u0117t\u0173 palaipsniui. \u012evairi\u0173 meno stili\u0173 paveiksl\u0117liai \u017eadina vaik\u0173 vaizduot\u0119. Lyg\u016bs ir \u0161veln\u016bs kra\u0161tai skatina saug\u0173 ir interaktyv\u0173 \u017eaidim\u0105 bei mokym\u0105si. 4 lygis: Vaiko rutinos\u00a0tema apima 3 d\u0117liones vienoje d\u0117\u017eut\u0117je ir vaizduoja berniuko ir mergait\u0117s dien\u0105, \u012fskaitant 3 scenas &#8211; namuose, einant \u012f mokykl\u0105 ir mokykloje. Am\u017eius: 3,5+ D\u0117\u017eut\u0117s matmenys: 19.2 cm x 22.5 cm x 12.5 cm Dali\u0173 skai\u010dius: 54 dalys, 70 dali\u0173, 88 dalys Sud\u0117liotos d\u0117lion\u0117s dydis: 37,5 x 24,8cm Med\u017eiaga: Maistin\u0117s kokyb\u0117s, storas kartonas, spausdintas sojos ra\u0161alu<\/p>","protected":false},"featured_media":4673,"template":"","meta":[],"product_brand":[],"product_cat":[234,235,240,247,255,274],"product_tag":[],"class_list":{"0":"post-4672","1":"product","2":"type-product","3":"status-publish","4":"has-post-thumbnail","6":"product_cat-3-4-metai","7":"product_cat-5-6-metai","8":"product_cat-deliones","9":"product_cat-level-up-deliones","10":"product_cat-naujienos","11":"product_cat-visos-deliones","13":"first","14":"instock","15":"taxable","16":"shipping-taxable","17":"product-type-simple"},"jetpack_sharing_enabled":true,"_links":{"self":[{"href":"https:\/\/b2b.mideer.lt\/lv\/wp-json\/wp\/v2\/product\/4672"}],"collection":[{"href":"https:\/\/b2b.mideer.lt\/lv\/wp-json\/wp\/v2\/product"}],"about":[{"href":"https:\/\/b2b.mideer.lt\/lv\/wp-json\/wp\/v2\/types\/product"}],"wp:featuredmedia":[{"embeddable":true,"href":"https:\/\/b2b.mideer.lt\/lv\/wp-json\/wp\/v2\/media\/4673"}],"wp:attachment":[{"href":"https:\/\/b2b.mideer.lt\/lv\/wp-json\/wp\/v2\/media?parent=4672"}],"wp:term":[{"taxonomy":"product_brand","embeddable":true,"href":"https:\/\/b2b.mideer.lt\/lv\/wp-json\/wp\/v2\/product_brand?post=4672"},{"taxonomy":"product_cat","embeddable":true,"href":"https:\/\/b2b.mideer.lt\/lv\/wp-json\/wp\/v2\/product_cat?post=4672"},{"taxonomy":"product_tag","embeddable":true,"href":"https:\/\/b2b.mideer.lt\/lv\/wp-json\/wp\/v2\/product_tag?post=4672"}],"curies":[{"name":"wp","href":"https:\/\/api.w.org\/{rel}","templated":true}]}}