{"id":4662,"date":"2024-10-30T14:51:00","date_gmt":"2024-10-30T14:51:00","guid":{"rendered":"https:\/\/b2b.mideer.lt\/?post_type=product&#038;p=4662"},"modified":"2026-04-16T07:31:53","modified_gmt":"2026-04-16T07:31:53","slug":"pasidaryk-pats-kaledu-medis-ir-zaisliukai","status":"publish","type":"product","link":"https:\/\/b2b.mideer.lt\/lv\/product\/pasidaryk-pats-kaledu-medis-ir-zaisliukai\/","title":{"rendered":"DIY - Ziemassv\u0113tku egl\u012bte un rota\u013clietas"},"content":{"rendered":"<p data-sourcepos=\"3:1-3:460\">mideer DIY Ziemassv\u0113tku egl\u012bte un rota\u013clietas ir burv\u012bga un interakt\u012bva aktivit\u0101te. B\u0113rni var izv\u0113l\u0113ties no 12 atsevi\u0161\u0137i iepakotiem rado\u0161iem komplektiem, kuros ir visi nepiecie\u0161amie materi\u0101li un instrumenti, lai izveidotu skaistu, pa\u0161u rok\u0101m darin\u0101tu rota\u013clietu. Katras divas dienas vi\u0146i var atv\u0113rt jaunu komplektu, t\u0101d\u0113j\u0101di pirmssv\u0113tku laik\u0101 radot papildu satraukumu. \u0160is rado\u0161ais komplekts ir lieliski piem\u0113rots, lai skait\u012btu dienas l\u012bdz Ziemassv\u0113tkiem, un pied\u0101v\u0101 unik\u0101lu un neaizmirstamu veidu, k\u0101 tos svin\u0113t.<\/p>\n<ul>\n<li data-sourcepos=\"7:1-7:196\"><strong>12 atsevi\u0161\u0137i iepakoti komplekti:<\/strong> Katr\u0101 rado\u0161aj\u0101 komplekt\u0101 ir viss nepiecie\u0161amais, lai izgatavotu vienu unik\u0101lu ar rok\u0101m darin\u0101tu rota\u013clietu, \u013caujot b\u0113rniem izv\u0113l\u0113ties atbilsto\u0161i sav\u0101m interes\u0113m.<\/li>\n<li data-sourcepos=\"8:1-8:195\"><strong>Interakt\u012bvs Ziemassv\u0113tku datuma apr\u0113\u0137ins:<\/strong> Izveidojiet \u012bpa\u0161u atpaka\u013cskait\u012b\u0161anu l\u012bdz Ziemassv\u0113tkiem, ik p\u0113c div\u0101m dien\u0101m radot jaunu rota\u013clietu, padarot sv\u0113tku sezonu par neaizmirstamu piedz\u012bvojumu.<\/li>\n<li data-sourcepos=\"9:1-9:139\"><strong>Laiks ar \u0123imeni:<\/strong> \u0160\u012bs rado\u0161\u0101s aktivit\u0101tes sniedz lielisku iesp\u0113ju vec\u0101kiem un b\u0113rniem pavad\u012bt kvalitat\u012bvu laiku kop\u0101, stiprinot vi\u0146u saikni.<\/li>\n<li data-sourcepos=\"10:1-10:158\"><strong>Prasmju att\u012bst\u012b\u0161anas prieks:<\/strong> Katrs darbi\u0146\u0161 ir ne tikai jautrs, bet ar\u012b att\u012bsta b\u0113rnu rado\u0161umu, s\u012bko motoriku un probl\u0113mu risin\u0101\u0161anas sp\u0113jas.<\/li>\n<li data-sourcepos=\"11:1-12:0\"><strong>Lieliska sv\u0113tku d\u0101vana:<\/strong> \u0160is rado\u0161ais komplekts ir p\u0101rdom\u0101ta un aizraujo\u0161a d\u0101vana, kas sv\u0113tku sezon\u0101 nodro\u0161in\u0101s stund\u0101m ilgu rado\u0161u izklaidi.<\/li>\n<\/ul>\n<p>&nbsp;<\/p>\n<ul>\n<li data-sourcepos=\"13:1-15:42\"><strong>Am\u017eius:<\/strong> 8+<\/li>\n<li data-sourcepos=\"13:1-15:42\"><strong>D\u0117\u017eut\u0117s matmenys: <\/strong>37x23x10cm<\/li>\n<li data-sourcepos=\"13:1-15:42\"><strong>Ziemassv\u0113tku egl\u012btes izm\u0113ri: <\/strong>70x50cm<\/li>\n<li data-sourcepos=\"13:1-15:42\"><strong>Ietver:<\/strong> 12 DIY darbi<\/li>\n<\/ul>","protected":false},"excerpt":{"rendered":"<p data-sourcepos=\"3:1-3:460\">mideer DIY Ziemassv\u0113tku egl\u012bte un rota\u013clietas ir burv\u012bga un interakt\u012bva aktivit\u0101te. B\u0113rni var izv\u0113l\u0113ties no 12 atsevi\u0161\u0137i iepakotiem rado\u0161iem komplektiem, kuros ir visi nepiecie\u0161amie materi\u0101li un instrumenti, lai izveidotu skaistu, pa\u0161u rok\u0101m darin\u0101tu rota\u013clietu. Katras divas dienas vi\u0146i var atv\u0113rt jaunu komplektu, t\u0101d\u0113j\u0101di pirmssv\u0113tku laik\u0101 radot papildu satraukumu. \u0160is rado\u0161ais komplekts ir lieliski piem\u0113rots, lai skait\u012btu dienas l\u012bdz Ziemassv\u0113tkiem, un pied\u0101v\u0101 unik\u0101lu un neaizmirstamu veidu, k\u0101 tos svin\u0113t.<\/p>\n<ul>\n<li data-sourcepos=\"7:1-7:196\"><strong>12 atsevi\u0161\u0137i iepakoti komplekti:<\/strong> Katr\u0101 rado\u0161aj\u0101 komplekt\u0101 ir viss nepiecie\u0161amais, lai izgatavotu vienu unik\u0101lu ar rok\u0101m darin\u0101tu rota\u013clietu, \u013caujot b\u0113rniem izv\u0113l\u0113ties atbilsto\u0161i sav\u0101m interes\u0113m.<\/li>\n<li data-sourcepos=\"8:1-8:195\"><strong>Interakt\u012bvs Ziemassv\u0113tku datuma apr\u0113\u0137ins:<\/strong> Izveidojiet \u012bpa\u0161u atpaka\u013cskait\u012b\u0161anu l\u012bdz Ziemassv\u0113tkiem, ik p\u0113c div\u0101m dien\u0101m radot jaunu rota\u013clietu, padarot sv\u0113tku sezonu par neaizmirstamu piedz\u012bvojumu.<\/li>\n<li data-sourcepos=\"9:1-9:139\"><strong>Laiks ar \u0123imeni:<\/strong> \u0160\u012bs rado\u0161\u0101s aktivit\u0101tes sniedz lielisku iesp\u0113ju vec\u0101kiem un b\u0113rniem pavad\u012bt kvalitat\u012bvu laiku kop\u0101, stiprinot vi\u0146u saikni.<\/li>\n<li data-sourcepos=\"10:1-10:158\"><strong>Prasmju att\u012bst\u012b\u0161anas prieks:<\/strong> Katrs darbi\u0146\u0161 ir ne tikai jautrs, bet ar\u012b att\u012bsta b\u0113rnu rado\u0161umu, s\u012bko motoriku un probl\u0113mu risin\u0101\u0161anas sp\u0113jas.<\/li>\n<li data-sourcepos=\"11:1-12:0\"><strong>Lieliska sv\u0113tku d\u0101vana:<\/strong> \u0160is rado\u0161ais komplekts ir p\u0101rdom\u0101ta un aizraujo\u0161a d\u0101vana, kas sv\u0113tku sezon\u0101 nodro\u0161in\u0101s stund\u0101m ilgu rado\u0161u izklaidi.<\/li>\n<\/ul>\n<p>&nbsp;<\/p>\n<ul>\n<li data-sourcepos=\"13:1-15:42\"><strong>Am\u017eius:<\/strong> 8+<\/li>\n<li data-sourcepos=\"13:1-15:42\"><strong>D\u0117\u017eut\u0117s matmenys: <\/strong>37x23x10cm<\/li>\n<li data-sourcepos=\"13:1-15:42\"><strong>Ziemassv\u0113tku egl\u012btes izm\u0113ri: <\/strong>70x50cm<\/li>\n<li data-sourcepos=\"13:1-15:42\"><strong>Ietver:<\/strong> 12 DIY darbi<\/li>\n<\/ul>","protected":false},"featured_media":4663,"template":"","meta":[],"product_brand":[],"product_cat":[236,280,242,272,250,255,263],"product_tag":[],"class_list":{"0":"post-4662","1":"product","2":"type-product","3":"status-publish","4":"has-post-thumbnail","6":"product_cat-6-metai","7":"product_cat-akcija","8":"product_cat-dovanu-idejos","9":"product_cat-kaledines-dovanos","10":"product_cat-menai-ir-kurybiniai-uzsiemimai","11":"product_cat-naujienos","12":"product_cat-pasidaryk-pats","14":"first","15":"instock","16":"taxable","17":"shipping-taxable","18":"product-type-simple"},"jetpack_sharing_enabled":true,"_links":{"self":[{"href":"https:\/\/b2b.mideer.lt\/lv\/wp-json\/wp\/v2\/product\/4662"}],"collection":[{"href":"https:\/\/b2b.mideer.lt\/lv\/wp-json\/wp\/v2\/product"}],"about":[{"href":"https:\/\/b2b.mideer.lt\/lv\/wp-json\/wp\/v2\/types\/product"}],"wp:featuredmedia":[{"embeddable":true,"href":"https:\/\/b2b.mideer.lt\/lv\/wp-json\/wp\/v2\/media\/4663"}],"wp:attachment":[{"href":"https:\/\/b2b.mideer.lt\/lv\/wp-json\/wp\/v2\/media?parent=4662"}],"wp:term":[{"taxonomy":"product_brand","embeddable":true,"href":"https:\/\/b2b.mideer.lt\/lv\/wp-json\/wp\/v2\/product_brand?post=4662"},{"taxonomy":"product_cat","embeddable":true,"href":"https:\/\/b2b.mideer.lt\/lv\/wp-json\/wp\/v2\/product_cat?post=4662"},{"taxonomy":"product_tag","embeddable":true,"href":"https:\/\/b2b.mideer.lt\/lv\/wp-json\/wp\/v2\/product_tag?post=4662"}],"curies":[{"name":"wp","href":"https:\/\/api.w.org\/{rel}","templated":true}]}}