{"id":4651,"date":"2024-10-30T14:26:09","date_gmt":"2024-10-30T14:26:09","guid":{"rendered":"https:\/\/b2b.mideer.lt\/?post_type=product&#038;p=4651"},"modified":"2026-05-17T07:33:01","modified_gmt":"2026-05-17T07:33:01","slug":"delione-kaledu-vakaras-pasto-dezuteje","status":"publish","type":"product","link":"https:\/\/b2b.mideer.lt\/lv\/product\/delione-kaledu-vakaras-pasto-dezuteje\/","title":{"rendered":"Ziemassv\u0113tku puzle pastkast\u012bt\u0113"},"content":{"rendered":"<p data-sourcepos=\"1:1-1:548\">\u0160\u012b mideer ilustr\u0113t\u0101 Ziemassv\u0113tku puzle ir br\u012bni\u0161\u0137\u012bga un sv\u0113tku d\u0101vana ikvienam. R\u016bp\u012bgi veidot\u0101 puzle ir ide\u0101li piem\u0113rota gan lieliem, gan maziem. Katrs puzles gabali\u0146\u0161 ir glanc\u0113ts un sp\u012bd gaism\u0101, un puzles aizmugur\u0113j\u0101 puse ir zelta kr\u0101s\u0101. Puzle ir ievietota v\u0113stu\u013cu kast\u012btes formas iepakojum\u0101, padarot to ne tikai par jautru nodarbi, bet ar\u012b par kolekcion\u0113\u0161anas priek\u0161metu. Turkl\u0101t d\u0101van\u0101 ir iek\u013cauta 3D uznirsto\u0161\u0101 pastkarte, kas ir ide\u0101li piem\u0113rota sv\u0113tku apsveikumiem.<\/p>\n<ul>\n<li data-sourcepos=\"3:1-7:39\"><strong>Am\u017eius:<\/strong> 3+<\/li>\n<li data-sourcepos=\"3:1-7:39\"><strong>D\u0117\u017eut\u0117s matmenys: <\/strong>20x8x27cm<\/li>\n<li data-sourcepos=\"3:1-7:39\"><strong>Ietver:<\/strong> lieto\u0161anas instrukcija, aploksne, m\u0101kslinieka ievadv\u0101rdi, 3D Ziemassv\u0113tku kart\u012bte<\/li>\n<li data-sourcepos=\"3:1-7:39\"><strong>Da\u013cu skaits:<\/strong> 120 da\u013cas<\/li>\n<li data-sourcepos=\"3:1-7:39\"><strong>Saloc\u012bt\u0101s puzles izm\u0113rs:\u00a0<\/strong>35x28cm<\/li>\n<\/ul>","protected":false},"excerpt":{"rendered":"<p>\u0160i mideer meninink\u0117s iliustruota Kal\u0117din\u0117 d\u0117lion\u0117 yra nuostabi ir \u0161venti\u0161ka dovana visiems. Kruop\u0161\u010diai pagaminta d\u0117lion\u0117 puikiai tinka tiek ma\u017eiems, tiek dideliems. Kiekviena d\u0117lion\u0117s detal\u0117 yra blizgi ir \u0161vyti ap\u0161viesta, o galin\u0117 d\u0117lion\u0117s pus\u0117 auksin\u0117. D\u0117lion\u0117 pateikiama pa\u0161to d\u0117\u017eut\u0117s formos pakuot\u0117je, tod\u0117l tai ne tik \u012fdomi veikla, bet ir kolekcinis daiktas. Be to, dovana apima 3D i\u0161\u0161okant\u012f atviruk\u0105, puikiai tinkant\u012f \u0161ventiniams sveikinimams. Am\u017eius: 3+ D\u0117\u017eut\u0117s matmenys: 20x8x27cm Komplekte: naudojimo instrukcija, vokas, menininko \u012fvadas, 3D kal\u0117dinis atvirukas Dali\u0173 skai\u010dius: 120 dali\u0173 Surinktos d\u0117lion\u0117s dydis:\u00a035x28cm<\/p>","protected":false},"featured_media":4652,"template":"","meta":[],"product_brand":[],"product_cat":[234,235,236,280,240,242,272,251,255,258,274],"product_tag":[],"class_list":{"0":"post-4651","1":"product","2":"type-product","3":"status-publish","4":"has-post-thumbnail","6":"product_cat-3-4-metai","7":"product_cat-5-6-metai","8":"product_cat-6-metai","9":"product_cat-akcija","10":"product_cat-deliones","11":"product_cat-dovanu-idejos","12":"product_cat-kaledines-dovanos","13":"product_cat-meninku-kurtos-deliones","14":"product_cat-naujienos","15":"product_cat-nuo-100-iki-300-daliu","16":"product_cat-visos-deliones","18":"first","19":"instock","20":"taxable","21":"shipping-taxable","22":"product-type-simple"},"jetpack_sharing_enabled":true,"_links":{"self":[{"href":"https:\/\/b2b.mideer.lt\/lv\/wp-json\/wp\/v2\/product\/4651"}],"collection":[{"href":"https:\/\/b2b.mideer.lt\/lv\/wp-json\/wp\/v2\/product"}],"about":[{"href":"https:\/\/b2b.mideer.lt\/lv\/wp-json\/wp\/v2\/types\/product"}],"wp:featuredmedia":[{"embeddable":true,"href":"https:\/\/b2b.mideer.lt\/lv\/wp-json\/wp\/v2\/media\/4652"}],"wp:attachment":[{"href":"https:\/\/b2b.mideer.lt\/lv\/wp-json\/wp\/v2\/media?parent=4651"}],"wp:term":[{"taxonomy":"product_brand","embeddable":true,"href":"https:\/\/b2b.mideer.lt\/lv\/wp-json\/wp\/v2\/product_brand?post=4651"},{"taxonomy":"product_cat","embeddable":true,"href":"https:\/\/b2b.mideer.lt\/lv\/wp-json\/wp\/v2\/product_cat?post=4651"},{"taxonomy":"product_tag","embeddable":true,"href":"https:\/\/b2b.mideer.lt\/lv\/wp-json\/wp\/v2\/product_tag?post=4651"}],"curies":[{"name":"wp","href":"https:\/\/api.w.org\/{rel}","templated":true}]}}