{"id":4626,"date":"2024-10-08T12:38:15","date_gmt":"2024-10-08T12:38:15","guid":{"rendered":"https:\/\/b2b.mideer.lt\/?post_type=product&#038;p=4626"},"modified":"2026-04-10T07:33:01","modified_gmt":"2026-04-10T07:33:01","slug":"vaikiska-isvyku-kuprine-oranzine","status":"publish","type":"product","link":"https:\/\/b2b.mideer.lt\/lv\/product\/vaikiska-isvyku-kuprine-oranzine\/","title":{"rendered":"B\u0113rnu mugursoma ce\u013cojumiem - Oran\u017ea"},"content":{"rendered":"","protected":false},"excerpt":{"rendered":"<p>\u0160i <strong>Mideer vaiki\u0161ka kuprin\u0117<\/strong> yra daugiafunkcin\u0117, viskas viename. Kr\u016btin\u0117s sagtis yra reguliuojamo auk\u0161\u010dio. Ant sagties yra \u0161vilpukas, tod\u0117l tai puiku kurpin\u0117 i\u0161vykoms \u012f gamt\u0105. Pasimet\u0117te? Naudokite \u0161vilpuk\u0105. Kv\u0117puojant\u010dios petne\u0161el\u0117s ir oro angos nugar\u0117l\u0117je, tinkamos visiems met\u0173 laikams.Vandeniui atsparus u\u017etrauktukas ir kuprin\u0117s med\u017eiaga, saugo daiktus \u0161varius ir sausus net lieting\u0105 dien\u0105. Itin lengva, puikiai tinka kelion\u0117ms.<\/p>\n<ul data-sourcepos=\"5:1-9:20\">\n<li data-sourcepos=\"6:1-6:102\"><strong>Dviguba ventiliacija, pagrindinis vandeniui atsparus korpusas ir AAA klas\u0117s antibakterinis sluoksnis.<\/strong><\/li>\n<li data-sourcepos=\"7:1-7:66\">I\u0161manus dizainas (rankin\u0117, juosmens mai\u0161elis ir kuprin\u0117 3 in 1)<\/li>\n<li data-sourcepos=\"8:1-8:42\">Anti-pametimo \u0161vilpukas kr\u016btin\u0117s sagtyje<\/li>\n<li data-sourcepos=\"9:1-9:20\">\u012emontuotas at\u0161vaitas, \u012fsp\u0117jimas vairuotojams kelyje<\/li>\n<li data-sourcepos=\"9:1-9:20\">Nuimamas, vandeniui atsparus u\u017etrauktukas<\/li>\n<li data-sourcepos=\"9:1-9:20\"><strong>Uztur\u0113\u0161ana:<\/strong> Skalbti rankomis, skalbti rankomis arba temperat\u016broje \u017eemiau 30\u00b0C,nelyginti, ned\u017eiovinti d\u017eiovykl\u0117je.<\/li>\n<li data-sourcepos=\"9:1-9:20\"><strong>Pagrindin\u0117 med\u017eiaga: <\/strong>nailonas<\/li>\n<\/ul>\n<p><strong>I\u0161matavimai: 30&#215;23,5&#215;12,5cm<\/strong><\/p>","protected":false},"featured_media":4627,"template":"","meta":[],"product_brand":[],"product_cat":[255,273],"product_tag":[],"class_list":{"0":"post-4626","1":"product","2":"type-product","3":"status-publish","4":"has-post-thumbnail","6":"product_cat-naujienos","7":"product_cat-visi-aksesuarai","9":"first","10":"outofstock","11":"taxable","12":"shipping-taxable","13":"product-type-simple"},"jetpack_sharing_enabled":true,"_links":{"self":[{"href":"https:\/\/b2b.mideer.lt\/lv\/wp-json\/wp\/v2\/product\/4626"}],"collection":[{"href":"https:\/\/b2b.mideer.lt\/lv\/wp-json\/wp\/v2\/product"}],"about":[{"href":"https:\/\/b2b.mideer.lt\/lv\/wp-json\/wp\/v2\/types\/product"}],"wp:featuredmedia":[{"embeddable":true,"href":"https:\/\/b2b.mideer.lt\/lv\/wp-json\/wp\/v2\/media\/4627"}],"wp:attachment":[{"href":"https:\/\/b2b.mideer.lt\/lv\/wp-json\/wp\/v2\/media?parent=4626"}],"wp:term":[{"taxonomy":"product_brand","embeddable":true,"href":"https:\/\/b2b.mideer.lt\/lv\/wp-json\/wp\/v2\/product_brand?post=4626"},{"taxonomy":"product_cat","embeddable":true,"href":"https:\/\/b2b.mideer.lt\/lv\/wp-json\/wp\/v2\/product_cat?post=4626"},{"taxonomy":"product_tag","embeddable":true,"href":"https:\/\/b2b.mideer.lt\/lv\/wp-json\/wp\/v2\/product_tag?post=4626"}],"curies":[{"name":"wp","href":"https:\/\/api.w.org\/{rel}","templated":true}]}}