{"id":462,"date":"2024-04-26T07:42:49","date_gmt":"2024-04-26T07:42:49","guid":{"rendered":"https:\/\/b2b.mideer.lt\/product\/magnetic-playset-things-that-go\/"},"modified":"2026-04-05T07:32:10","modified_gmt":"2026-04-05T07:32:10","slug":"magnetic-playset-things-that-go","status":"publish","type":"product","link":"https:\/\/b2b.mideer.lt\/lv\/product\/magnetic-playset-things-that-go\/","title":{"rendered":"Sp\u0113\u013cu komplekts ar magn\u0113tisko t\u0101feli Traffic"},"content":{"rendered":"<p>Magn\u0113tiskais sp\u0113\u013cu komplekts, lai izveidotu savus satiksmes noteikumus. T\u0101 ir lieliska sp\u0113le, ko sp\u0113l\u0113t m\u0101j\u0101s vai ce\u013c\u0101. \u0160o sp\u0113li \"2 vien\u0101\" var izmantot k\u0101 tradicion\u0101lo magn\u0113tisko sp\u0113li vai k\u0101 jautru galda sp\u0113li. T\u0101 uzlabo formu un kr\u0101su atpaz\u012b\u0161anas prasmes, m\u0101c\u012b\u0161an\u0101s sp\u0113jas un roku veikl\u012bbu.<\/p>\n<ul>\n<li><strong>Am\u017eius:<\/strong> 3+<\/li>\n<li><strong>D\u0117\u017eut\u0117s matmenys:<\/strong> 19,99 cm x 26,01 cm x 4,5 cm<\/li>\n<li><strong>Ietver:<\/strong> 59 magn\u0113tisk\u0101s fig\u016bri\u0146as, 1 sp\u0113\u013cu d\u0113lis, 1 instrukcijas gr\u0101mati\u0146a, 8 kartes, 4 tur\u0113t\u0101ji, 4 tur\u0113t\u0101ju pamatnes, 1 uzl\u012bme, 1 kauli\u0146\u0161<\/li>\n<li><strong>Da\u013cu skaits:<\/strong> 59 da\u013cas<\/li>\n<li><strong>Materi\u0101ls:<\/strong> Magn\u0113ts, Pap\u012bra pl\u0101ksne<\/li>\n<\/ul>","protected":false},"excerpt":{"rendered":"<p>Magnetinis \u017eaidimo rinkinys, skirtas susikurti savo keli\u0173 eismo taisykles. Tai puikus \u017eaidimas \u017eaisti namuose ar kelyje. \u0160is \u017eaidimas 2 viename gali b\u016bti naudojamas kaip tradicinis magnetinis \u017eaidimas arba \u012fdomus stalo \u017eaidimas. Tai pagerina form\u0173 ir spalv\u0173 atpa\u017einimo \u012fg\u016bd\u017eius, mokymosi geb\u0117jimus ir rank\u0173 miklum\u0105. Am\u017eius: 3+ D\u0117\u017eut\u0117s matmenys: 19.99 cm x 26.01 cm x 4.5 cm Komplekte: 59 magnetin\u0117s dalys, 1 \u017eaidimo lenta, 1 instrukcija, 8 kortel\u0117s, 4 laikikliai, 4 laikikli\u0173 pagrindai, 1 lipdukas, 1 kauliukas Dali\u0173 skai\u010dius: 59 dali\u0173 Med\u017eiaga: Magnetas, Popierin\u0117 plok\u0161t\u0117<\/p>","protected":false},"featured_media":2531,"template":"","meta":[],"product_brand":[],"product_cat":[234,235,236,237,239,272,244,277,269,276],"product_tag":[16,19,58,123,135,192,35,20,177,141,104,68,22,132,38],"class_list":{"0":"post-462","1":"product","2":"type-product","3":"status-publish","4":"has-post-thumbnail","6":"product_cat-3-4-metai","7":"product_cat-5-6-metai","8":"product_cat-6-metai","9":"product_cat-ankstyvo-lavinimo-zaidimai","10":"product_cat-daugiau-zaislu-ir-zaidimu","11":"product_cat-kaledines-dovanos","12":"product_cat-kas-populiaru","13":"product_cat-smart-products-filter-index-do-not-delete","14":"product_cat-stalo-zaidimai","15":"product_cat-zaislai-ir-zaidimai","16":"product_tag-age-3-4-years","17":"product_tag-board-game","18":"product_tag-cars-trucks","19":"product_tag-early-learning-toys","20":"product_tag-edukaciniai","21":"product_tag-edukaciniai-magentai","22":"product_tag-figuros","23":"product_tag-gift","24":"product_tag-masinos-aksesuarai","25":"product_tag-miestas","26":"product_tag-mini-puzzles","27":"product_tag-puzzles","28":"product_tag-regular-sale","29":"product_tag-transporto-priemones","30":"product_tag-vaizduotei","32":"first","33":"instock","34":"taxable","35":"shipping-taxable","36":"product-type-simple"},"jetpack_sharing_enabled":true,"_links":{"self":[{"href":"https:\/\/b2b.mideer.lt\/lv\/wp-json\/wp\/v2\/product\/462"}],"collection":[{"href":"https:\/\/b2b.mideer.lt\/lv\/wp-json\/wp\/v2\/product"}],"about":[{"href":"https:\/\/b2b.mideer.lt\/lv\/wp-json\/wp\/v2\/types\/product"}],"wp:featuredmedia":[{"embeddable":true,"href":"https:\/\/b2b.mideer.lt\/lv\/wp-json\/wp\/v2\/media\/2531"}],"wp:attachment":[{"href":"https:\/\/b2b.mideer.lt\/lv\/wp-json\/wp\/v2\/media?parent=462"}],"wp:term":[{"taxonomy":"product_brand","embeddable":true,"href":"https:\/\/b2b.mideer.lt\/lv\/wp-json\/wp\/v2\/product_brand?post=462"},{"taxonomy":"product_cat","embeddable":true,"href":"https:\/\/b2b.mideer.lt\/lv\/wp-json\/wp\/v2\/product_cat?post=462"},{"taxonomy":"product_tag","embeddable":true,"href":"https:\/\/b2b.mideer.lt\/lv\/wp-json\/wp\/v2\/product_tag?post=462"}],"curies":[{"name":"wp","href":"https:\/\/api.w.org\/{rel}","templated":true}]}}