{"id":459,"date":"2024-08-02T08:37:13","date_gmt":"2024-08-02T08:37:13","guid":{"rendered":"https:\/\/b2b.mideer.lt\/?post_type=product&#038;p=459"},"modified":"2026-04-03T07:30:58","modified_gmt":"2026-04-03T07:30:58","slug":"magnetic-tangram","status":"publish","type":"product","link":"https:\/\/b2b.mideer.lt\/lv\/product\/magnetic-tangram\/","title":{"rendered":"Mini konstruktors"},"content":{"rendered":"<div class=\"richTextContainer text-align-left\" dir=\"auto\" data-mce-fragment=\"1\">\n<p data-sourcepos=\"3:1-3:61\">Magn\u0113tiskais konstruktors - Tangrama ir univers\u0101la puzle b\u0113rniem no 3 gadu vecuma. Pateicoties sp\u0113c\u012bgajiem magn\u0113tiskajiem savienojumiem, \u0161\u012b izgl\u012btojo\u0161\u0101 rota\u013clieta \u013cauj veidot gan plakanas, gan 3D konstrukcijas. Veicinot telpisko dom\u0101\u0161anu un probl\u0113mu risin\u0101\u0161anas prasmes, t\u0101 pied\u0101v\u0101 bezgal\u012bgas iesp\u0113jas m\u0101c\u012bties rota\u013c\u0101joties. Iegremd\u0113jiet sevi \u0123eometrijas izp\u0113t\u0113 un rakstu veido\u0161an\u0101, jautr\u0101 veid\u0101 stimul\u0113jot kognit\u012bvo att\u012bst\u012bbu.<\/p>\n<ul>\n<li data-sourcepos=\"5:1-8:13\"><strong>Am\u017eius:<\/strong> 3+<\/li>\n<li data-sourcepos=\"5:1-8:13\"><strong>D\u0117\u017eut\u0117s matmenys:<\/strong> 12 cm x 15 cm x 3,2 cm<\/li>\n<li data-sourcepos=\"5:1-8:13\"><strong>Ietver:<\/strong>1 smil\u0161u pulkstenis, 1 lieto\u0161anas pam\u0101c\u012bba<\/li>\n<li data-sourcepos=\"5:1-8:13\"><strong>Materi\u0101ls:<\/strong>ABS<\/li>\n<\/ul>\n<\/div>","protected":false},"excerpt":{"rendered":"<p>Magnetinis konstruktorius &#8211; Tangrama \u2013 tai universalus galvos\u016bkis, skirtas vaikams nuo 3 met\u0173. D\u0117l stipri\u0173 magnetini\u0173 jung\u010di\u0173 \u0161is edukacinis \u017eaislas leid\u017eia kurti tiek plok\u0161\u010dias, tiek 3D konstrukcijas. Skatindamas erdvin\u012f m\u0105stym\u0105 ir problem\u0173 sprendimo \u012fg\u016bd\u017eius, jis si\u016blo begalines mokymosi per \u017eaidim\u0105 galimybes. Pasinerkite \u012f geometrijos tyrin\u0117jim\u0105 ir ra\u0161t\u0173 k\u016brim\u0105,skatindami pa\u017eintin\u012f vystym\u0105si maloniai. Am\u017eius: 3+ D\u0117\u017eut\u0117s matmenys: 12 cm x 15 cm x 3,2 cm \u012e komplekt\u0105 \u012feina:1 sm\u0117lio laikrodis, 1 naudojimo instrukcija Med\u017eiaga:ABS<\/p>","protected":false},"featured_media":2514,"template":"","meta":[],"product_brand":[],"product_cat":[272,277],"product_tag":[16,17,32,123,20,124,21,25,22],"class_list":{"0":"post-459","1":"product","2":"type-product","3":"status-publish","4":"has-post-thumbnail","6":"product_cat-kaledines-dovanos","7":"product_cat-smart-products-filter-index-do-not-delete","8":"product_tag-age-3-4-years","9":"product_tag-age-5-6-years","10":"product_tag-building-blocks","11":"product_tag-early-learning-toys","12":"product_tag-gift","13":"product_tag-magnetic-tiles","14":"product_tag-more-toys-games","15":"product_tag-new-arrivals","16":"product_tag-regular-sale","18":"first","19":"outofstock","20":"taxable","21":"shipping-taxable","22":"product-type-simple"},"jetpack_sharing_enabled":true,"_links":{"self":[{"href":"https:\/\/b2b.mideer.lt\/lv\/wp-json\/wp\/v2\/product\/459"}],"collection":[{"href":"https:\/\/b2b.mideer.lt\/lv\/wp-json\/wp\/v2\/product"}],"about":[{"href":"https:\/\/b2b.mideer.lt\/lv\/wp-json\/wp\/v2\/types\/product"}],"wp:featuredmedia":[{"embeddable":true,"href":"https:\/\/b2b.mideer.lt\/lv\/wp-json\/wp\/v2\/media\/2514"}],"wp:attachment":[{"href":"https:\/\/b2b.mideer.lt\/lv\/wp-json\/wp\/v2\/media?parent=459"}],"wp:term":[{"taxonomy":"product_brand","embeddable":true,"href":"https:\/\/b2b.mideer.lt\/lv\/wp-json\/wp\/v2\/product_brand?post=459"},{"taxonomy":"product_cat","embeddable":true,"href":"https:\/\/b2b.mideer.lt\/lv\/wp-json\/wp\/v2\/product_cat?post=459"},{"taxonomy":"product_tag","embeddable":true,"href":"https:\/\/b2b.mideer.lt\/lv\/wp-json\/wp\/v2\/product_tag?post=459"}],"curies":[{"name":"wp","href":"https:\/\/api.w.org\/{rel}","templated":true}]}}