{"id":4557,"date":"2024-08-29T16:29:27","date_gmt":"2024-08-29T16:29:27","guid":{"rendered":"https:\/\/b2b.mideer.lt\/product\/artist-pen-pouch-pink-bunny\/"},"modified":"2026-04-04T07:31:26","modified_gmt":"2026-04-04T07:31:26","slug":"artist-pen-pouch-pink-bunny","status":"publish","type":"product","link":"https:\/\/b2b.mideer.lt\/lv\/product\/artist-pen-pouch-pink-bunny\/","title":{"rendered":"Duplex pen\u0101lis: roz\u0101 trusis"},"content":{"rendered":"<div class=\"richTextContainer\" data-mce-fragment=\"1\">\n<p class=\"first-token\" data-sourcepos=\"1:1-1:14\">\u0160is mideer atv\u0101\u017eamais dubultais pen\u0101lis ir ietilp\u012bgs pen\u0101lis un p\u0101rn\u0113s\u0101jama m\u0101kslas darbstacija, kas ir ide\u0101li piem\u0113rots topo\u0161ajiem m\u0101ksliniekiem. Tas ir izgatavots no \u016bdensnecaurlaid\u012bga un pret traipiem notur\u012bga materi\u0101la, t\u0101p\u0113c tas var iztur\u0113t rado\u0161us iz\u0161\u013cakst\u012bjumus. Iek\u0161pus\u0113 p\u0101rdom\u0101t\u0101 izk\u0101rtojuma organiz\u0101cija pal\u012bdz gl\u012bti uzglab\u0101t m\u0101kslas piederumus un veicina k\u0101rt\u012bbu.<\/p>\n<p data-sourcepos=\"3:1-3:172\">\u0160is burv\u012bgais futr\u0101lis, ko izstr\u0101d\u0101ju\u0161i jauni m\u0101kslinieki, apvieno funkcionalit\u0101ti un burv\u012bgu est\u0113tiku.<\/p>\n<ul>\n<li data-sourcepos=\"5:1-7:28\"><strong>Am\u017eius:<\/strong> 3+<\/li>\n<li data-sourcepos=\"5:1-7:28\"><strong>Izm\u0113ri:<\/strong> 18 cm x 9,5 cm x 2,5 cm<\/li>\n<\/ul>\n<\/div>","protected":false},"excerpt":{"rendered":"<p>\u0160is mideer atv\u0101\u017eamais dubultais pen\u0101lis ir ietilp\u012bgs pen\u0101lis un p\u0101rn\u0113s\u0101jama m\u0101kslas darbstacija, kas ir ide\u0101li piem\u0113rots topo\u0161ajiem m\u0101ksliniekiem. Tas ir izgatavots no \u016bdensnecaurlaid\u012bga un pret traipiem notur\u012bga materi\u0101la, t\u0101p\u0113c tas var iztur\u0113t rado\u0161us iz\u0161\u013cakst\u012bjumus. Iek\u0161pus\u0113 p\u0101rdom\u0101t\u0101 izk\u0101rtojuma organiz\u0101cija pal\u012bdz gl\u012bti uzglab\u0101t m\u0101kslas piederumus un veicina k\u0101rt\u012bbu. \u0160is burv\u012bgais koferis, kas paredz\u0113ts jaunajiem m\u0101ksliniekiem, apvieno funkcionalit\u0101ti ar burv\u012bgu est\u0113tiku. Vecums: 3+ Izm\u0113ri: 18 cm x 9,5 cm x 2,5 cm<\/p>","protected":false},"featured_media":1356,"template":"","meta":[],"product_brand":[],"product_cat":[280,254,255],"product_tag":[16,17,18,27,24,36,22,39,108],"class_list":{"0":"post-4557","1":"product","2":"type-product","3":"status-publish","4":"has-post-thumbnail","6":"product_cat-akcija","7":"product_cat-mokyklos-reikmenys","8":"product_cat-naujienos","9":"product_tag-age-3-4-years","10":"product_tag-age-5-6-years","11":"product_tag-age-6-years","12":"product_tag-arts-crafts","13":"product_tag-bf-presale","14":"product_tag-kol-koc","15":"product_tag-regular-sale","16":"product_tag-school-supplies","17":"product_tag-singles-day","19":"first","20":"instock","21":"taxable","22":"shipping-taxable","23":"product-type-simple"},"jetpack_sharing_enabled":true,"_links":{"self":[{"href":"https:\/\/b2b.mideer.lt\/lv\/wp-json\/wp\/v2\/product\/4557"}],"collection":[{"href":"https:\/\/b2b.mideer.lt\/lv\/wp-json\/wp\/v2\/product"}],"about":[{"href":"https:\/\/b2b.mideer.lt\/lv\/wp-json\/wp\/v2\/types\/product"}],"wp:featuredmedia":[{"embeddable":true,"href":"https:\/\/b2b.mideer.lt\/lv\/wp-json\/wp\/v2\/media\/1356"}],"wp:attachment":[{"href":"https:\/\/b2b.mideer.lt\/lv\/wp-json\/wp\/v2\/media?parent=4557"}],"wp:term":[{"taxonomy":"product_brand","embeddable":true,"href":"https:\/\/b2b.mideer.lt\/lv\/wp-json\/wp\/v2\/product_brand?post=4557"},{"taxonomy":"product_cat","embeddable":true,"href":"https:\/\/b2b.mideer.lt\/lv\/wp-json\/wp\/v2\/product_cat?post=4557"},{"taxonomy":"product_tag","embeddable":true,"href":"https:\/\/b2b.mideer.lt\/lv\/wp-json\/wp\/v2\/product_tag?post=4557"}],"curies":[{"name":"wp","href":"https:\/\/api.w.org\/{rel}","templated":true}]}}