{"id":4554,"date":"2024-08-29T16:29:24","date_gmt":"2024-08-29T16:29:24","guid":{"rendered":"https:\/\/b2b.mideer.lt\/product\/drawing-coloring-book-girl\/"},"modified":"2026-04-15T22:03:12","modified_gmt":"2026-04-15T22:03:12","slug":"drawing-coloring-book-girl","status":"publish","type":"product","link":"https:\/\/b2b.mideer.lt\/lv\/product\/drawing-coloring-book-girl\/","title":{"rendered":"Liela z\u012bm\u0113\u0161anas gr\u0101mata Roz\u0101 kr\u0101s\u0101"},"content":{"rendered":"<p class=\"first-token\" data-sourcepos=\"1:1-1:12\"><strong>\u0160\u012b Mideer liel\u0101 z\u012bm\u0113\u0161anas gr\u0101mata ir ide\u0101li piem\u0113rota j\u016bsu mazulim!<\/strong> Tas ir detaliz\u0113ts un rota\u013c\u012bgs, izgatavots no bieza, augstas kvalit\u0101tes pap\u012bra un \u0113rts ce\u013co\u0161anai. Tas pal\u012bdz\u0113s j\u016bsu b\u0113rnam att\u012bst\u012bt rado\u0161umu un motoriku. Ieg\u0101d\u0101jieties \u0161o kr\u0101sojamo gr\u0101matu un \u013caujiet savam b\u0113rnam izbaud\u012bt kr\u0101so\u0161anu stund\u0101m ilgi!<\/p>\n<p data-sourcepos=\"3:1-3:11\">\u0160aj\u0101 roz\u0101 burbu\u013cu tematikas gr\u0101mat\u0101 ir 80 br\u012bni\u0161\u0137\u012bgi dizaini, tostarp ziedi, dz\u012bvnieki, deserti, d\u0101vanas, aug\u013ci, n\u0101ras un daudz kas cits.<\/p>\n<ul>\n<li data-sourcepos=\"5:1-7:19\"><strong>Am\u017eius:<\/strong> 3+<\/li>\n<li data-sourcepos=\"5:1-7:19\"><strong>Izm\u0113ri:<\/strong> 23 cm x 25 cm x 1 cm<\/li>\n<li data-sourcepos=\"5:1-7:19\"><strong>Materi\u0101ls:<\/strong> pap\u012brs<\/li>\n<\/ul>","protected":false},"excerpt":{"rendered":"<p>\u0160i Mideer didel\u0117 pie\u0161imo knyga puikiai tinka j\u016bs\u0173 ma\u017eyliui! Ji detali ir \u017eaisminga, pagaminta i\u0161 storo kokybi\u0161ko popieriaus, patogi keliaujant. Be to, ji pad\u0117s j\u016bs\u0173 vaikui lavinti k\u016brybi\u0161kum\u0105 ir motorinius \u012fg\u016bd\u017eius. \u012esigykite \u0161i\u0105 spalvinimo knyg\u0105 ir leiskite savo vaikui m\u0117gautis spalvinimu valand\u0173 valandas! \u0160i ro\u017ein\u0117s spalvos burbul\u0173 tematikos knyga si\u016blo 80 nuostabi\u0173 dizain\u0173, \u012fskaitant g\u0117les, gyv\u016bnus, desertus, dovanas, vaisius, undines ir daug daugiau. Am\u017eius: 3+ Matmenys: 23 cm x 25 cm x 1 cm Med\u017eiaga: popierius<\/p>","protected":false},"featured_media":1851,"template":"","meta":[],"product_brand":[],"product_cat":[250,255,267],"product_tag":[16,27,40,145,85,22,23],"class_list":{"0":"post-4554","1":"product","2":"type-product","3":"status-publish","4":"has-post-thumbnail","6":"product_cat-menai-ir-kurybiniai-uzsiemimai","7":"product_cat-naujienos","8":"product_cat-spalvinimo-knygeles","9":"product_tag-age-3-4-years","10":"product_tag-arts-crafts","11":"product_tag-best-sellers","12":"product_tag-coloring-rolls-books","13":"product_tag-for-girls","14":"product_tag-regular-sale","15":"product_tag-test","17":"first","18":"instock","19":"taxable","20":"shipping-taxable","21":"product-type-simple"},"jetpack_sharing_enabled":true,"_links":{"self":[{"href":"https:\/\/b2b.mideer.lt\/lv\/wp-json\/wp\/v2\/product\/4554"}],"collection":[{"href":"https:\/\/b2b.mideer.lt\/lv\/wp-json\/wp\/v2\/product"}],"about":[{"href":"https:\/\/b2b.mideer.lt\/lv\/wp-json\/wp\/v2\/types\/product"}],"wp:featuredmedia":[{"embeddable":true,"href":"https:\/\/b2b.mideer.lt\/lv\/wp-json\/wp\/v2\/media\/1851"}],"wp:attachment":[{"href":"https:\/\/b2b.mideer.lt\/lv\/wp-json\/wp\/v2\/media?parent=4554"}],"wp:term":[{"taxonomy":"product_brand","embeddable":true,"href":"https:\/\/b2b.mideer.lt\/lv\/wp-json\/wp\/v2\/product_brand?post=4554"},{"taxonomy":"product_cat","embeddable":true,"href":"https:\/\/b2b.mideer.lt\/lv\/wp-json\/wp\/v2\/product_cat?post=4554"},{"taxonomy":"product_tag","embeddable":true,"href":"https:\/\/b2b.mideer.lt\/lv\/wp-json\/wp\/v2\/product_tag?post=4554"}],"curies":[{"name":"wp","href":"https:\/\/api.w.org\/{rel}","templated":true}]}}