{"id":4550,"date":"2024-08-29T16:29:18","date_gmt":"2024-08-29T16:29:18","guid":{"rendered":"https:\/\/b2b.mideer.lt\/product\/first-coloring-book-animal-friends\/"},"modified":"2026-01-22T11:56:38","modified_gmt":"2026-01-22T11:56:38","slug":"first-coloring-book-animal-friends","status":"publish","type":"product","link":"https:\/\/b2b.mideer.lt\/lv\/product\/first-coloring-book-animal-friends\/","title":{"rendered":"Kr\u0101sojam\u0101 gr\u0101mata - Dz\u012bvnieku draugi"},"content":{"rendered":"<p data-sourcepos=\"3:1-3:69\">Laipni l\u016bgti kr\u0101so\u0161anas pasaul\u0113! \u0160\u012b mideer kr\u0101sojamo gr\u0101matu s\u0113rija ir tie\u0161i tas, kas nepiecie\u0161ams jums un j\u016bsu b\u0113rniem. Lieli bloku z\u012bm\u0113jumi, kas paredz\u0113ti mazajiem. Katr\u0101 gr\u0101mat\u0101 ir 40 lappuses uz bieza pap\u012bra lap\u0101m, un \u0161\u012bs gr\u0101matas ir notur\u012bgas pret tinti. Izkr\u0101so\u0161ana ir iesp\u0113jama ar da\u017e\u0101diem kr\u0101so\u0161anas r\u012bkiem.<\/p>\n<p data-sourcepos=\"5:1-5:22\">\u0160\u012b dz\u012bvnieku gr\u0101mata pal\u012bdz b\u0113rniem atpaz\u012bt da\u017e\u0101dus priek\u0161metu veidus. M\u0113s m\u0101c\u0101mies par dz\u012bvniekiem! E\u017ei, govis, va\u013ci...<\/p>\n<ul>\n<li data-sourcepos=\"7:1-9:19\"><strong>Am\u017eius:<\/strong> 1,5+<\/li>\n<li data-sourcepos=\"7:1-9:19\"><strong>Izm\u0113ri:<\/strong> 27,61 cm x 25,50 cm x 0,51 cm<\/li>\n<li data-sourcepos=\"7:1-9:19\"><strong>Materi\u0101ls:<\/strong> pap\u012brs<\/li>\n<\/ul>","protected":false},"excerpt":{"rendered":"<p>Sveiki atvyk\u0119 \u012f spalvinimo pasaul\u012f! \u0160i mideer spalvinimo knyg\u0173 serija yra tai, ko reikia jums ir j\u016bs\u0173 vaikams. Dideli blokiniai pie\u0161iniai, sukurti ma\u017eiesiems. Kiekvienoje knygoje yra 40 puslapi\u0173 storo popieriaus pei\u0161ini\u0173 ir \u0161ios knygos yra nepralaid\u017eios ra\u0161alui. Spalvinti galima su \u012fvairiomis spalvinimo priemon\u0117mis. \u0160i knyga su gyv\u016bnais padeda vaikams atpa\u017einti \u012fvairius objekt\u0173 tipus. Mokom\u0117s apie gyv\u016bnus! E\u017eiai, karv\u0117s, banginiai&#8230; Am\u017eius: 1,5+ Matmenys: 27.61 cm x 25.50 cm x 0.51 cm Med\u017eiaga: popierius<\/p>","protected":false},"featured_media":1886,"template":"","meta":[],"product_brand":[],"product_cat":[255,267],"product_tag":[18,62,27,145,22],"class_list":{"0":"post-4550","1":"product","2":"type-product","3":"status-publish","4":"has-post-thumbnail","6":"product_cat-naujienos","7":"product_cat-spalvinimo-knygeles","8":"product_tag-age-6-years","9":"product_tag-animals-nature","10":"product_tag-arts-crafts","11":"product_tag-coloring-rolls-books","12":"product_tag-regular-sale","14":"first","15":"outofstock","16":"taxable","17":"shipping-taxable","18":"product-type-simple"},"jetpack_sharing_enabled":true,"_links":{"self":[{"href":"https:\/\/b2b.mideer.lt\/lv\/wp-json\/wp\/v2\/product\/4550"}],"collection":[{"href":"https:\/\/b2b.mideer.lt\/lv\/wp-json\/wp\/v2\/product"}],"about":[{"href":"https:\/\/b2b.mideer.lt\/lv\/wp-json\/wp\/v2\/types\/product"}],"wp:featuredmedia":[{"embeddable":true,"href":"https:\/\/b2b.mideer.lt\/lv\/wp-json\/wp\/v2\/media\/1886"}],"wp:attachment":[{"href":"https:\/\/b2b.mideer.lt\/lv\/wp-json\/wp\/v2\/media?parent=4550"}],"wp:term":[{"taxonomy":"product_brand","embeddable":true,"href":"https:\/\/b2b.mideer.lt\/lv\/wp-json\/wp\/v2\/product_brand?post=4550"},{"taxonomy":"product_cat","embeddable":true,"href":"https:\/\/b2b.mideer.lt\/lv\/wp-json\/wp\/v2\/product_cat?post=4550"},{"taxonomy":"product_tag","embeddable":true,"href":"https:\/\/b2b.mideer.lt\/lv\/wp-json\/wp\/v2\/product_tag?post=4550"}],"curies":[{"name":"wp","href":"https:\/\/api.w.org\/{rel}","templated":true}]}}