{"id":4548,"date":"2024-08-29T16:29:17","date_gmt":"2024-08-29T16:29:17","guid":{"rendered":"https:\/\/b2b.mideer.lt\/product\/vaikiskos-zirkles\/"},"modified":"2026-04-15T07:32:17","modified_gmt":"2026-04-15T07:32:17","slug":"vaikiskos-zirkles","status":"publish","type":"product","link":"https:\/\/b2b.mideer.lt\/lv\/product\/vaikiskos-zirkles\/","title":{"rendered":"B\u0113rnu \u0161\u0137\u0113res"},"content":{"rendered":"<p>Mideer \u0161\u0137\u0113res ar strupu galu pal\u012bdz b\u0113rnam dro\u0161i rad\u012bt un sp\u0113l\u0113ties. \u0160\u012bs \u0161\u0137\u0113res ir \u012bpa\u0161i izstr\u0101d\u0101tas b\u0113rniem, lai mazin\u0101tu visus ar \u0161\u0137\u0113r\u0113m saist\u012btos apdraud\u0113jumus.<\/p>\n<p data-sourcepos=\"5:1-5:27\">\u0160\u0137\u0113res ar ner\u016bs\u0113jo\u0161\u0101 t\u0113rauda asme\u0146iem ner\u016bs\u0113, un \u0161ie asme\u0146i ir lielisks instruments dro\u0161ai grie\u0161anai.<\/p>\n<p data-sourcepos=\"7:1-7:8\">Apa\u013ci strupi, plati, biezi asme\u0146i - gludi, apa\u013ci rokturi ar autom\u0101tisk\u0101 atl\u0113ciena funkciju padara tos par ide\u0101lu m\u0101kslas un amatniec\u012bbas r\u012bku b\u0113rniem.<\/p>\n<p data-sourcepos=\"9:1-9:156\">Mideer b\u0113rnu \u0161\u0137\u0113res ir lieliska d\u0101vana un r\u012bks mazajiem m\u0101ksliniekiem no 3 gadu vecuma.<\/p>\n<ul>\n<li data-sourcepos=\"11:1-11:78\"><strong>Am\u017eius:<\/strong> 3+<\/li>\n<li data-sourcepos=\"11:1-11:78\"><strong>Izm\u0113ri:<\/strong> 13\u00d75,8 cm<\/li>\n<li data-sourcepos=\"11:1-11:78\"><strong>Materi\u0101ls:<\/strong> pret koroziju iztur\u012bgs t\u0113rauds<\/li>\n<\/ul>\n<p>&nbsp;<\/p>","protected":false},"excerpt":{"rendered":"<p>Mideer \u017eirkl\u0117s buku galu padeda j\u016bs\u0173 vaikui saugiai kurti ir \u017eaisti. \u0160ios \u017eirkl\u0117s specialiai sukurtos vaikams, kad b\u016bt\u0173 kuo labiau suma\u017einti visi su \u017eirkli\u0173 naudojimu susij\u0119 pavojai. \u017dirkl\u0117s su ner\u016bdijan\u010dio plieno a\u0161menimis ner\u016bdija, o \u0161ie a\u0161menys yra puikus \u012frankis saugiam kirpimui. Bukas apvalus galas &#8211; plat\u016bs ir stori a\u0161menys &#8211; lygios, apvalios rankenos su automatinio at\u0161okimo funkcija daro jas puikiu meno ir rankdarbi\u0173 \u012frankiu vaikams. Mideer vaik\u0173 \u017eirkl\u0117s yra puiki dovana ir \u012frankis ma\u017eiesiems menininkams nuo 3 met\u0173 am\u017eiaus. Am\u017eius: 3+ Matmenys: 13&#215;5,8cm Med\u017eiaga: ner\u016bdyjantis plienas &nbsp;<\/p>","protected":false},"featured_media":4584,"template":"","meta":[],"product_brand":[],"product_cat":[254,255],"product_tag":[],"class_list":{"0":"post-4548","1":"product","2":"type-product","3":"status-publish","4":"has-post-thumbnail","6":"product_cat-mokyklos-reikmenys","7":"product_cat-naujienos","9":"first","10":"outofstock","11":"taxable","12":"shipping-taxable","13":"product-type-simple"},"jetpack_sharing_enabled":true,"_links":{"self":[{"href":"https:\/\/b2b.mideer.lt\/lv\/wp-json\/wp\/v2\/product\/4548"}],"collection":[{"href":"https:\/\/b2b.mideer.lt\/lv\/wp-json\/wp\/v2\/product"}],"about":[{"href":"https:\/\/b2b.mideer.lt\/lv\/wp-json\/wp\/v2\/types\/product"}],"wp:featuredmedia":[{"embeddable":true,"href":"https:\/\/b2b.mideer.lt\/lv\/wp-json\/wp\/v2\/media\/4584"}],"wp:attachment":[{"href":"https:\/\/b2b.mideer.lt\/lv\/wp-json\/wp\/v2\/media?parent=4548"}],"wp:term":[{"taxonomy":"product_brand","embeddable":true,"href":"https:\/\/b2b.mideer.lt\/lv\/wp-json\/wp\/v2\/product_brand?post=4548"},{"taxonomy":"product_cat","embeddable":true,"href":"https:\/\/b2b.mideer.lt\/lv\/wp-json\/wp\/v2\/product_cat?post=4548"},{"taxonomy":"product_tag","embeddable":true,"href":"https:\/\/b2b.mideer.lt\/lv\/wp-json\/wp\/v2\/product_tag?post=4548"}],"curies":[{"name":"wp","href":"https:\/\/api.w.org\/{rel}","templated":true}]}}