{"id":4540,"date":"2024-08-29T16:29:08","date_gmt":"2024-08-29T16:29:08","guid":{"rendered":"https:\/\/b2b.mideer.lt\/product\/miksuota-uzduociu-knyga-level-3\/"},"modified":"2026-04-05T07:32:19","modified_gmt":"2026-04-05T07:32:19","slug":"miksuota-uzduociu-knyga-level-3","status":"publish","type":"product","link":"https:\/\/b2b.mideer.lt\/lv\/product\/miksuota-uzduociu-knyga-level-3\/","title":{"rendered":"3. l\u012bmenis - rado\u0161ie projekti"},"content":{"rendered":"<div data-mce-fragment=\"1\">\n<p data-sourcepos=\"3:1-3:127\">\u0160\u012b ir rado\u0161uma un smalk\u0101s motorikas aktivit\u0101\u0161u s\u0113rija b\u0113rniem. Kolekciju veido piecas t\u0113mas: origami, pap\u012bra izgriezumi, uzl\u012bmes, kr\u0101so\u0161ana un kombin\u0113tie darbi. Katrai t\u0113mai ir tr\u012bs l\u012bme\u0146i - no ies\u0101c\u0113ja l\u012bdz pieredz\u0113ju\u0161ajam.<\/p>\n<p data-sourcepos=\"5:1-5:66\">B\u0113rni var izv\u0113l\u0113ties sev interes\u0113jo\u0161u t\u0113mu un s\u0101kt ar 1. l\u012bme\u0146a gr\u0101matu, lai apg\u016btu pamatus. Turpinot apg\u016bt prasmes, vi\u0146i var p\u0101riet pie sare\u017e\u0123\u012bt\u0101k\u0101m 2. un 3. l\u012bme\u0146a metod\u0113m. Da\u017e\u0101das aktivit\u0101tes - loc\u012b\u0161ana, grie\u0161ana, l\u012bm\u0113\u0161ana un kr\u0101so\u0161ana - \u013cauj b\u0113rniem m\u0101c\u012bties un att\u012bst\u012bties sav\u0101 temp\u0101, vienlaikus jautri pavadot laiku, radot m\u0101kslu.<\/p>\n<p data-sourcepos=\"3:1-3:31\"><strong>Detaliz\u0113ti rado\u0161ie projekti<\/strong>apvienot da\u017e\u0101das apg\u016bt\u0101s prasmes:<\/p>\n<ul data-sourcepos=\"5:1-5:22\">\n<li data-sourcepos=\"5:1-5:22\">\n<p class=\"\" data-sourcepos=\"5:3-5:266\"><strong class=\"\">1. l\u012bmenis (3+ gadi)<\/strong>: Koncentr\u0113jas uz rokdarbu pamattehnik\u0101m, lai s\u0101ktu veidot pamatprasmes.<\/p>\n<\/li>\n<li data-sourcepos=\"7:1-7:262\">\n<p data-sourcepos=\"7:3-7:262\"><strong>2. l\u012bmenis (4+ gadi)<\/strong>: Palielina sare\u017e\u0123\u012bt\u012bbu ar bag\u0101t\u0101kiem mode\u013ciem un jaunu rado\u0161u uzdevumu ievie\u0161anu.<\/p>\n<\/li>\n<li data-sourcepos=\"9:1-10:0\">\n<p data-sourcepos=\"9:3-9:338\"><strong>3. l\u012bmenis (5+ gadi)<\/strong>: Iesaista b\u0113rnus rado\u0161\u0101s kombin\u0101cij\u0101s un sare\u017e\u0123\u012btu projektu \u012bsteno\u0161an\u0101, kas veicina inovat\u012bvu dom\u0101\u0161anu un probl\u0113mu risin\u0101\u0161anu.<\/p>\n<\/li>\n<\/ul>\n<ul data-sourcepos=\"15:1-16:34\">\n<li data-sourcepos=\"15:1-15:20\"><strong>Am\u017eius:<\/strong> 4+<\/li>\n<li data-sourcepos=\"16:1-16:34\"><strong>D\u0117\u017eut\u0117s matmenys:<\/strong> 21,7 x 14,6 x 0,9 cm<\/li>\n<li data-sourcepos=\"17:1-17:118\"><strong>Komplekt\u0101 ietilpst:<\/strong> 50 kr\u0101sojam\u0101 pap\u012bra lapas, 1 balvas uzl\u012bme, 1 sertifik\u0101ts<\/li>\n<li data-sourcepos=\"18:1-18:21\"><strong>Materi\u0101ls:<\/strong> pap\u012brs<\/li>\n<\/ul>\n<\/div>","protected":false},"excerpt":{"rendered":"<p>Tai k\u016brybi\u0161kum\u0105 ir smuki\u0105j\u0105 motorik\u0105 ugdan\u010di\u0173 u\u017eduo\u010di\u0173 serija vaikams. Kolekcij\u0105 sudaro penkios temos: origami, popieriaus karpiniai, lipdukai, spalvinimas ir kombinuoti k\u016briniai. Kiekviena tema turi tris lygius \u2013 nuo pradedan\u010di\u0173j\u0173 iki pa\u017eengusi\u0173j\u0173. Vaikai gali pasirinkti juos dominan\u010di\u0105 tem\u0105 ir prad\u0117ti nuo 1 lygio knygos, kad \u012fvaldyt\u0173 pagrindus. Toliau tobul\u0117dami, jie gali pereiti prie sud\u0117tingesni\u0173 2 ir 3 lygio technik\u0173. \u012evairios veiklos \u2013 lankstymas, kirpimas, lipdymas ir spalvinimas \u2013 leid\u017eia vaikams mokytis ir tobul\u0117ti savo tempu, tuo pa\u010diu linksmai kuriant men\u0105. I\u0161sam\u016bs k\u016brybiniai projektai, jungiantys \u012fvairius i\u0161moktus \u012fg\u016bd\u017eius: 1 lygis (3+ m.): Susitelkia \u012f pagrindines rankdarbi\u0173 technikas, kad prad\u0117t\u0173 kurti pagrindinius \u012fg\u016bd\u017eius. 2 lygis (4+ m.): Padidina sud\u0117tingum\u0105 su turtingesniais ra\u0161tais ir \u012fvedant naujas k\u016brybines u\u017eduotis. 3 lygis (5+ m.): \u012etraukia vaikus \u012f k\u016brybinius derinius ir sud\u0117tingus projekt\u0173 u\u017ebaigimus, kurie stimuliuoja novatori\u0161k\u0105 m\u0105stym\u0105 ir problem\u0173 sprendim\u0105. Am\u017eius: 4+ D\u0117\u017eut\u0117s matmenys: 21,7 x 14,6 x 0,9 cm Rinkinyje yra: 50 spalvinimo popieriaus lap\u0173, 1 apdovanojimo lipdukas, 1 sertifikatas Med\u017eiaga: popierius<\/p>","protected":false},"featured_media":4578,"template":"","meta":[],"product_brand":[],"product_cat":[245,255],"product_tag":[16,27,40,28,36,25,22,108],"class_list":{"0":"post-4540","1":"product","2":"type-product","3":"status-publish","4":"has-post-thumbnail","6":"product_cat-kurybiniu-uzduociu-knygeles","7":"product_cat-naujienos","8":"product_tag-age-3-4-years","9":"product_tag-arts-crafts","10":"product_tag-best-sellers","11":"product_tag-diy","12":"product_tag-kol-koc","13":"product_tag-new-arrivals","14":"product_tag-regular-sale","15":"product_tag-singles-day","17":"first","18":"instock","19":"taxable","20":"shipping-taxable","21":"product-type-simple"},"jetpack_sharing_enabled":true,"_links":{"self":[{"href":"https:\/\/b2b.mideer.lt\/lv\/wp-json\/wp\/v2\/product\/4540"}],"collection":[{"href":"https:\/\/b2b.mideer.lt\/lv\/wp-json\/wp\/v2\/product"}],"about":[{"href":"https:\/\/b2b.mideer.lt\/lv\/wp-json\/wp\/v2\/types\/product"}],"wp:featuredmedia":[{"embeddable":true,"href":"https:\/\/b2b.mideer.lt\/lv\/wp-json\/wp\/v2\/media\/4578"}],"wp:attachment":[{"href":"https:\/\/b2b.mideer.lt\/lv\/wp-json\/wp\/v2\/media?parent=4540"}],"wp:term":[{"taxonomy":"product_brand","embeddable":true,"href":"https:\/\/b2b.mideer.lt\/lv\/wp-json\/wp\/v2\/product_brand?post=4540"},{"taxonomy":"product_cat","embeddable":true,"href":"https:\/\/b2b.mideer.lt\/lv\/wp-json\/wp\/v2\/product_cat?post=4540"},{"taxonomy":"product_tag","embeddable":true,"href":"https:\/\/b2b.mideer.lt\/lv\/wp-json\/wp\/v2\/product_tag?post=4540"}],"curies":[{"name":"wp","href":"https:\/\/api.w.org\/{rel}","templated":true}]}}