{"id":4535,"date":"2024-08-29T16:29:03","date_gmt":"2024-08-29T16:29:03","guid":{"rendered":"https:\/\/b2b.mideer.lt\/product\/dvipusiai-nuplaunami-markeriai-flomasteriai-12-spalvu-copy\/"},"modified":"2026-04-22T08:03:01","modified_gmt":"2026-04-22T08:03:01","slug":"dvipusiai-nuplaunami-markeriai-flomasteriai-12-spalvu-copy","status":"publish","type":"product","link":"https:\/\/b2b.mideer.lt\/lv\/product\/dvipusiai-nuplaunami-markeriai-flomasteriai-12-spalvu-copy\/","title":{"rendered":"Divpus\u0113ji mazg\u0101jamie mar\u0137ieri \/ flom\u0101steri - 24 kr\u0101sas"},"content":{"rendered":"<p><strong>Mideer abpus\u0113ji mazg\u0101jams mar\u0137ieris \/ mar\u0137ierspalva<\/strong> ir daudzpus\u012bgs un b\u0113rniem draudz\u012bgs z\u012bm\u0113\u0161anas r\u012bks, kas paredz\u0113ts, lai atrais\u012btu rado\u0161umu bez nek\u0101rt\u012bb\u0101m. \u0160is mar\u0137ieris ir ide\u0101li piem\u0113rots topo\u0161ajiem m\u0101ksliniekiem, jo tam ir inovat\u012bvs dizains, kas piem\u0113rots gan detaliz\u0113tai m\u0101kslai, gan drosm\u012bgiem, izteiksm\u012bgiem z\u012bm\u0113jumiem.<\/p>\n<ul>\n<li><strong>Dubult\u0101 sprausla -<\/strong> Katram mar\u0137ierim ir gan m\u012bksts uzgalis prec\u012bz\u0101m deta\u013c\u0101m un pla\u0161\u0101m kr\u0101s\u0101m, gan konusveida uzgalis biezu l\u012bniju un kont\u016bru z\u012bm\u0113\u0161anai, kas padara to univers\u0101lu visda\u017e\u0101d\u0101kaj\u0101m m\u0101ksliniecisk\u0101m izpausm\u0113m.<\/li>\n<li><strong style=\"font-size: 0.875rem\">Nuplaunami<\/strong><span style=\"font-size: 0.875rem\"> mar\u0137ieri ir izgatavoti no tintes,<\/span><span style=\"font-size: 0.875rem\"> ko var viegli noslauc\u012bt no \u0101das,<\/span><span style=\"font-size: 0.875rem\"> dr\u0113bes un m\u0113beles, izmantojot siltu \u016bdeni,<\/span><span style=\"font-size: 0.875rem\"> sniedzot vec\u0101kiem dro\u0161\u012bbu par nek\u0101rt\u012bbu un boj\u0101jumiem. <\/span><\/li>\n<li><strong style=\"font-size: 0.875rem\">\u016adens b\u0101zes tinte, <\/strong><span style=\"font-size: 0.875rem\">Nesatur alkoholu un sp\u0113c\u012bgu arom\u0101tu,<\/span><span style=\"font-size: 0.875rem\"> t\u0101p\u0113c tas ir dro\u0161s un piem\u0113rots b\u0113rniem, lai to var\u0113tu lietot ilgu laiku bez diskomforta.<\/span><\/li>\n<li><strong style=\"font-size: 0.875rem\">Uzlaboti tintes triepieni -<\/strong><span style=\"font-size: 0.875rem\"> mar\u0137ieri ir veidoti \u0161\u0101di,<\/span><span style=\"font-size: 0.875rem\"> lai nodro\u0161in\u0101tu vienm\u0113r\u012bgu un vienm\u0113r\u012bgu tintes pl\u016bsmu, <\/span><span style=\"font-size: 0.875rem\">ir palielin\u0101ts tintes tilpums, kas nodro\u0161ina ilg\u0101ku lieto\u0161anu un iztur\u012bbu.<\/span><\/li>\n<li><strong style=\"font-size: 0.875rem\">Ergonomisks korpuss -<\/strong><span style=\"font-size: 0.875rem\"> bieza,<\/span><span style=\"font-size: 0.875rem\"> tr\u012bsst\u016brveida apa\u013c\u0161 gradients,<\/span><span style=\"font-size: 0.875rem\"> \u013cauj to viegli satvert maz\u0101m rok\u0101m.<\/span><span style=\"font-size: 0.875rem\"> \u0160is dizains ne tikai nodro\u0161ina komfortu,<\/span><span style=\"font-size: 0.875rem\"> bet ar\u012b pal\u012bdz att\u012bst\u012bt s\u012bko motoriku un pareizu rakst\u012b\u0161anas kontroli.<\/span><\/li>\n<\/ul>\n<ul>\n<li><span style=\"font-size: 0.875rem\"><strong>Am\u017eius:<\/strong> 3+<\/span><\/li>\n<li><span style=\"font-size: 0.875rem\"><strong>D\u0117\u017eut\u0117s matmenys:<\/strong> 16,61 cm x 11,61 cm x 8,00 cm<\/span><\/li>\n<li><span style=\"font-size: 0.875rem\"><strong>Materi\u0101ls: <\/strong>\u016bdens b\u0101zes tinte<\/span><\/li>\n<\/ul>","protected":false},"excerpt":{"rendered":"<p>Mideer dvipusis nuplaunamas markeris \/ flomasteris yra universalus ir vaikams draugi\u0161kas pie\u0161imo \u012frankis, sukurtas i\u0161laisvinti k\u016brybi\u0161kum\u0105 be netvarkos. Tobulai tinka pradedantiems menininkams, \u0161is markeris pasi\u017eymi novatori\u0161ku dizainu, kuris tinka tiek detalizuotam menui, tiek dr\u0105siam, i\u0161rai\u0161kingam pie\u0161imui. Dvigubas antgalis &#8211; kiekvienas \u017eymeklis turi mink\u0161t\u0105 antgal\u012f tiksliam detalizavimui ir pla\u010diam spalvinimui, taip pat k\u016bgin\u012f antgal\u012f stor\u0173 linij\u0173 ir kont\u016br\u0173 pie\u0161imui, tod\u0117l jis yra universalus \u012fvairioms menin\u0117ms i\u0161rai\u0161koms. Nuplaunami markeriai yra pagaminti i\u0161 ra\u0161alo, kuris gali b\u016bti lengvai nuvalomas nuo odos, drabu\u017ei\u0173 ir bald\u0173 naudojant \u0161ilt\u0105 vanden\u012f, suteikdamas t\u0117vams ramyb\u0119 d\u0117l netvarkos ir \u017ealos. Vandens pagrindu pagamintas ra\u0161alas, be alkoholio ir be stipraus kvapo, tod\u0117l jis yra saugus ir tinkamas vaikams naudoti ilg\u0105 laik\u0105 be jokio diskomforto. Patobulinti ra\u0161alo potepiai &#8211; markeriai yra suprojektuoti taip, jog teikt\u0173 nuosekl\u0173 ir tolyg\u0173 ra\u0161alo sraut\u0105, pasi\u017eymi padidintu ra\u0161alo t\u016briu ilgesniam naudojimui ir patvarumui. Ergonomi\u0161kas korpusas &#8211; storas, trikampio-apvalaus gradiento formos, leid\u017eia lengvai suimti ma\u017eoms rankoms. \u0160is dizainas ne tik suteikia komfort\u0105, bet ir padeda ugdyti smulki\u0105j\u0105 motorik\u0105 ir taisykling\u0105 ra\u0161ymo valdym\u0105. Am\u017eius: 3+ D\u0117\u017eut\u0117s matmenys: 16.61 cm x 11.61 cm x 8.00 cm Med\u017eiaga: vandens pagrindu pagamintas ra\u0161alas<\/p>","protected":false},"featured_media":4573,"template":"","meta":[],"product_brand":[],"product_cat":[15,234,235,236,252,255,268],"product_tag":[],"class_list":{"0":"post-4535","1":"product","2":"type-product","3":"status-publish","4":"has-post-thumbnail","6":"product_cat-uncategorized","7":"product_cat-3-4-metai","8":"product_cat-5-6-metai","9":"product_cat-6-metai","10":"product_cat-meno-reikmenys","11":"product_cat-naujienos","12":"product_cat-spalvinimo-priemones","14":"first","15":"instock","16":"taxable","17":"shipping-taxable","18":"product-type-simple"},"jetpack_sharing_enabled":true,"_links":{"self":[{"href":"https:\/\/b2b.mideer.lt\/lv\/wp-json\/wp\/v2\/product\/4535"}],"collection":[{"href":"https:\/\/b2b.mideer.lt\/lv\/wp-json\/wp\/v2\/product"}],"about":[{"href":"https:\/\/b2b.mideer.lt\/lv\/wp-json\/wp\/v2\/types\/product"}],"wp:featuredmedia":[{"embeddable":true,"href":"https:\/\/b2b.mideer.lt\/lv\/wp-json\/wp\/v2\/media\/4573"}],"wp:attachment":[{"href":"https:\/\/b2b.mideer.lt\/lv\/wp-json\/wp\/v2\/media?parent=4535"}],"wp:term":[{"taxonomy":"product_brand","embeddable":true,"href":"https:\/\/b2b.mideer.lt\/lv\/wp-json\/wp\/v2\/product_brand?post=4535"},{"taxonomy":"product_cat","embeddable":true,"href":"https:\/\/b2b.mideer.lt\/lv\/wp-json\/wp\/v2\/product_cat?post=4535"},{"taxonomy":"product_tag","embeddable":true,"href":"https:\/\/b2b.mideer.lt\/lv\/wp-json\/wp\/v2\/product_tag?post=4535"}],"curies":[{"name":"wp","href":"https:\/\/api.w.org\/{rel}","templated":true}]}}