{"id":4533,"date":"2024-08-29T16:29:01","date_gmt":"2024-08-29T16:29:01","guid":{"rendered":"https:\/\/b2b.mideer.lt\/product\/dvipusis-nuplaunamas-markeris-apvalus-galas-ir-antspaudas-6-spalvos\/"},"modified":"2026-04-23T11:32:40","modified_gmt":"2026-04-23T11:32:40","slug":"dvipusis-nuplaunamas-markeris-apvalus-galas-ir-antspaudas-6-spalvos","status":"publish","type":"product","link":"https:\/\/b2b.mideer.lt\/lv\/product\/dvipusis-nuplaunamas-markeris-apvalus-galas-ir-antspaudas-6-spalvos\/","title":{"rendered":"Divpus\u0113ji mazg\u0101jams mar\u0137ieris - apa\u013c\u0161 uzgalis un z\u012bmogs - 6 kr\u0101sas"},"content":{"rendered":"<p data-sourcepos=\"3:1-3:38\"><strong>Inovat\u012bvs mideer z\u012bm\u0113\u0161anas r\u012bks, kas paredz\u0113ts rado\u0161uma stimul\u0113\u0161anai un jaunu m\u0101kslas izteiksmes veidu atkl\u0101\u0161anai.<\/strong> Ide\u0101li piem\u0113rots maziem b\u0113rniem. Mar\u0137ieris apvieno z\u012bmogo\u0161anas un z\u012bm\u0113\u0161anas prieku vien\u0101, padarot to par daudzpus\u012bgu papildin\u0101jumu jebkurai rado\u0161ai kolekcijai.<\/p>\n<ul data-sourcepos=\"7:1-7:56\">\n<li data-sourcepos=\"7:1-7:56\"><strong>Div\u0113j\u0101das funkcijas:<\/strong> \u0160\u012b flom\u0101stera pildspalva \u013cauj gan z\u012bmogot, gan z\u012bm\u0113t, nodro\u0161inot jaunu un aizraujo\u0161u z\u012bm\u0113\u0161anas pieredzi. B\u0113rni var viegli p\u0101riet no kont\u016bru z\u012bm\u0113\u0161anas uz jautru rakstu z\u012bmogo\u0161anu.<\/li>\n<li data-sourcepos=\"9:1-9:16\"><strong>Padoms b\u0113rniem:<\/strong> Apa\u013cais uzgalis ir \u012bpa\u0161i piem\u0113rots maziem b\u0113rniem, nodro\u0161inot dro\u0161u un \u0113rtu instrumentu vi\u0146u pirmajiem m\u0101kslas m\u0113\u0123in\u0101jumiem.<\/li>\n<li data-sourcepos=\"10:1-10:145\"><strong>Mazg\u0101jama \u016bdens b\u0101zes tinte:<\/strong> Tinte ir \u016bden\u012b \u0161\u0137\u012bsto\u0161a, t\u0101p\u0113c to var viegli nomazg\u0101t no \u0101das un vairuma audumu, neatst\u0101jot traipus.<\/li>\n<li data-sourcepos=\"11:1-11:96\"><strong>Biezs korpuss:<\/strong> Bl\u012bvais, apa\u013cais pildspalvas stobrs ir veidots t\u0101, lai to var\u0113tu \u0113rti tur\u0113t maz\u0101s rok\u0101s, t\u0101d\u0113j\u0101di mazinot roku sasprindzin\u0101jumu un atvieglojot b\u0113rniem t\u0101s tur\u0113\u0161anu un lieto\u0161anu.<\/li>\n<li data-sourcepos=\"12:1-12:174\"><strong>Dro\u0161s ventil\u0113jams v\u0101ks:<\/strong> Komplekt\u0101 ir paaugstin\u0101ts, elpojo\u0161s v\u0101ks, kas nov\u0113r\u0161 nejau\u0161u nor\u012b\u0161anu un samazina nosmak\u0161anas risku, nodro\u0161inot dro\u0161\u012bbu lieto\u0161anas laik\u0101.<\/li>\n<\/ul>\n<p class=\"first-token\" data-sourcepos=\"1:1-1:36\"><strong>\u0160aj\u0101 komplekt\u0101 ir 6 abpus\u0113ji mar\u0137ieri.<\/strong><\/p>\n<ul>\n<li data-sourcepos=\"3:1-4:13\"><strong>Am\u017eius:<\/strong> 3+<\/li>\n<li data-sourcepos=\"3:1-4:13\"><strong>D\u0117\u017eut\u0117s matmenys:<\/strong> 12 cm x 2 cm x 13 cm<\/li>\n<li data-sourcepos=\"3:1-4:13\"><strong>Materi\u0101ls:<\/strong> \u016bdens b\u0101zes tinte<\/li>\n<\/ul>","protected":false},"excerpt":{"rendered":"<p>Inovatyvus mideer pie\u0161imo \u012frankis, skirtas paskatinti k\u016brybi\u0161kum\u0105 ir atrasti naujus b\u016bdus i\u0161reik\u0161ti men\u0105. Idealiai tinka ma\u017eiems vaikams. Markeris\u00a0jungia antspaudavimo ir pie\u0161imo d\u017eiaugsm\u0105 viename, tod\u0117l yra universalus bet kurios k\u016brybin\u0117s kolekcijos papildymas. Dviguba funkcija: \u0160is flomasteris leid\u017eia tiek antspauduoti, tiek pie\u0161ti, suteikdamas \u0161vie\u017ei\u0105 ir \u012fdomi\u0105 pie\u0161imo patirt\u012f. Vaikai gali lengvai pereiti nuo kont\u016br\u0173 pie\u0161imo prie linksm\u0173 ra\u0161t\u0173 antspaudavimo. Vaikams tinkamas galiukas: Apvalus galiukas yra ypa\u010d tinkamas ma\u017eiems vaikams, suteikdamas saug\u0173 ir patog\u0173 \u012frank\u012f j\u0173 pirmiesiems meniniams bandymams. Plaunamas vandens pagrindu ra\u0161alas: Ra\u0161alas yra vandenyje tirpus, tod\u0117l j\u012f lengva nuplauti nuo odos ir daugelio audini\u0173, nepaliekant d\u0117mi\u0173. Storas korpusas: Storas apvalus ra\u0161iklio korpusas yra sukurtas taip, kad patogiai tilpt\u0173 \u012f ma\u017eas rankas, ma\u017einant rank\u0173 \u012ftamp\u0105 ir palengvinant vaikams laikym\u0105 ir valdym\u0105. Saugus v\u0117dinamas dangtelis: Apima padidint\u0105, kv\u0117puojant\u012f dangtel\u012f, kad b\u016bt\u0173 i\u0161vengta atsitiktinio prarijimo ir suma\u017einta u\u017edusimo rizika, u\u017etikrinant saugum\u0105 naudojant. \u0160iame rinkinyje yra 6 dvipusiai markeriai. Am\u017eius: 3+ D\u0117\u017eut\u0117s matmenys: 12 cm x 2 cm x 13 cm Med\u017eiaga: vandens pagrindo ra\u0161alas<\/p>","protected":false},"featured_media":4558,"template":"","meta":[],"product_brand":[],"product_cat":[15,234,235,236,252,255,268],"product_tag":[],"class_list":{"0":"post-4533","1":"product","2":"type-product","3":"status-publish","4":"has-post-thumbnail","6":"product_cat-uncategorized","7":"product_cat-3-4-metai","8":"product_cat-5-6-metai","9":"product_cat-6-metai","10":"product_cat-meno-reikmenys","11":"product_cat-naujienos","12":"product_cat-spalvinimo-priemones","14":"first","15":"instock","16":"taxable","17":"shipping-taxable","18":"product-type-simple"},"jetpack_sharing_enabled":true,"_links":{"self":[{"href":"https:\/\/b2b.mideer.lt\/lv\/wp-json\/wp\/v2\/product\/4533"}],"collection":[{"href":"https:\/\/b2b.mideer.lt\/lv\/wp-json\/wp\/v2\/product"}],"about":[{"href":"https:\/\/b2b.mideer.lt\/lv\/wp-json\/wp\/v2\/types\/product"}],"wp:featuredmedia":[{"embeddable":true,"href":"https:\/\/b2b.mideer.lt\/lv\/wp-json\/wp\/v2\/media\/4558"}],"wp:attachment":[{"href":"https:\/\/b2b.mideer.lt\/lv\/wp-json\/wp\/v2\/media?parent=4533"}],"wp:term":[{"taxonomy":"product_brand","embeddable":true,"href":"https:\/\/b2b.mideer.lt\/lv\/wp-json\/wp\/v2\/product_brand?post=4533"},{"taxonomy":"product_cat","embeddable":true,"href":"https:\/\/b2b.mideer.lt\/lv\/wp-json\/wp\/v2\/product_cat?post=4533"},{"taxonomy":"product_tag","embeddable":true,"href":"https:\/\/b2b.mideer.lt\/lv\/wp-json\/wp\/v2\/product_tag?post=4533"}],"curies":[{"name":"wp","href":"https:\/\/api.w.org\/{rel}","templated":true}]}}