{"id":452,"date":"2024-04-26T07:42:40","date_gmt":"2024-04-26T07:42:40","guid":{"rendered":"https:\/\/b2b.mideer.lt\/product\/magic-dot-marker\/"},"modified":"2026-04-22T07:31:06","modified_gmt":"2026-04-22T07:31:06","slug":"magic-dot-marker","status":"publish","type":"product","link":"https:\/\/b2b.mideer.lt\/lv\/product\/magic-dot-marker\/","title":{"rendered":"Mazg\u0101jamie mar\u0137ieri ar flom\u0101steriem - 6 kr\u0101sas"},"content":{"rendered":"<p data-sourcepos=\"5:1-5:266\">Punkts, punkts un z\u012bm\u0113t! Burvju mar\u0137ieri maz\u0101m rok\u0101m. \u0112rta forma padara z\u012bm\u0113\u0161anu vieglu un vienk\u0101r\u0161u. Atkl\u0101jiet savu m\u0101kslinieka talantu, z\u012bm\u0113jot punktus. Ide\u0101ls s\u0101kums rado\u0161ajam ce\u013cojumam: punkts, l\u012bnija, laukums. Att\u012bsta izt\u0113li un veikl\u012bbu! Komplekt\u0101 ietilpst ar\u012b 40 kr\u0101sojam\u0101s lapas.<\/p>\n<ul>\n<li><strong>Am\u017eius:<\/strong> 2+<\/li>\n<li><strong>D\u0117\u017eut\u0117s matmenys:<\/strong> 30 cm x 25,7 cm x 5 cm<\/li>\n<li><strong>Iek\u013cauts:<\/strong> 6 mar\u0137ieri, 40 kr\u0101so\u0161anas pap\u012bri, 1 vec\u0101ku rokasgr\u0101mata<\/li>\n<li><strong>Spalvos:<\/strong> 6 spalvos<\/li>\n<li><strong>Vienas da\u013cas izm\u0113rs:<\/strong> 3 cm x 3 cm x 12 cm<\/li>\n<li><strong>Specialus bruo\u017eas:<\/strong> Tintes slidas uz \u0101das un stikla<\/li>\n<li><strong>Materi\u0101ls:<\/strong> PP un \u016bdens b\u0101zes tinte<\/li>\n<\/ul>","protected":false},"excerpt":{"rendered":"<p>Ta\u0161kutis, ta\u0161kutis ir pie\u0161inys! Stebuklingi markeriai ma\u017e\u0173j\u0173 rankut\u0117ms. Patogi forma leid\u017eia pie\u0161ti lengvai ir be vargo. Atraskite menininko talent\u0105 pie\u0161dami ta\u0161kus. Tobula prad\u017eia k\u016brybin\u0117je kelion\u0117je: ta\u0161kas, linija, plotas. Lavina vaizduot\u0119 ir ranky\u010di\u0173 miklum\u0105! Rinkinyje taip pat yra 40 spalvinimo lap\u0173. Am\u017eius: 2+ D\u0117\u017eut\u0117s matmenys: 30 cm x 25,7 cm x 5 cm \u012etraukta: 6 \u017eymekliai, 40 tapybos popieriai, 1 t\u0117v\u0173 vadovas Spalvos: 6 spalvos Vienos dalies dydis: 3 cm x 3 cm x 12 cm Specialus bruo\u017eas: Ra\u0161alas slysta ant odos ir stiklo Med\u017eiaga: PP ir vandens pagrindo ra\u0161alas<\/p>","protected":false},"featured_media":2488,"template":"","meta":[],"product_brand":[],"product_cat":[233,234,242,272,250,252,277,268,275],"product_tag":[138,41,27,42,40,20,52,51,53,46,54,55,47,56,22,48,49,23],"class_list":{"0":"post-452","1":"product","2":"type-product","3":"status-publish","4":"has-post-thumbnail","6":"product_cat-0-2-metai","7":"product_cat-3-4-metai","8":"product_cat-dovanu-idejos","9":"product_cat-kaledines-dovanos","10":"product_cat-menai-ir-kurybiniai-uzsiemimai","11":"product_cat-meno-reikmenys","12":"product_cat-smart-products-filter-index-do-not-delete","13":"product_cat-spalvinimo-priemones","14":"product_cat-visos-meno-prekes","15":"product_tag-age-0-2-years","16":"product_tag-art-supplies","17":"product_tag-arts-crafts","18":"product_tag-atsiplaunantys","19":"product_tag-best-sellers","20":"product_tag-gift","21":"product_tag-kurybines-dirbtuveles","22":"product_tag-kurybines-dirbtuves","23":"product_tag-kurybiskumui","24":"product_tag-marker","25":"product_tag-menininko-rinkinys","26":"product_tag-piesimas-maziesiams","27":"product_tag-piesimo-reikmenys","28":"product_tag-piesimo-rinkinys","29":"product_tag-regular-sale","30":"product_tag-ryskios-spalvos","31":"product_tag-spalvinimo-priemones","32":"product_tag-test","34":"first","35":"outofstock","36":"taxable","37":"shipping-taxable","38":"product-type-simple"},"jetpack_sharing_enabled":true,"_links":{"self":[{"href":"https:\/\/b2b.mideer.lt\/lv\/wp-json\/wp\/v2\/product\/452"}],"collection":[{"href":"https:\/\/b2b.mideer.lt\/lv\/wp-json\/wp\/v2\/product"}],"about":[{"href":"https:\/\/b2b.mideer.lt\/lv\/wp-json\/wp\/v2\/types\/product"}],"wp:featuredmedia":[{"embeddable":true,"href":"https:\/\/b2b.mideer.lt\/lv\/wp-json\/wp\/v2\/media\/2488"}],"wp:attachment":[{"href":"https:\/\/b2b.mideer.lt\/lv\/wp-json\/wp\/v2\/media?parent=452"}],"wp:term":[{"taxonomy":"product_brand","embeddable":true,"href":"https:\/\/b2b.mideer.lt\/lv\/wp-json\/wp\/v2\/product_brand?post=452"},{"taxonomy":"product_cat","embeddable":true,"href":"https:\/\/b2b.mideer.lt\/lv\/wp-json\/wp\/v2\/product_cat?post=452"},{"taxonomy":"product_tag","embeddable":true,"href":"https:\/\/b2b.mideer.lt\/lv\/wp-json\/wp\/v2\/product_tag?post=452"}],"curies":[{"name":"wp","href":"https:\/\/api.w.org\/{rel}","templated":true}]}}