{"id":4459,"date":"2024-08-02T08:51:05","date_gmt":"2024-08-02T08:51:05","guid":{"rendered":"https:\/\/b2b.mideer.lt\/product\/inovatyvi-dviguba-gertuve-energetic-kangaroo\/"},"modified":"2026-04-19T22:03:47","modified_gmt":"2026-04-19T22:03:47","slug":"inovatyvi-dviguba-gertuve-energetic-kangaroo","status":"publish","type":"product","link":"https:\/\/b2b.mideer.lt\/lv\/product\/inovatyvi-dviguba-gertuve-energetic-kangaroo\/","title":{"rendered":"Inovat\u012bvs dz\u0113r\u0101js zils"},"content":{"rendered":"<p>Tas ir daudzpus\u012bgs un inovat\u012bvs risin\u0101jums b\u0113rnu mitrin\u0101\u0161anas vajadz\u012bb\u0101m. Izstr\u0101d\u0101ts, lai b\u016btu funkcion\u0101ls, iztur\u012bgs un dro\u0161s, \u0161is dzirdin\u0101t\u0101js ir ide\u0101li piem\u0113rots da\u017e\u0101d\u0101m aktivit\u0101t\u0113m, s\u0101kot no skolas un beidzot ar piedz\u012bvojumiem br\u012bv\u0101 dab\u0101.<\/p>\n<p data-sourcepos=\"7:1-7:12\"><strong>Daudzpus\u012bga izmanto\u0161ana:<\/strong>ar unik\u0101lu \"viss vien\u0101\" dizainu ar 4 dzer\u0161anas iesp\u0113j\u0101m: salmi\u0146\u0161, tie\u0161ais dz\u0113riens, pla\u0161a mut\u012bte un koplieto\u0161anas kr\u016bze, lai apmierin\u0101tu b\u0113rna da\u017e\u0101d\u0101s vajadz\u012bbas.<\/p>\n<p data-sourcepos=\"7:1-7:12\"><strong>Da\u017e\u0101di m\u0101kslas stili:<\/strong> Rakstus uz lejkann\u0101m ir z\u012bm\u0113ju\u0161i pasaules klases m\u0101kslinieki.<\/p>\n<p data-sourcepos=\"7:1-7:12\"><strong>Dro\u0161i materi\u0101li:<\/strong> izgatavots no p\u0101rtikas Tritan materi\u0101la, tas ir vesel\u012bgs, nesatur BPA un ir dro\u0161s \u016bdens uzglab\u0101\u0161anai.<\/p>\n<p data-sourcepos=\"7:1-7:12\"><strong>Liela ietilp\u012bba:<\/strong> ietilp\u012bba l\u012bdz 590 ml.<\/p>\n<p data-sourcepos=\"7:1-7:12\"><strong>Iztur\u012bgs un viegls:<\/strong>Dzeram\u0101 kr\u016bze ir izstr\u0101d\u0101ta t\u0101, lai t\u0101 b\u016btu viegla un triecieniztur\u012bga, piem\u0113rota akt\u012bv\u0101m aktivit\u0101t\u0113m.<\/p>\n<p data-sourcepos=\"7:1-7:12\"><strong>Regul\u0113jama plata siksna:<\/strong> ir ar platu, regul\u0113jamu siksnu, t\u0101p\u0113c to ir viegli un \u0113rti n\u0113s\u0101t.<\/p>\n<p data-sourcepos=\"7:1-7:12\"><strong>Nesalau\u017eams 360\u00b0 bl\u012bv\u0113jums:<\/strong> pateicoties efekt\u012bvajam bl\u012bv\u0113jumam, izlietni var apg\u0101zt un pagriezt, neradot nopl\u016bdes.<\/p>\n<p data-sourcepos=\"7:1-7:12\"><strong>Spiediena izeja:<\/strong>\u00a0\u0101tri l\u012bdzsvaro iek\u0161\u0113jo un \u0101r\u0113jo gaisa spiedienu, nov\u0113r\u0161ot \u0161\u013cakatu iz\u0161\u013cakst\u012b\u0161anos atv\u0113r\u0161anas br\u012bd\u012b.<\/p>\n<p data-sourcepos=\"7:1-7:12\"><strong>Piln\u012bb\u0101 izjaucams t\u012br\u012b\u0161anai:<\/strong>katru dzirdin\u0101t\u0101ja da\u013cu var izjaukt, lai to r\u016bp\u012bgi izt\u012br\u012btu, t\u0101d\u0113j\u0101di nodro\u0161inot labu higi\u0113nu un vieglu apkopi.<\/p>\n<p data-sourcepos=\"7:1-7:12\">\u0160\u012b produkta t\u0113ma ir \"Ener\u0123iskais \u0137engurs\".<\/p>\n<ul>\n<li data-sourcepos=\"7:1-7:12\"><strong>Am\u017eius:<\/strong>3+<\/li>\n<li data-sourcepos=\"7:1-7:12\"><strong>M\u0101kslinieks:<\/strong> Katherina Manolessou<\/li>\n<li data-sourcepos=\"7:1-7:12\"><strong>D\u0117\u017eut\u0117s matmenys:<\/strong> 8,5 cm x 8,5 cm x 19,5 cm<\/li>\n<li data-sourcepos=\"7:1-7:12\"><strong>Ietver:<\/strong> 1 \u016bdens pudele, 1 plecu siksna, 1 uzl\u012bme ar nosaukumu<\/li>\n<li data-sourcepos=\"7:1-7:12\"><strong>Materi\u0101ls:<\/strong>Tritan<\/li>\n<\/ul>\n<p>&nbsp;<\/p>","protected":false},"excerpt":{"rendered":"<p>Tai universalus ir inovatyvus sprendimas vaik\u0173 hidratacijos poreikiams. \u0160i gertuv\u0117 sukurta b\u016bti funkcionalia, patvaria ir saugia, idealiai tinkanti \u012fvairioms veikloms nuo mokyklos iki lauko nuotyki\u0173. Universalios naudojimo galimyb\u0117s:pasi\u017eymi unikaliu \u201eviskas viename\u201c dizainu su 4 g\u0117rimo pasirinkimais: \u0161iaudelis, tiesioginis g\u0117rimas, plati burnos anga ir dalijimosi puodelis, tenkinantis \u012fvairius vaiko poreikius. Skirtingi meno stiliai: gertuvi\u0173 ra\u0161tai pie\u0161ti pasaulinio lygio meninink\u0173. Saugios med\u017eiagos: pagamintas i\u0161 maisto klas\u0117s Tritan med\u017eiagos, jis yra sveikas, be BPA ir saugus vandeniui laikyti. Didel\u0117 talpa: talpina iki 590 ml. Patvari ir lengva:gertuv\u0117 sukurtas b\u016bti lengva ir atspari sm\u016bgiams, tinkama aktyviai veiklai. Reguliuojamas platus dir\u017eelis: komplekte yra platus, reguliuojamas dir\u017eelis, tod\u0117l j\u0105 lengva ir patogu ne\u0161ioti. Neperliejamas 360\u00b0 sandarikis: gertuv\u0119 galima apversti ir sukioti be joki\u0173 nuot\u0117ki\u0173, d\u0117ka efektyvaus sandarinimo. Sl\u0117gio i\u0161leidimo anga:\u00a0greitai subalansuoja vidin\u012f ir i\u0161orin\u012f oro sl\u0117g\u012f, neleid\u017eiant purslin\u0117ti atidarant. Pilnai i\u0161ardoma valymui:kiekviena gertuv\u0117s dalis gali b\u016bti i\u0161ardoma kruop\u0161\u010diam valymui, u\u017etikrinant ger\u0105 higien\u0105 ir lengv\u0105 prie\u017ei\u016br\u0105. \u0160is gaminys yra \u201eEnergetic Kangaroo\u201c tematikos. Am\u017eius:3+ Menininkas: Katherina Manolessou D\u0117\u017eut\u0117s matmenys: 8,5 cm x 8,5 cm x 19,5 cm \u012e komplekt\u0105 \u012feina: 1 vandens gertuv\u0117, 1 petne\u0161\u0117l\u0117,1 vardo lipdukas Med\u017eiaga:Tritan &nbsp;<\/p>","protected":false},"featured_media":4134,"template":"","meta":[],"product_brand":[],"product_cat":[15,234,235,236,280,244,255],"product_tag":[],"class_list":{"0":"post-4459","1":"product","2":"type-product","3":"status-publish","4":"has-post-thumbnail","6":"product_cat-uncategorized","7":"product_cat-3-4-metai","8":"product_cat-5-6-metai","9":"product_cat-6-metai","10":"product_cat-akcija","11":"product_cat-kas-populiaru","12":"product_cat-naujienos","14":"first","15":"instock","16":"taxable","17":"shipping-taxable","18":"product-type-simple"},"jetpack_sharing_enabled":true,"_links":{"self":[{"href":"https:\/\/b2b.mideer.lt\/lv\/wp-json\/wp\/v2\/product\/4459"}],"collection":[{"href":"https:\/\/b2b.mideer.lt\/lv\/wp-json\/wp\/v2\/product"}],"about":[{"href":"https:\/\/b2b.mideer.lt\/lv\/wp-json\/wp\/v2\/types\/product"}],"wp:featuredmedia":[{"embeddable":true,"href":"https:\/\/b2b.mideer.lt\/lv\/wp-json\/wp\/v2\/media\/4134"}],"wp:attachment":[{"href":"https:\/\/b2b.mideer.lt\/lv\/wp-json\/wp\/v2\/media?parent=4459"}],"wp:term":[{"taxonomy":"product_brand","embeddable":true,"href":"https:\/\/b2b.mideer.lt\/lv\/wp-json\/wp\/v2\/product_brand?post=4459"},{"taxonomy":"product_cat","embeddable":true,"href":"https:\/\/b2b.mideer.lt\/lv\/wp-json\/wp\/v2\/product_cat?post=4459"},{"taxonomy":"product_tag","embeddable":true,"href":"https:\/\/b2b.mideer.lt\/lv\/wp-json\/wp\/v2\/product_tag?post=4459"}],"curies":[{"name":"wp","href":"https:\/\/api.w.org\/{rel}","templated":true}]}}