{"id":44,"date":"2024-05-07T08:12:03","date_gmt":"2024-05-07T08:12:03","guid":{"rendered":"https:\/\/b2b.mideer.lt\/?post_type=product&#038;p=44"},"modified":"2026-04-03T07:30:56","modified_gmt":"2026-04-03T07:30:56","slug":"3-in-1-dress-up-game-set-princess-fantasy-makeup","status":"publish","type":"product","link":"https:\/\/b2b.mideer.lt\/lv\/product\/3-in-1-dress-up-game-set-princess-fantasy-makeup\/","title":{"rendered":"3in1 darbn\u012bcas komplekts \"Princess Fantasy Make-up\""},"content":{"rendered":"<div class=\"richTextContainer text-align-left\" dir=\"auto\" data-mce-fragment=\"1\"><span class=\"first-token\">3in1 darbn\u012bcas komplekts \"Princess Fantasy Make-up\" ir visaptvero\u0161s sp\u0113\u013cu komplekts,<\/span> pied\u0101v\u0101 visaptvero\u0161u pieredzi, apvienojot grimu, modes dizainu un aksesu\u0101rus. \u0160is komplekts \u013cauj b\u0113rniem izp\u0113t\u012bt un imit\u0113t re\u0101las grima tehnikas, izmantojot 28 da\u017e\u0101dus prince\u0161u stilus. Gudrais iepakojuma dizains, kas atg\u0101dina tualetes galdi\u0146u, nodro\u0161ina p\u0101rskat\u0101mu da\u017e\u0101du piederumu uzglab\u0101\u0161anu da\u017e\u0101dos nodal\u012bjumos. Komplekts ir ne tikai aizraujo\u0161s, bet ar\u012b viegli p\u0101rn\u0113s\u0101jams, t\u0101p\u0113c tas ir ide\u0101li piem\u0113rots izklaidei ce\u013c\u0101 un jauno modes entuziastu rado\u0161uma att\u012bst\u012b\u0161anai.<\/div>\n<div class=\"richTextContainer text-align-left\" dir=\"auto\" data-mce-fragment=\"1\">\n<ul>\n<li><span class=\"text-only\" data-mce-fragment=\"1\" data-eleid=\"6\"><strong>Vecums<\/strong> 3+<\/span><\/li>\n<li><span class=\"text-only\" data-mce-fragment=\"1\" data-eleid=\"8\"><strong>D\u0117\u017eut\u0117s matmenys:<\/strong> 31m x 30cm x 3cm<\/span><\/li>\n<li><strong>Komplekt\u0101 ietilpst:<\/strong> 20 princeses grima trafareti, 4 dimantu uzl\u012bmju trafareti, 4 mirdzo\u0161u uzl\u012bmju trafareti, 4 uzl\u012bmes, 6 kr\u0101sas, 900 dimantu, 10 auduma materi\u0101li, 1 palete, 1 dimantu aplikatora pildspalva, 1 l\u012bmes stien\u012btis, 2 otas.<\/li>\n<\/ul>\n<\/div>","protected":false},"excerpt":{"rendered":"<p>3in1 k\u016brybini\u0173 dirbtuvi\u0173 rinkinys &#8220;Princes\u0117s fantazij\u0173 makia\u017eas&#8221; yra visapusi\u0161kas \u017eaidim\u0173 rinkinys, si\u016blantis visapusi\u0161k\u0105 makia\u017eo, mados dizaino ir aksesuar\u0173 derinimo patirt\u012f. \u0160is rinkinys leid\u017eia vaikams tyrin\u0117ti ir simuliuoti tikras makia\u017eo technikas su 28 skirtingais princesi\u0173 stiliais. Sumanus pakuot\u0117s dizainas, primenantis tualetin\u012f staliuk\u0105, \u012fvairiuose skyriuose suteikia tvarking\u0105 \u012fvairi\u0173 aksesuar\u0173 laikym\u0105. \u0160is rinkinys yra ne tik \u012ftraukiantis, bet ir patogiai ne\u0161iojamas, tod\u0117l puikiai tinka linksmyb\u0117ms keliaujant ir ugdo jaun\u0173 mados entuziast\u0173 k\u016brybi\u0161kum\u0105. Am\u017eius 3+ D\u0117\u017eut\u0117s matmenys: 31m x 30cm x 3cm Rinkin\u012f sudaro: 20 princesi\u0173 makia\u017eo trafaret\u0173, 4 deimant\u0173 lipduk\u0173 trafaretai, 4 blizgan\u010di\u0173 lipduk\u0173 trafaretai, 4 lipdukai, 6 spalvos, 900 deimant\u0173, 10 audini\u0173 med\u017eiag\u0173, 1 palet\u0117, 1 deimant\u0173 aplikavimo ra\u0161iklis, 1 klijai, 2 \u0161epet\u0117liai<\/p>","protected":false},"featured_media":263,"template":"","meta":[],"product_brand":[],"product_cat":[234,235,236,237,242,272,245,250,263,264,277,275],"product_tag":[16,17,18,27,28,51,187,25,147,148,149,29,23,151,152],"class_list":{"0":"post-44","1":"product","2":"type-product","3":"status-publish","4":"has-post-thumbnail","6":"product_cat-3-4-metai","7":"product_cat-5-6-metai","8":"product_cat-6-metai","9":"product_cat-ankstyvo-lavinimo-zaidimai","10":"product_cat-dovanu-idejos","11":"product_cat-kaledines-dovanos","12":"product_cat-kurybiniu-uzduociu-knygeles","13":"product_cat-menai-ir-kurybiniai-uzsiemimai","14":"product_cat-pasidaryk-pats","15":"product_cat-perkamiausi","16":"product_cat-smart-products-filter-index-do-not-delete","17":"product_cat-visos-meno-prekes","18":"product_tag-age-3-4-years","19":"product_tag-age-5-6-years","20":"product_tag-age-6-years","21":"product_tag-arts-crafts","22":"product_tag-diy","23":"product_tag-kurybines-dirbtuves","24":"product_tag-lipdukai-mergaitems","25":"product_tag-new-arrivals","26":"product_tag-pasidaryk-pats","27":"product_tag-princese","28":"product_tag-princesems","29":"product_tag-stickers-sticker-books","30":"product_tag-test","31":"product_tag-viskas-mergaitems","32":"product_tag-viskas-princesems","34":"first","35":"instock","36":"taxable","37":"shipping-taxable","38":"product-type-simple"},"jetpack_sharing_enabled":true,"_links":{"self":[{"href":"https:\/\/b2b.mideer.lt\/lv\/wp-json\/wp\/v2\/product\/44"}],"collection":[{"href":"https:\/\/b2b.mideer.lt\/lv\/wp-json\/wp\/v2\/product"}],"about":[{"href":"https:\/\/b2b.mideer.lt\/lv\/wp-json\/wp\/v2\/types\/product"}],"wp:featuredmedia":[{"embeddable":true,"href":"https:\/\/b2b.mideer.lt\/lv\/wp-json\/wp\/v2\/media\/263"}],"wp:attachment":[{"href":"https:\/\/b2b.mideer.lt\/lv\/wp-json\/wp\/v2\/media?parent=44"}],"wp:term":[{"taxonomy":"product_brand","embeddable":true,"href":"https:\/\/b2b.mideer.lt\/lv\/wp-json\/wp\/v2\/product_brand?post=44"},{"taxonomy":"product_cat","embeddable":true,"href":"https:\/\/b2b.mideer.lt\/lv\/wp-json\/wp\/v2\/product_cat?post=44"},{"taxonomy":"product_tag","embeddable":true,"href":"https:\/\/b2b.mideer.lt\/lv\/wp-json\/wp\/v2\/product_tag?post=44"}],"curies":[{"name":"wp","href":"https:\/\/api.w.org\/{rel}","templated":true}]}}