{"id":4208,"date":"2024-07-31T10:53:46","date_gmt":"2024-07-31T10:53:46","guid":{"rendered":"https:\/\/b2b.mideer.lt\/product\/popieriaus-karpiniu-uzduociu-knyga-level-3\/"},"modified":"2026-04-22T07:31:13","modified_gmt":"2026-04-22T07:31:13","slug":"popieriaus-karpiniu-uzduociu-knyga-level-3","status":"publish","type":"product","link":"https:\/\/b2b.mideer.lt\/lv\/product\/popieriaus-karpiniu-uzduociu-knyga-level-3\/","title":{"rendered":"Pap\u012bra grie\u0161anas aktivit\u0101\u0161u gr\u0101mata 3. l\u012bmenis"},"content":{"rendered":"<div data-mce-fragment=\"1\">\n<p data-sourcepos=\"3:1-3:127\">\u0160\u012b ir rado\u0161uma un smalk\u0101s motorikas aktivit\u0101\u0161u s\u0113rija b\u0113rniem. Kolekciju veido piecas t\u0113mas: origami, pap\u012bra izgriezumi, uzl\u012bmes, kr\u0101so\u0161ana un kombin\u0113tie darbi. Katrai t\u0113mai ir tr\u012bs l\u012bme\u0146i - no ies\u0101c\u0113ja l\u012bdz pieredz\u0113ju\u0161ajam.<\/p>\n<p data-sourcepos=\"5:1-5:66\">B\u0113rni var izv\u0113l\u0113ties sev interes\u0113jo\u0161u t\u0113mu un s\u0101kt ar 1. l\u012bme\u0146a gr\u0101matu, lai apg\u016btu pamatus. Turpinot apg\u016bt prasmes, vi\u0146i var p\u0101riet pie sare\u017e\u0123\u012bt\u0101k\u0101m 2. un 3. l\u012bme\u0146a metod\u0113m. Da\u017e\u0101das aktivit\u0101tes - loc\u012b\u0161ana, grie\u0161ana, l\u012bm\u0113\u0161ana un kr\u0101so\u0161ana - \u013cauj b\u0113rniem m\u0101c\u012bties un att\u012bst\u012bties sav\u0101 temp\u0101, vienlaikus jautri pavadot laiku, radot m\u0101kslu.<\/p>\n<p data-sourcepos=\"3:1-3:31\">Pap\u012bra izgriezumu tematika Pr\u0101ta sp\u0113\u013cu gr\u0101matu s\u0113rij\u0101 virz\u0101s no vienk\u0101r\u0161\u0101m l\u012bnij\u0101m uz sare\u017e\u0123\u012btiem z\u012bm\u0113jumiem:<\/p>\n<ul data-sourcepos=\"5:1-5:22\">\n<li data-sourcepos=\"5:1-5:22\">\n<p class=\"\" data-sourcepos=\"5:3-5:266\"><strong class=\"\">1. l\u012bmenis (3+ gadi)<\/strong>: M\u0101ca pamata friz\u016bru taisn\u0101s un gar\u0101s l\u012bnij\u0101s, piem\u0113rots ies\u0101c\u0113jiem. Att\u012bsta b\u0113rna acu un roku koordin\u0101cijas prasmes un precizit\u0101ti. \u0160aj\u0101 l\u012bmen\u012b ir att\u0113loti vienk\u0101r\u0161i z\u012bm\u0113jumi ar biez\u0101m kont\u016br\u0101m, ko b\u0113rniem ir viegli griezt.<\/p>\n<\/li>\n<li data-sourcepos=\"7:1-7:262\">\n<p data-sourcepos=\"7:3-7:262\"><strong>2. l\u012bmenis (4+ gadi)<\/strong>: Izliektu un sare\u017e\u0123\u012bt\u0101ku formu izmanto\u0161ana, apvienojot grie\u0161anu ar loc\u012b\u0161anas pamattehniku, lai ieg\u016btu interesant\u0101kus rezult\u0101tus. B\u0113rni var apg\u016bt simetrijas pamatus, locot pap\u012brus uz pus\u0113m un izgrie\u017eot fig\u016bras vien\u0101 pus\u0113, lai t\u0101s var\u0113tu atspogu\u013cot otr\u0101. Var iepaz\u012bties ar\u012b ar vienk\u0101r\u0161\u0101m pap\u012bra sloksnes tehnik\u0101m.<\/p>\n<\/li>\n<li data-sourcepos=\"9:1-10:0\">\n<p data-sourcepos=\"9:3-9:338\"><strong>3. l\u012bmenis (5+ gadi)<\/strong>: Apvieno sare\u017e\u0123\u012btu grie\u0161anu un loc\u012b\u0161anu, lai rad\u012btu sare\u017e\u0123\u012btu pap\u012bra m\u0101kslas darbu.\u0160is l\u012bmenis att\u012bsta precizit\u0101ti un uzman\u012bbu deta\u013c\u0101m. B\u0113rni var iem\u0101c\u012bties izmantot da\u017e\u0101dus grie\u0161anas instrumentus, piem\u0113ram, mazas \u0161\u0137\u0113res vai \u012bpa\u0161us pap\u012bra na\u017eus, lai rad\u012btu detaliz\u0113tus dizainus ar vair\u0101kiem sl\u0101\u0146iem.<\/p>\n<\/li>\n<\/ul>\n<ul data-sourcepos=\"15:1-16:34\">\n<li data-sourcepos=\"15:1-15:20\"><strong>Am\u017eius:<\/strong> 5+<\/li>\n<li data-sourcepos=\"16:1-16:34\"><strong>D\u0117\u017eut\u0117s matmenys:<\/strong> 21,7 x 14,6 x 0,9 cm<\/li>\n<li data-sourcepos=\"17:1-17:118\"><strong>Komplekt\u0101 ietilpst:<\/strong> 50 origami pap\u012bra lapas, 25 lapas ar instrukcij\u0101m, 1 uzl\u012bme ar uzslavu, 1 sertifik\u0101ts.<\/li>\n<li data-sourcepos=\"18:1-18:21\"><strong>Materi\u0101ls:<\/strong> pap\u012brs<\/li>\n<\/ul>\n<\/div>","protected":false},"excerpt":{"rendered":"<p>Tai k\u016brybi\u0161kum\u0105 ir smuki\u0105j\u0105 motorik\u0105 ugdan\u010di\u0173 u\u017eduo\u010di\u0173 serija vaikams. Kolekcij\u0105 sudaro penkios temos: origami, popieriaus karpiniai, lipdukai, spalvinimas ir kombinuoti k\u016briniai. Kiekviena tema turi tris lygius \u2013 nuo pradedan\u010di\u0173j\u0173 iki pa\u017eengusi\u0173j\u0173. Vaikai gali pasirinkti juos dominan\u010di\u0105 tem\u0105 ir prad\u0117ti nuo 1 lygio knygos, kad \u012fvaldyt\u0173 pagrindus. Toliau tobul\u0117dami, jie gali pereiti prie sud\u0117tingesni\u0173 2 ir 3 lygio technik\u0173. \u012evairios veiklos \u2013 lankstymas, kirpimas, lipdymas ir spalvinimas \u2013 leid\u017eia vaikams mokytis ir tobul\u0117ti savo tempu, tuo pa\u010diu linksmai kuriant men\u0105. Popieriaus karpini\u0173 tema \u201eBrain Game Book\u201c serijoje progresuoja nuo paprast\u0173 linij\u0173 iki \u012fmantri\u0173 pie\u0161ini\u0173: 1 lygis (3+ m.): Mokoma pagrindinio kirpimo tiesiomis ir ilgomis linijomis, tinka pradedantiesiems. Lavinami vaiko aki\u0173-rank\u0173 koordinavimo \u012fg\u016bd\u017eiai ir tikslumas. Siame lygyje pateikiami paprasti pie\u0161iniai su storiais kont\u016brais, kuriuos vaikams lengva i\u0161kirpti. 2 lygis (4+ m.): \u012etraukiamos lenktos ir sud\u0117tingesn\u0117s formos, derinant kirpim\u0105 su pagrindin\u0117mis lankstymo technikomis, siekiant \u012fdomesni\u0173 rezultat\u0173. Vaikai gali i\u0161mokti simetrijos pagrind\u0173 lankstydami popierius per pus\u0119 ir i\u0161kirpdami formas vienoje pus\u0117je, kad jos atsispind\u0117t\u0173 kitaoje. Taip pat gali b\u016bti pristatomos paprastos popieriaus juosteli\u0173 technikos. 3 lygis (5+ m.): Derinamas sud\u0117tingas kirpimas ir lankstymas, siekiant sukurti \u012fmantr\u0173 popieriaus meno k\u016brin\u012f.\u0160iame lygyje ugdomas tikslumas ir d\u0117mesys detal\u0117ms. Vaikai gali i\u0161mokti naudoti \u012fvairius kirpimo \u012frankius, tokius kaip ma\u017eos \u017eirklut\u0117s ar special\u016bs popieriaus peiliukai, ir kurti detalius dizainus su keliomis sluoksniais. Am\u017eius: 5+ D\u0117\u017eut\u0117s matmenys: 21,7 x 14,6 x 0,9 cm Rinkinyje yra: 50 origami popieriaus lapeli\u0173, 25 puslapiai su instrukcijomis, 1 lipdukas su pagyrimu, 1 sertifikatas Med\u017eiaga: popierius<\/p>","protected":false},"featured_media":4239,"template":"","meta":[],"product_brand":[],"product_cat":[15,234,235,236,237,245,250,255,263],"product_tag":[16,27,40,28,36,25,22,108],"class_list":{"0":"post-4208","1":"product","2":"type-product","3":"status-publish","4":"has-post-thumbnail","6":"product_cat-uncategorized","7":"product_cat-3-4-metai","8":"product_cat-5-6-metai","9":"product_cat-6-metai","10":"product_cat-ankstyvo-lavinimo-zaidimai","11":"product_cat-kurybiniu-uzduociu-knygeles","12":"product_cat-menai-ir-kurybiniai-uzsiemimai","13":"product_cat-naujienos","14":"product_cat-pasidaryk-pats","15":"product_tag-age-3-4-years","16":"product_tag-arts-crafts","17":"product_tag-best-sellers","18":"product_tag-diy","19":"product_tag-kol-koc","20":"product_tag-new-arrivals","21":"product_tag-regular-sale","22":"product_tag-singles-day","24":"first","25":"instock","26":"taxable","27":"shipping-taxable","28":"product-type-simple"},"jetpack_sharing_enabled":true,"_links":{"self":[{"href":"https:\/\/b2b.mideer.lt\/lv\/wp-json\/wp\/v2\/product\/4208"}],"collection":[{"href":"https:\/\/b2b.mideer.lt\/lv\/wp-json\/wp\/v2\/product"}],"about":[{"href":"https:\/\/b2b.mideer.lt\/lv\/wp-json\/wp\/v2\/types\/product"}],"wp:featuredmedia":[{"embeddable":true,"href":"https:\/\/b2b.mideer.lt\/lv\/wp-json\/wp\/v2\/media\/4239"}],"wp:attachment":[{"href":"https:\/\/b2b.mideer.lt\/lv\/wp-json\/wp\/v2\/media?parent=4208"}],"wp:term":[{"taxonomy":"product_brand","embeddable":true,"href":"https:\/\/b2b.mideer.lt\/lv\/wp-json\/wp\/v2\/product_brand?post=4208"},{"taxonomy":"product_cat","embeddable":true,"href":"https:\/\/b2b.mideer.lt\/lv\/wp-json\/wp\/v2\/product_cat?post=4208"},{"taxonomy":"product_tag","embeddable":true,"href":"https:\/\/b2b.mideer.lt\/lv\/wp-json\/wp\/v2\/product_tag?post=4208"}],"curies":[{"name":"wp","href":"https:\/\/api.w.org\/{rel}","templated":true}]}}