{"id":4197,"date":"2024-07-31T10:53:34","date_gmt":"2024-07-31T10:53:34","guid":{"rendered":"https:\/\/b2b.mideer.lt\/product\/pirmoji-delione-statybu-technika-new\/"},"modified":"2026-04-05T07:32:14","modified_gmt":"2026-04-05T07:32:14","slug":"pirmoji-delione-statybu-technika-new","status":"publish","type":"product","link":"https:\/\/b2b.mideer.lt\/lv\/product\/pirmoji-delione-statybu-technika-new\/","title":{"rendered":"Pirm\u0101 puzle B\u016bvniec\u012bbas tehnika NEW"},"content":{"rendered":"<h2 class=\"\" data-sourcepos=\"1:1-1:132\">Skaists puz\u013cu komplekts, kas paredz\u0113ts m\u0101ksliniecisko intere\u0161u un izzi\u0146as prasmju att\u012bst\u012b\u0161anai jau agr\u0101 vecum\u0101.<\/h2>\n<p data-sourcepos=\"3:1-3:16\"><strong>Inform\u0101cija:<\/strong><\/p>\n<ul data-sourcepos=\"5:1-5:66\">\n<li data-sourcepos=\"5:1-5:66\"><strong>Sadarb\u012bba ar pasaules m\u0101ksliniekiem:<\/strong> Izstr\u0101d\u0101ts sadarb\u012bb\u0101 ar slaveniem m\u0101ksliniekiem no visas pasaules, nodro\u0161inot daudzkult\u016bru pieeju m\u0101kslas izgl\u012bt\u012bbai.<\/li>\n<li data-sourcepos=\"6:1-6:79\"><strong>M\u0101c\u012bbu t\u0113mas:<\/strong> M\u012bklas ar da\u017e\u0101d\u0101m t\u0113m\u0101m, kas m\u0101ca un izklaid\u0113, papla\u0161inot zin\u0101\u0161anas caur sp\u0113li.<\/li>\n<li data-sourcepos=\"7:1-7:137\"><strong>Pieaugo\u0161\u0101 sare\u017e\u0123\u012bt\u012bba:<\/strong> Saliekam\u0101s puzles no 2 l\u012bdz 6 da\u013c\u0101m, kas paredz\u0113tas, lai pal\u012bdz\u0113tu maziem b\u0113rniem spert pirmos so\u013cus puzles veido\u0161an\u0101.<\/li>\n<li data-sourcepos=\"8:1-8:121\"><strong>Liel\u0101s da\u013cas:<\/strong> Katra rota\u013clieta ir paredz\u0113ta maz\u0101m roci\u0146\u0101m, lai b\u0113rniem b\u016btu viegli to tur\u0113t rok\u0101s un lai veicin\u0101tu koordin\u0101ciju.<\/li>\n<li data-sourcepos=\"9:1-9:156\"><strong>Prasmju att\u012bst\u012bba:<\/strong> T\u0101 pal\u012bdz att\u012bst\u012bt da\u017e\u0101das prasmes, tostarp m\u0101ksliniecisko izpratni, roku veikl\u012bbu, telpisko dom\u0101\u0161anu, koncentr\u0113\u0161anos, est\u0113tisko un lo\u0123isko dom\u0101\u0161anu.<\/li>\n<li data-sourcepos=\"10:1-10:273\"><strong>Dro\u0161i materi\u0101li:<\/strong> Izgatavots no \u013coti iztur\u012bga un b\u0113rniem dro\u0161a p\u0101rtikas kvalit\u0101tes balta kartona, kas ir iztur\u012bgs pret ko\u0161\u013c\u0101\u0161anu, plais\u0101\u0161anu un \u0161\u0137el\u0161anos. Lai izvair\u012btos no kait\u012bg\u0101m smak\u0101m un nodro\u0161in\u0101tu b\u0113rniem dro\u0161u vidi, tiek izmantotas netoksiskas, uz sojas b\u0101zes ra\u017eotas kr\u0101sas.<\/li>\n<li data-sourcepos=\"11:1-11:95\"><strong>P\u0101rn\u0113s\u0101jama d\u0101vanu kaste:<\/strong> \u0112rta kaste, kas ir viegli p\u0101rn\u0113s\u0101jama un ide\u0101li piem\u0113rota d\u0101vanu pasnieg\u0161anai.<\/li>\n<li data-sourcepos=\"12:1-13:0\"><strong>Papildu kraft maisi\u0146\u0161:<\/strong> Ar kraftpap\u012bra maisi\u0146u, lai jau no mazotnes veicin\u0101tu sakopt\u012bbu.<\/li>\n<\/ul>\n<p data-sourcepos=\"14:1-14:101\"><strong>\u0160\u012bs puzles - \"Celtniec\u012bbas tehnika\" - rosina izt\u0113li un rosina m\u0101c\u012bties par da\u017e\u0101diem transportl\u012bdzek\u013ciem.<\/strong><\/p>\n<ul>\n<li><strong>Am\u017eius:<\/strong> 2+<\/li>\n<li><strong>M\u0101kslinieks:<\/strong> Leo Timmers<\/li>\n<li data-sourcepos=\"5:1-5:48\"><strong>D\u0117\u017eut\u0117s matmenys:<\/strong> 21,2 cm x 6,8 cm x 18 cm<\/li>\n<li data-sourcepos=\"6:1-6:51\"><strong>Komplekt\u0101 ietilpst:<\/strong> 6 puzles, 1 glab\u0101\u0161anas soma<\/li>\n<li data-sourcepos=\"7:1-7:36\"><strong>Da\u013cu skaits:<\/strong>kravas automa\u0161\u012bnas (2 da\u013cas), ekskavators (2 da\u013cas), ielu slauc\u012bt\u0101js (3 da\u013cas), atkritumu sav\u0101k\u0161anas ma\u0161\u012bna (4 da\u013cas), celtnis (5 da\u013cas), betona mais\u012bt\u0101js (6 da\u013cas).<\/li>\n<li data-sourcepos=\"8:1-8:27\"><strong>Materi\u0101ls:<\/strong> balt\u0101 t\u0101fele<\/li>\n<\/ul>","protected":false},"excerpt":{"rendered":"<p>Gra\u017eus d\u0117lioni\u0173 rinkinys, skirtas nuo ma\u017eens ugdyti meninius pom\u0117gius ir pa\u017eintinius \u012fg\u016bd\u017eius. Informacija: Bendradarbiavimas su pasauliniais menininkais: Sukurtas bendradarbiaujant su \u017eymiais menininkais i\u0161 viso pasaulio, suteikiant daugiakult\u016brin\u012f po\u017ei\u016br\u012f \u012f menin\u012f ugdym\u0105. Mokymosi temos: D\u0117lion\u0117s su \u012fvairiomis temomis, kurios moko ir linksmina, ple\u010dia \u017einias \u017eaid\u017eiant. Palaipsninis sud\u0117tingumas: D\u0117lion\u0117s nuo 2 iki 6 dali\u0173, pritaikytos pad\u0117ti ma\u017eyliams \u017eengti pirmuosius \u017eingsnius d\u0117liojant d\u0117liones. Didel\u0117s dalys: Kiekviena dalis pritaikyta ma\u017eoms rankut\u0117ms, tod\u0117l vaikams jas lengva laikyti ir tai skatina koordinacij\u0105. \u012eg\u016bd\u017ei\u0173 ugdymas: Padeda ugdyti \u012fvairius \u012fg\u016bd\u017eius, \u012fskaitant menin\u012f vertinim\u0105, rank\u0173 miklum\u0105, erdvin\u012f m\u0105stym\u0105,susikaupim\u0105, estetin\u012f ir login\u012f m\u0105stym\u0105. Saugios med\u017eiagos: Pagaminta i\u0161 labai patvarios ir vaikams saugios maistin\u0117s baltos kartono, atsparios kramtymui,tr\u016bkin\u0117jimui ir skilin\u0117jimui. Naudojami netoksi\u0161ki, sojos pagrindu pagaminti da\u017eai, kad neb\u016bt\u0173 kenksming\u0173 kvap\u0173 ir b\u016bt\u0173 u\u017etikrinta saugi aplinka vaikams. Ne\u0161iojama dovan\u0173 d\u0117\u017eut\u0117: Patogi d\u0117\u017eut\u0117, kuri\u0105 lengva ne\u0161iotis ir idealiai tinka dovanoti. Papildomas kraft mai\u0161elis: Su kraft popieriniu mai\u0161eliu, skatinan\u010diu tvarking\u0105 laikymosi \u012fprot\u012f nuo ma\u017eens. \u0160ios d\u0117lion\u0117s \u2013 \u201e Statyb\u0173 technika\u201c \u2013 skatina vaizduot\u0119 ir pa\u017einim\u0105 apie skirtingas transporto priemones. Am\u017eius: 2+ Menininkas: Leo Timmers D\u0117\u017eut\u0117s matmenys: 21.2 cm x 6.8 cm x 18 cm Rinkinyje yra: 6 d\u0117lion\u0117s, 1 laikymo mai\u0161elis Dali\u0173 skai\u010dius:sunkve\u017eimius (2dalys), ekskavatorius (2 dalys),\u00a0gatvi\u0173 valymo ma\u0161ina (3 dalys), \u0161iuk\u0161li\u0173 surinkimo ma\u0161ina (4 dalys), kranas (5 dalys),\u00a0betono mai\u0161ykl\u0117 (6 dalys) Med\u017eiaga: balta lenta<\/p>","protected":false},"featured_media":4234,"template":"","meta":[],"product_brand":[],"product_cat":[15,234,240,241,255],"product_tag":[138,63,144,123,139,140,68,22],"class_list":{"0":"post-4197","1":"product","2":"type-product","3":"status-publish","4":"has-post-thumbnail","6":"product_cat-uncategorized","7":"product_cat-3-4-metai","8":"product_cat-deliones","9":"product_cat-dideliu-daliu-deliones","10":"product_cat-naujienos","11":"product_tag-age-0-2-years","12":"product_tag-best","13":"product_tag-dinosaurs","14":"product_tag-early-learning-toys","15":"product_tag-jumbo-size","16":"product_tag-less-than-50-pieces","17":"product_tag-puzzles","18":"product_tag-regular-sale","20":"first","21":"instock","22":"taxable","23":"shipping-taxable","24":"product-type-simple"},"jetpack_sharing_enabled":true,"_links":{"self":[{"href":"https:\/\/b2b.mideer.lt\/lv\/wp-json\/wp\/v2\/product\/4197"}],"collection":[{"href":"https:\/\/b2b.mideer.lt\/lv\/wp-json\/wp\/v2\/product"}],"about":[{"href":"https:\/\/b2b.mideer.lt\/lv\/wp-json\/wp\/v2\/types\/product"}],"wp:featuredmedia":[{"embeddable":true,"href":"https:\/\/b2b.mideer.lt\/lv\/wp-json\/wp\/v2\/media\/4234"}],"wp:attachment":[{"href":"https:\/\/b2b.mideer.lt\/lv\/wp-json\/wp\/v2\/media?parent=4197"}],"wp:term":[{"taxonomy":"product_brand","embeddable":true,"href":"https:\/\/b2b.mideer.lt\/lv\/wp-json\/wp\/v2\/product_brand?post=4197"},{"taxonomy":"product_cat","embeddable":true,"href":"https:\/\/b2b.mideer.lt\/lv\/wp-json\/wp\/v2\/product_cat?post=4197"},{"taxonomy":"product_tag","embeddable":true,"href":"https:\/\/b2b.mideer.lt\/lv\/wp-json\/wp\/v2\/product_tag?post=4197"}],"curies":[{"name":"wp","href":"https:\/\/api.w.org\/{rel}","templated":true}]}}