{"id":4190,"date":"2024-07-31T10:53:15","date_gmt":"2024-07-31T10:53:15","guid":{"rendered":"https:\/\/b2b.mideer.lt\/product\/origami-uzduociu-knyga-level-2\/"},"modified":"2026-04-04T07:31:22","modified_gmt":"2026-04-04T07:31:22","slug":"origami-uzduociu-knyga-level-2","status":"publish","type":"product","link":"https:\/\/b2b.mideer.lt\/lv\/product\/origami-uzduociu-knyga-level-2\/","title":{"rendered":"Origami aktivit\u0101\u0161u gr\u0101mata 2. l\u012bmenis"},"content":{"rendered":"<div data-mce-fragment=\"1\">\n<p data-sourcepos=\"3:1-3:127\">\u0160\u012b ir rado\u0161uma un smalk\u0101s motorikas aktivit\u0101\u0161u s\u0113rija b\u0113rniem. Kolekciju veido piecas t\u0113mas: origami, pap\u012bra izgriezumi, uzl\u012bmes, kr\u0101so\u0161ana un kombin\u0113tie darbi. Katrai t\u0113mai ir tr\u012bs l\u012bme\u0146i - no ies\u0101c\u0113ja l\u012bdz pieredz\u0113ju\u0161ajam.<\/p>\n<p data-sourcepos=\"5:1-5:66\">B\u0113rni var izv\u0113l\u0113ties sev interes\u0113jo\u0161u t\u0113mu un s\u0101kt ar 1. l\u012bme\u0146a gr\u0101matu, lai apg\u016btu pamatus. Turpinot apg\u016bt prasmes, vi\u0146i var p\u0101riet pie sare\u017e\u0123\u012bt\u0101k\u0101m 2. un 3. l\u012bme\u0146a metod\u0113m. Da\u017e\u0101das aktivit\u0101tes - loc\u012b\u0161ana, grie\u0161ana, l\u012bm\u0113\u0161ana un kr\u0101so\u0161ana - \u013cauj b\u0113rniem m\u0101c\u012bties un att\u012bst\u012bties sav\u0101 temp\u0101, vienlaikus jautri pavadot laiku, radot m\u0101kslu.<\/p>\n<p data-sourcepos=\"7:1-7:44\"><strong>Origami t\u0113ma:<\/strong> Pap\u012bra loc\u012b\u0161anas m\u0101ksla - origami - tiek att\u0113lota tr\u012bs posmos:<\/p>\n<ul data-sourcepos=\"9:1-12:0\">\n<li data-sourcepos=\"9:1-9:192\"><strong>1. l\u012bmenis (3+ gadi)<\/strong>: \u0160aj\u0101 l\u012bmen\u012b galven\u0101 uzman\u012bba tiek piev\u0113rsta lieces pamattehnik\u0101m, piem\u0113ram, liecei pret jums un liecei prom no jums, lai mazi b\u0113rni var\u0113tu izprast pamata tehnikas.<\/li>\n<li data-sourcepos=\"10:1-10:170\"><strong>2. l\u012bmenis (4+ gadi)<\/strong>: Iepaz\u012bstina ar sare\u017e\u0123\u012bt\u0101kiem loc\u012b\u0161anas posmiem un s\u0101k integr\u0113t vienk\u0101r\u0161us 3D origami projektus, lai att\u012bst\u012btu pamatprasmes.<\/li>\n<li data-sourcepos=\"11:1-12:0\"><strong>3. l\u012bmenis (5+ gadi)<\/strong>: P\u0101rejot uz sare\u017e\u0123\u012btiem 3D origami mode\u013ciem, kas att\u012bsta un uzlabo telpisko uztveri un precizit\u0101ti.<\/li>\n<\/ul>\n<ul data-sourcepos=\"15:1-16:34\">\n<li data-sourcepos=\"15:1-15:20\"><strong>Am\u017eius:<\/strong> 4+<\/li>\n<li data-sourcepos=\"16:1-16:34\"><strong>D\u0117\u017eut\u0117s matmenys:<\/strong> 21,7 x 14,6 x 0,9 cm<\/li>\n<li data-sourcepos=\"17:1-17:118\"><strong>Komplekt\u0101 ietilpst:<\/strong> 50 origami pap\u012bra lapas, 25 lapas ar instrukcij\u0101m, 1 uzl\u012bme ar uzslavu, 1 sertifik\u0101ts.<\/li>\n<li data-sourcepos=\"18:1-18:21\"><strong>Materi\u0101ls:<\/strong> pap\u012brs<\/li>\n<\/ul>\n<\/div>","protected":false},"excerpt":{"rendered":"<p>Tai k\u016brybi\u0161kum\u0105 ir smuki\u0105j\u0105 motorik\u0105 ugdan\u010di\u0173 u\u017eduo\u010di\u0173 serija vaikams. Kolekcij\u0105 sudaro penkios temos: origami, popieriaus karpiniai, lipdukai, spalvinimas ir kombinuoti k\u016briniai. Kiekviena tema turi tris lygius \u2013 nuo pradedan\u010di\u0173j\u0173 iki pa\u017eengusi\u0173j\u0173. Vaikai gali pasirinkti juos dominan\u010di\u0105 tem\u0105 ir prad\u0117ti nuo 1 lygio knygos, kad \u012fvaldyt\u0173 pagrindus. Toliau tobul\u0117dami, jie gali pereiti prie sud\u0117tingesni\u0173 2 ir 3 lygio technik\u0173. \u012evairios veiklos \u2013 lankstymas, kirpimas, lipdymas ir spalvinimas \u2013 leid\u017eia vaikams mokytis ir tobul\u0117ti savo tempu, tuo pa\u010diu linksmai kuriant men\u0105. Origami tema: Popieriaus lankstymo menas \u2013 origami \u2013 pateikiamas trimis etapais: 1 lygis (3+ m.): \u0160iame lygyje daugiausia d\u0117mesio skiriama pagrindiniams lankstymo b\u016bdams, pavyzd\u017eiui, lenkimo \u012f save ir lenkimo nuo sav\u0119s, kad ma\u017eieji vaikai suvokt\u0173 pamatines technikas. 2 lygis (4+ m.): Supa\u017eindinama su sud\u0117tingesniais lankstymo etapais ir pradedama integruoti paprastus 3D origami projektus, siekiant pl\u0117toti pagrindinius geb\u0117jimus. 3 lygis (5+ m.): Pereinama prie sud\u0117ting\u0173 3D origami modeli\u0173, kurie lavina ir stiprina erdvin\u012f suvokim\u0105 bei tikslum\u0105 Am\u017eius: 4+ D\u0117\u017eut\u0117s matmenys: 21,7 x 14,6 x 0,9 cm Rinkinyje yra: 50 origami popieriaus lapeli\u0173, 25 puslapiai su instrukcijomis, 1 lipdukas su pagyrimu, 1 sertifikatas Med\u017eiaga: popierius<\/p>","protected":false},"featured_media":4226,"template":"","meta":[],"product_brand":[],"product_cat":[15,234,235,236,237,245,250,255,263],"product_tag":[16,27,40,28,36,25,22,108],"class_list":{"0":"post-4190","1":"product","2":"type-product","3":"status-publish","4":"has-post-thumbnail","6":"product_cat-uncategorized","7":"product_cat-3-4-metai","8":"product_cat-5-6-metai","9":"product_cat-6-metai","10":"product_cat-ankstyvo-lavinimo-zaidimai","11":"product_cat-kurybiniu-uzduociu-knygeles","12":"product_cat-menai-ir-kurybiniai-uzsiemimai","13":"product_cat-naujienos","14":"product_cat-pasidaryk-pats","15":"product_tag-age-3-4-years","16":"product_tag-arts-crafts","17":"product_tag-best-sellers","18":"product_tag-diy","19":"product_tag-kol-koc","20":"product_tag-new-arrivals","21":"product_tag-regular-sale","22":"product_tag-singles-day","24":"first","25":"instock","26":"taxable","27":"shipping-taxable","28":"product-type-simple"},"jetpack_sharing_enabled":true,"_links":{"self":[{"href":"https:\/\/b2b.mideer.lt\/lv\/wp-json\/wp\/v2\/product\/4190"}],"collection":[{"href":"https:\/\/b2b.mideer.lt\/lv\/wp-json\/wp\/v2\/product"}],"about":[{"href":"https:\/\/b2b.mideer.lt\/lv\/wp-json\/wp\/v2\/types\/product"}],"wp:featuredmedia":[{"embeddable":true,"href":"https:\/\/b2b.mideer.lt\/lv\/wp-json\/wp\/v2\/media\/4226"}],"wp:attachment":[{"href":"https:\/\/b2b.mideer.lt\/lv\/wp-json\/wp\/v2\/media?parent=4190"}],"wp:term":[{"taxonomy":"product_brand","embeddable":true,"href":"https:\/\/b2b.mideer.lt\/lv\/wp-json\/wp\/v2\/product_brand?post=4190"},{"taxonomy":"product_cat","embeddable":true,"href":"https:\/\/b2b.mideer.lt\/lv\/wp-json\/wp\/v2\/product_cat?post=4190"},{"taxonomy":"product_tag","embeddable":true,"href":"https:\/\/b2b.mideer.lt\/lv\/wp-json\/wp\/v2\/product_tag?post=4190"}],"curies":[{"name":"wp","href":"https:\/\/api.w.org\/{rel}","templated":true}]}}