{"id":4175,"date":"2024-07-31T10:52:23","date_gmt":"2024-07-31T10:52:23","guid":{"rendered":"https:\/\/b2b.mideer.lt\/product\/lipduku-klijavimo-uzduociu-knyga-level-1\/"},"modified":"2026-04-19T07:29:58","modified_gmt":"2026-04-19T07:29:58","slug":"lipduku-klijavimo-uzduociu-knyga-level-1","status":"publish","type":"product","link":"https:\/\/b2b.mideer.lt\/lv\/product\/lipduku-klijavimo-uzduociu-knyga-level-1\/","title":{"rendered":"Uzl\u012bmes uzl\u012bmju aktivit\u0101\u0161u gr\u0101mata 1. l\u012bmenis"},"content":{"rendered":"<div data-mce-fragment=\"1\">\n<p data-sourcepos=\"3:1-3:127\">\u0160\u012b ir rado\u0161uma un smalk\u0101s motorikas aktivit\u0101\u0161u s\u0113rija b\u0113rniem. Kolekciju veido piecas t\u0113mas: origami, pap\u012bra izgriezumi, uzl\u012bmes, kr\u0101so\u0161ana un kombin\u0113tie darbi. Katrai t\u0113mai ir tr\u012bs l\u012bme\u0146i - no ies\u0101c\u0113ja l\u012bdz pieredz\u0113ju\u0161ajam.<\/p>\n<p data-sourcepos=\"5:1-5:66\">B\u0113rni var izv\u0113l\u0113ties sev interes\u0113jo\u0161u t\u0113mu un s\u0101kt ar 1. l\u012bme\u0146a gr\u0101matu, lai apg\u016btu pamatus. Turpinot apg\u016bt prasmes, vi\u0146i var p\u0101riet pie sare\u017e\u0123\u012bt\u0101k\u0101m 2. un 3. l\u012bme\u0146a metod\u0113m. Da\u017e\u0101das aktivit\u0101tes - loc\u012b\u0161ana, grie\u0161ana, l\u012bm\u0113\u0161ana un kr\u0101so\u0161ana - \u013cauj b\u0113rniem m\u0101c\u012bties un att\u012bst\u012bties sav\u0101 temp\u0101, vienlaikus jautri pavadot laiku, radot m\u0101kslu.<\/p>\n<p data-sourcepos=\"1:1-1:74\">Uzl\u012bmes m\u0101ksla att\u012bsta telpisko izpratni un m\u0101ksliniecisko izpausmi:<\/p>\n<ul data-sourcepos=\"3:1-3:59\">\n<li data-sourcepos=\"3:1-3:59\"><strong>1. l\u012bmenis (3 gadi +):<\/strong> Tas s\u0101kas ar vienk\u0101r\u0161iem uzdevumiem, piem\u0113ram, uzl\u012bmju uzl\u012bm\u0113\u0161anu uz fona, lai iepaz\u012bstin\u0101tu ar pamatj\u0113dzieniem.<\/li>\n<li data-sourcepos=\"4:1-4:17\"><strong>2. l\u012bmenis (4 gadi +):<\/strong> P\u0113c tam tiek veikta uzl\u012bmes izvieto\u0161ana un rakstu k\u0101rto\u0161ana, lai izveidotu ainas.<\/li>\n<li data-sourcepos=\"5:1-5:1\"><strong>3. l\u012bmenis (5 gadi +):<\/strong> B\u0113rni tiek aicin\u0101ti griezt un kombin\u0113t da\u017e\u0101das uzl\u012bmes, lai rad\u012btu sare\u017e\u0123\u012btus un detaliz\u0113tus m\u0101kslas darbus.<\/li>\n<\/ul>\n<\/div>","protected":false},"excerpt":{"rendered":"<p>Tai k\u016brybi\u0161kum\u0105 ir smuki\u0105j\u0105 motorik\u0105 ugdan\u010di\u0173 u\u017eduo\u010di\u0173 serija vaikams. Kolekcij\u0105 sudaro penkios temos: origami, popieriaus karpiniai, lipdukai, spalvinimas ir kombinuoti k\u016briniai. Kiekviena tema turi tris lygius \u2013 nuo pradedan\u010di\u0173j\u0173 iki pa\u017eengusi\u0173j\u0173. Vaikai gali pasirinkti juos dominan\u010di\u0105 tem\u0105 ir prad\u0117ti nuo 1 lygio knygos, kad \u012fvaldyt\u0173 pagrindus. Toliau tobul\u0117dami, jie gali pereiti prie sud\u0117tingesni\u0173 2 ir 3 lygio technik\u0173. \u012evairios veiklos \u2013 lankstymas, kirpimas, lipdymas ir spalvinimas \u2013 leid\u017eia vaikams mokytis ir tobul\u0117ti savo tempu, tuo pa\u010diu linksmai kuriant men\u0105. Lipduk\u0173 tema: Lipduk\u0173 menas lavina erdvin\u012f suvokim\u0105 ir menin\u0119 i\u0161rai\u0161k\u0105: 1 lygis (3 m. +): Prasideda nuo paprast\u0173 u\u017eduo\u010di\u0173, toki\u0173 kaip lipduk\u0173 klijavimas ant fono, siekiant \u012fvesti pagrindines s\u0105vokas. 2 lygis (4 m. +): Toliau pa\u017eengiama iki lipduk\u0173 i\u0161d\u0117stymo ir ra\u0161t\u0173 sluoksniavimo scen\u0173 k\u016brimui. 3 lygis (5 m. +): Vaikai yra skatinami pjaustyti ir derinti skirtingus lipdukus, kad sukurt\u0173 sud\u0117tingus ir detalius meno k\u016brinius.<\/p>","protected":false},"featured_media":4215,"template":"","meta":[],"product_brand":[],"product_cat":[15,234,235,236,237,245,250,255,263],"product_tag":[16,27,40,28,36,25,22,108],"class_list":{"0":"post-4175","1":"product","2":"type-product","3":"status-publish","4":"has-post-thumbnail","6":"product_cat-uncategorized","7":"product_cat-3-4-metai","8":"product_cat-5-6-metai","9":"product_cat-6-metai","10":"product_cat-ankstyvo-lavinimo-zaidimai","11":"product_cat-kurybiniu-uzduociu-knygeles","12":"product_cat-menai-ir-kurybiniai-uzsiemimai","13":"product_cat-naujienos","14":"product_cat-pasidaryk-pats","15":"product_tag-age-3-4-years","16":"product_tag-arts-crafts","17":"product_tag-best-sellers","18":"product_tag-diy","19":"product_tag-kol-koc","20":"product_tag-new-arrivals","21":"product_tag-regular-sale","22":"product_tag-singles-day","24":"first","25":"instock","26":"taxable","27":"shipping-taxable","28":"product-type-simple"},"jetpack_sharing_enabled":true,"_links":{"self":[{"href":"https:\/\/b2b.mideer.lt\/lv\/wp-json\/wp\/v2\/product\/4175"}],"collection":[{"href":"https:\/\/b2b.mideer.lt\/lv\/wp-json\/wp\/v2\/product"}],"about":[{"href":"https:\/\/b2b.mideer.lt\/lv\/wp-json\/wp\/v2\/types\/product"}],"wp:featuredmedia":[{"embeddable":true,"href":"https:\/\/b2b.mideer.lt\/lv\/wp-json\/wp\/v2\/media\/4215"}],"wp:attachment":[{"href":"https:\/\/b2b.mideer.lt\/lv\/wp-json\/wp\/v2\/media?parent=4175"}],"wp:term":[{"taxonomy":"product_brand","embeddable":true,"href":"https:\/\/b2b.mideer.lt\/lv\/wp-json\/wp\/v2\/product_brand?post=4175"},{"taxonomy":"product_cat","embeddable":true,"href":"https:\/\/b2b.mideer.lt\/lv\/wp-json\/wp\/v2\/product_cat?post=4175"},{"taxonomy":"product_tag","embeddable":true,"href":"https:\/\/b2b.mideer.lt\/lv\/wp-json\/wp\/v2\/product_tag?post=4175"}],"curies":[{"name":"wp","href":"https:\/\/api.w.org\/{rel}","templated":true}]}}