{"id":415,"date":"2024-04-26T07:42:21","date_gmt":"2024-04-26T07:42:21","guid":{"rendered":"https:\/\/b2b.mideer.lt\/product\/level-up-puzzles-level-7-song-of-the-sea-208p-252p\/"},"modified":"2026-05-02T07:32:49","modified_gmt":"2026-05-02T07:32:49","slug":"level-up-deliones-7-lygis-juros-giesme","status":"publish","type":"product","link":"https:\/\/b2b.mideer.lt\/lv\/product\/level-up-deliones-7-lygis-juros-giesme\/","title":{"rendered":"Augst\u0101ka l\u012bme\u0146a m\u012bklu komplekts - 7. l\u012bmenis J\u016bras dziesma"},"content":{"rendered":"<p data-mce-fragment=\"1\">\"Mideer Level Up! M\u012bklu s\u0113rija b\u0113rnu intelektu\u0101lajai att\u012bst\u012bbai un smadze\u0146u aktiviz\u0113\u0161anai sast\u0101v no 8 l\u012bme\u0146iem. Ar katru l\u012bmeni palielin\u0101s puzles gabali\u0146u skaits, s\u0101kot no vienk\u0101r\u0161iem dz\u012bvnieku att\u0113liem l\u012bdz sare\u017e\u0123\u012bt\u0101m ain\u0101m, soli pa solim uzlabojot b\u0113rnu izzi\u0146as sp\u0113jas. Da\u017e\u0101die m\u0101kslas stili rosina b\u0113rnu izt\u0113li, savuk\u0101rt glud\u0101s un no as\u0101m mal\u0101m br\u012bv\u0101s malas nodro\u0161ina dro\u0161as rokas rota\u013c\u0101m un m\u0101c\u012bb\u0101m.<\/p>\n<p data-mce-fragment=\"1\"><strong data-mce-fragment=\"1\">7. l\u012bmenis: J\u016bras dziesma<\/strong> T\u0113ma ietver 2 puzles vien\u0101 kast\u0113 un iepaz\u012bstina ar cilv\u0113kiem, kas apmekl\u0113 dz\u012bvniekus pludmal\u0113 un zem j\u016bras.<\/p>\n<ul data-mce-fragment=\"1\">\n<li data-mce-fragment=\"1\"><strong data-mce-fragment=\"1\">Vecums<\/strong>: 6+<\/li>\n<li data-mce-fragment=\"1\"><strong data-mce-fragment=\"1\">Kastes izm\u0113ri<\/strong>: 19,2 cm x 22,5 cm x 12,5 cm<\/li>\n<li data-mce-fragment=\"1\"><strong data-mce-fragment=\"1\">Iek\u013cauts<\/strong>: 2 puzles, 1 instrukcijas gr\u0101mati\u0146a, 1 vec\u0101ku ce\u013cvedis, 1 sertifik\u0101ts, 1 uzl\u012bme.<\/li>\n<li data-mce-fragment=\"1\"><strong data-mce-fragment=\"1\">Da\u013cu skaits<\/strong>: 208 punkti, 252 punkti<\/li>\n<li data-mce-fragment=\"1\"><strong data-mce-fragment=\"1\">Puzles lielums<\/strong>: 37,5 cm x 28,2 cm<\/li>\n<li data-mce-fragment=\"1\"><strong data-mce-fragment=\"1\">Pieejams no<\/strong>: P\u0101rtikas kategorijas biezs kartons, apdruk\u0101ts ar sojas tinti.<\/li>\n<\/ul>","protected":false},"excerpt":{"rendered":"<p>\u201eMideer Level Up! D\u0117lion\u0117s\u201c serija, skirta vaik\u0173 intelektiniam vystymuisi ir smegen\u0173 aktyvinimui, susideda i\u0161 8 lygi\u0173. D\u0117lion\u0117s dali\u0173 skai\u010dius did\u0117ja su kiekvienu lygiu, nuo paprast\u0173 gyv\u016bn\u0173 vaizd\u0173 iki sud\u0117ting\u0173 scen\u0173, \u017eingsniu po \u017eingsnio gerinant vaik\u0173 pa\u017einim\u0105. \u012evair\u016bs meno stili\u0173 paveikslai skatina vaik\u0173 vaizduot\u0119, o lyg\u016bs bei be a\u0161tri\u0173 briaun\u0173 kra\u0161tai u\u017etikrina saug\u0173 rank\u0173 naudojim\u0105 \u017eaid\u017eiant ir mokantis. 7 lygis: J\u016bros Giesm\u0117 tema apima 2 d\u0117liones vienoje d\u0117\u017e\u0117je ir pristato \u017emones lankant gyv\u016bnus papl\u016bdimyje ir po j\u016bra. Am\u017eius: 6+ D\u0117\u017eut\u0117s matmenys: 19.2 cm x 22.5 cm x 12.5 cm Komplekte: 2 d\u0117lion\u0117s, 1 instrukcija, 1 t\u0117v\u0173 vadovas, 1 sertifikatas, 1 lipdukas Dali\u0173 skai\u010dius: 208 dalys, 252 dalys Sud\u0117liotos d\u0117lion\u0117s dydis: 37.5 cm x 28.2 cm Med\u017eiaga: Maistin\u0117s kokyb\u0117s, storas kartonas, spausdintas sojos ra\u0161alu<\/p>","protected":false},"featured_media":5191,"template":"","meta":[],"product_brand":[],"product_cat":[236,240,242,247,255,258,277,274],"product_tag":[61,18,63,40,33,64,65,20,133,36,181,186,83,185,67,68,22,70],"class_list":{"0":"post-415","1":"product","2":"type-product","3":"status-publish","4":"has-post-thumbnail","6":"product_cat-6-metai","7":"product_cat-deliones","8":"product_cat-dovanu-idejos","9":"product_cat-level-up-deliones","10":"product_cat-naujienos","11":"product_cat-nuo-100-iki-300-daliu","12":"product_cat-smart-products-filter-index-do-not-delete","13":"product_cat-visos-deliones","14":"product_tag-100-to-300-pieces","15":"product_tag-age-6-years","16":"product_tag-best","17":"product_tag-best-sellers","18":"product_tag-delione","19":"product_tag-deliones-vaikams","20":"product_tag-deliones-vaikui","21":"product_tag-gift","22":"product_tag-gyvunu-deliones","23":"product_tag-kol-koc","24":"product_tag-level-up-puzzles","25":"product_tag-magija","26":"product_tag-oceans-fish","27":"product_tag-pasakos","28":"product_tag-puzle","29":"product_tag-puzzles","30":"product_tag-regular-sale","31":"product_tag-vaikiska-delione","33":"first","34":"instock","35":"taxable","36":"shipping-taxable","37":"product-type-simple"},"jetpack_sharing_enabled":true,"_links":{"self":[{"href":"https:\/\/b2b.mideer.lt\/lv\/wp-json\/wp\/v2\/product\/415"}],"collection":[{"href":"https:\/\/b2b.mideer.lt\/lv\/wp-json\/wp\/v2\/product"}],"about":[{"href":"https:\/\/b2b.mideer.lt\/lv\/wp-json\/wp\/v2\/types\/product"}],"wp:featuredmedia":[{"embeddable":true,"href":"https:\/\/b2b.mideer.lt\/lv\/wp-json\/wp\/v2\/media\/5191"}],"wp:attachment":[{"href":"https:\/\/b2b.mideer.lt\/lv\/wp-json\/wp\/v2\/media?parent=415"}],"wp:term":[{"taxonomy":"product_brand","embeddable":true,"href":"https:\/\/b2b.mideer.lt\/lv\/wp-json\/wp\/v2\/product_brand?post=415"},{"taxonomy":"product_cat","embeddable":true,"href":"https:\/\/b2b.mideer.lt\/lv\/wp-json\/wp\/v2\/product_cat?post=415"},{"taxonomy":"product_tag","embeddable":true,"href":"https:\/\/b2b.mideer.lt\/lv\/wp-json\/wp\/v2\/product_tag?post=415"}],"curies":[{"name":"wp","href":"https:\/\/api.w.org\/{rel}","templated":true}]}}