{"id":412,"date":"2024-04-26T07:42:18","date_gmt":"2024-04-26T07:42:18","guid":{"rendered":"https:\/\/b2b.mideer.lt\/product\/level-up-puzzles-level-6-a-long-holiday-154p-180p\/"},"modified":"2026-04-04T07:31:29","modified_gmt":"2026-04-04T07:31:29","slug":"level-up-deliones-6-lygis-atostogos","status":"publish","type":"product","link":"https:\/\/b2b.mideer.lt\/lv\/product\/level-up-deliones-6-lygis-atostogos\/","title":{"rendered":"L\u012bme\u0146a paaugstin\u0101\u0161anas puzles komplekts - 6. l\u012bmenis Br\u012bvdienas"},"content":{"rendered":"<p data-mce-fragment=\"1\">\"Mideer Level Up! M\u012bklu s\u0113rija, kas izstr\u0101d\u0101ta, lai stimul\u0113tu b\u0113rnu intelektu\u0101lo att\u012bst\u012bbu un stimul\u0113tu smadze\u0146u darb\u012bbu visos aspektos, sast\u0101v no 8 l\u012bme\u0146iem. Katr\u0101 l\u012bmen\u012b palielin\u0101s puzles gabali\u0146u skaits, s\u0101kot no vienk\u0101r\u0161iem dz\u012bvniekiem l\u012bdz sare\u017e\u0123\u012bt\u0101m ain\u0101m, soli pa solim uzlabojot b\u0113rnu izzi\u0146as sp\u0113jas. Da\u017e\u0101die m\u0101kslas stili stimul\u0113 b\u0113rnu izt\u0113li, savuk\u0101rt glud\u0101s un as\u0101s malas nodro\u0161ina dro\u0161u roku lieto\u0161anu rota\u013cu un m\u0101c\u012b\u0161an\u0101s laik\u0101.<\/p>\n<p data-mce-fragment=\"1\"><strong data-mce-fragment=\"1\">6. l\u012bmenis: br\u012bvdienas<\/strong> T\u0113ma ietver 2 puzles vien\u0101 kast\u0113 un koncentr\u0113jas uz D\u017eeka br\u012bvdienu dz\u012bvi lidma\u0161\u012bn\u0101 uz pludmali, kas ir pilna prieka un izt\u0113les.<\/p>\n<ul data-mce-fragment=\"1\">\n<li data-mce-fragment=\"1\"><strong data-mce-fragment=\"1\">Vecums<\/strong>: 5+<\/li>\n<li data-mce-fragment=\"1\"><strong data-mce-fragment=\"1\">Kastes izm\u0113ri<\/strong>: 23 cm x 18 cm x 9 cm<\/li>\n<li data-mce-fragment=\"1\"><strong data-mce-fragment=\"1\">Iek\u013cauts<\/strong>: 2 puzles, 1 instrukcijas gr\u0101mati\u0146a, 1 vec\u0101ku ce\u013cvedis, 1 sertifik\u0101ts, 1 uzl\u012bme.<\/li>\n<li data-mce-fragment=\"1\"><strong data-mce-fragment=\"1\">Da\u013cu skaits<\/strong>: 154 da\u013cas, 180 da\u013cas<\/li>\n<li data-mce-fragment=\"1\"><strong data-mce-fragment=\"1\">Puzles lielums<\/strong>: 37,5 cm x 28,2 cm<\/li>\n<li data-mce-fragment=\"1\"><strong data-mce-fragment=\"1\">Pieejams no<\/strong>: P\u0101rtikas kategorijas biezs kartons, apdruk\u0101ts ar sojas tinti.<\/li>\n<\/ul>","protected":false},"excerpt":{"rendered":"<p>\u201eMideer Level Up! D\u0117lion\u0117s\u201c serija, skirta vaik\u0173 intelektiniam vystymuisi ir smegen\u0173 stimuliacijai visais aspektais, susideda i\u0161 8 lygi\u0173. Kiekviename lygyje d\u0117lion\u0117s dali\u0173 skai\u010dius did\u0117ja, nuo paprast\u0173 gyv\u016bn\u0173 iki sud\u0117ting\u0173 scen\u0173, \u017eingsniu po \u017eingsnio gerinant vaik\u0173 pa\u017einim\u0105. \u012evair\u016bs meno stiliai \u017eadina vaik\u0173 vaizduot\u0119, o lyg\u016bs bei be a\u0161tri\u0173 kra\u0161t\u0173 kra\u0161tai u\u017etikrina saug\u0173 rank\u0173 naudojim\u0105 \u017eaid\u017eiant ir mokantis. 6 lygis: Atostog\u0173 tema apima 2 d\u0117liones vienoje d\u0117\u017e\u0117je ir yra skirta D\u017eeko atostog\u0173 gyvenimui l\u0117ktuve keliaujant \u012f papl\u016bdim\u012f, kuris pilnas d\u017eiaugsmo ir vaizduot\u0117s. Am\u017eius: 5+ D\u0117\u017eut\u0117s matmenys: 23 cm x 18 cm x 9 cm Komplekte: 2 d\u0117lion\u0117s, 1 instrukcija, 1 t\u0117v\u0173 vadovas, 1 sertifikatas, 1 lipdukas Dali\u0173 skai\u010dius: 154 dalys, 180 dali\u0173 Sud\u0117liotos d\u0117lion\u0117s dydis: 37.5 cm x 28.2 cm Med\u017eiaga: Maistin\u0117s kokyb\u0117s, storas kartonas, spausdintas sojos ra\u0161alu<\/p>","protected":false},"featured_media":4971,"template":"","meta":[],"product_brand":[],"product_cat":[235,236,240,242,244,247,258,277,274],"product_tag":[61,30,17,63,40,33,64,65,87,20,36,181,67,68,22,132,76,70],"class_list":{"0":"post-412","1":"product","2":"type-product","3":"status-publish","4":"has-post-thumbnail","6":"product_cat-5-6-metai","7":"product_cat-6-metai","8":"product_cat-deliones","9":"product_cat-dovanu-idejos","10":"product_cat-kas-populiaru","11":"product_cat-level-up-deliones","12":"product_cat-nuo-100-iki-300-daliu","13":"product_cat-smart-products-filter-index-do-not-delete","14":"product_cat-visos-deliones","15":"product_tag-100-to-300-pieces","16":"product_tag-2023-new-in","17":"product_tag-age-5-6-years","18":"product_tag-best","19":"product_tag-best-sellers","20":"product_tag-delione","21":"product_tag-deliones-vaikams","22":"product_tag-deliones-vaikui","23":"product_tag-fantasy-magic","24":"product_tag-gift","25":"product_tag-kol-koc","26":"product_tag-level-up-puzzles","27":"product_tag-puzle","28":"product_tag-puzzles","29":"product_tag-regular-sale","30":"product_tag-transporto-priemones","31":"product_tag-us-warehouse","32":"product_tag-vaikiska-delione","34":"first","35":"instock","36":"taxable","37":"shipping-taxable","38":"product-type-simple"},"jetpack_sharing_enabled":true,"_links":{"self":[{"href":"https:\/\/b2b.mideer.lt\/lv\/wp-json\/wp\/v2\/product\/412"}],"collection":[{"href":"https:\/\/b2b.mideer.lt\/lv\/wp-json\/wp\/v2\/product"}],"about":[{"href":"https:\/\/b2b.mideer.lt\/lv\/wp-json\/wp\/v2\/types\/product"}],"wp:featuredmedia":[{"embeddable":true,"href":"https:\/\/b2b.mideer.lt\/lv\/wp-json\/wp\/v2\/media\/4971"}],"wp:attachment":[{"href":"https:\/\/b2b.mideer.lt\/lv\/wp-json\/wp\/v2\/media?parent=412"}],"wp:term":[{"taxonomy":"product_brand","embeddable":true,"href":"https:\/\/b2b.mideer.lt\/lv\/wp-json\/wp\/v2\/product_brand?post=412"},{"taxonomy":"product_cat","embeddable":true,"href":"https:\/\/b2b.mideer.lt\/lv\/wp-json\/wp\/v2\/product_cat?post=412"},{"taxonomy":"product_tag","embeddable":true,"href":"https:\/\/b2b.mideer.lt\/lv\/wp-json\/wp\/v2\/product_tag?post=412"}],"curies":[{"name":"wp","href":"https:\/\/api.w.org\/{rel}","templated":true}]}}