{"id":4112,"date":"2024-07-31T10:44:53","date_gmt":"2024-07-31T10:44:53","guid":{"rendered":"https:\/\/b2b.mideer.lt\/product\/droztukas\/"},"modified":"2026-04-19T22:03:54","modified_gmt":"2026-04-19T22:03:54","slug":"droztukas","status":"publish","type":"product","link":"https:\/\/b2b.mideer.lt\/lv\/product\/droztukas\/","title":{"rendered":"Dzeltenais drazds"},"content":{"rendered":"<p><strong>\u0160is z\u012bmu\u013cu asin\u0101mais pied\u0101v\u0101 tr\u012bs iesp\u0113jas<\/strong> standarta 2 mm, 8 mm un 11 mm z\u012bmu\u013ciem.<\/p>\n<p>\u0160im daudzfunkcion\u0101lajam z\u012bmu\u013cu asin\u0101majam ir augstas kvalit\u0101tes sakaus\u0113juma asme\u0146i, kas ir asi un iztur\u012bgi, nodro\u0161inot vienm\u0113r\u012bgu un t\u012bru z\u012bmu\u013cu asin\u0101\u0161anu.<\/p>\n<p><strong>Caursp\u012bd\u012bga skaidu kaste \u013cauj viegli redz\u0113t grie\u0161anas procesu.<\/strong>un t\u0101 kompaktais dizains \u013cauj to \u0113rti p\u0101rn\u0113s\u0101t un lietot jebkur\u0101 viet\u0101. Ar herm\u0113tisku, putek\u013cu necaurlaid\u012bgu v\u0101ku tas nov\u0113r\u0161 nopl\u016bdi lieto\u0161anas laik\u0101.<\/p>\n<p>&nbsp;<\/p>","protected":false},"excerpt":{"rendered":"<p>\u0160is dro\u017etukas pie\u0161tukams si\u016blo tris parinktis standartiniams 2 mm, 8 mm ir 11 mm pie\u0161tukams. \u0160is universalus dro\u017etukas turi auk\u0161tos kokyb\u0117s lydinio a\u0161menis, kurie yra a\u0161tr\u016bs ir patvar\u016bs, tod\u0117l kiekvien\u0105 kart\u0105 u\u017etikrinamas sklandus ir \u0161varus pie\u0161tuk\u0173 padro\u017eimas. Skaidri dro\u017eli\u0173 d\u0117\u017eut\u0117 leid\u017eia lengvai matyti dro\u017eimo proces\u0105, o d\u0117l kompakti\u0161kos konstrukcijos, j\u0105 patogu ne\u0161iotis ir naudoti bet kur. Su sandariu, dulk\u0117ms atspariu dangteliu, jis apsaugo nuo dro\u017eli\u0173 i\u0161sibarstymo naudojimo metu. &nbsp;<\/p>","protected":false},"featured_media":4129,"template":"","meta":[],"product_brand":[],"product_cat":[15,254,255],"product_tag":[281,282],"class_list":{"0":"post-4112","1":"product","2":"type-product","3":"status-publish","4":"has-post-thumbnail","6":"product_cat-uncategorized","7":"product_cat-mokyklos-reikmenys","8":"product_cat-naujienos","9":"product_tag-kancelairines-prekes","10":"product_tag-mokyklos-reikmenys","12":"first","13":"instock","14":"taxable","15":"shipping-taxable","16":"product-type-simple"},"jetpack_sharing_enabled":true,"_links":{"self":[{"href":"https:\/\/b2b.mideer.lt\/lv\/wp-json\/wp\/v2\/product\/4112"}],"collection":[{"href":"https:\/\/b2b.mideer.lt\/lv\/wp-json\/wp\/v2\/product"}],"about":[{"href":"https:\/\/b2b.mideer.lt\/lv\/wp-json\/wp\/v2\/types\/product"}],"wp:featuredmedia":[{"embeddable":true,"href":"https:\/\/b2b.mideer.lt\/lv\/wp-json\/wp\/v2\/media\/4129"}],"wp:attachment":[{"href":"https:\/\/b2b.mideer.lt\/lv\/wp-json\/wp\/v2\/media?parent=4112"}],"wp:term":[{"taxonomy":"product_brand","embeddable":true,"href":"https:\/\/b2b.mideer.lt\/lv\/wp-json\/wp\/v2\/product_brand?post=4112"},{"taxonomy":"product_cat","embeddable":true,"href":"https:\/\/b2b.mideer.lt\/lv\/wp-json\/wp\/v2\/product_cat?post=4112"},{"taxonomy":"product_tag","embeddable":true,"href":"https:\/\/b2b.mideer.lt\/lv\/wp-json\/wp\/v2\/product_tag?post=4112"}],"curies":[{"name":"wp","href":"https:\/\/api.w.org\/{rel}","templated":true}]}}