{"id":4110,"date":"2024-07-31T10:44:51","date_gmt":"2024-07-31T10:44:51","guid":{"rendered":"https:\/\/b2b.mideer.lt\/product\/balansinis-medis-edukacinis-zaidimas\/"},"modified":"2026-04-19T22:03:55","modified_gmt":"2026-04-19T22:03:55","slug":"balansinis-medis-edukacinis-zaidimas","status":"publish","type":"product","link":"https:\/\/b2b.mideer.lt\/lv\/product\/balansinis-medis-edukacinis-zaidimas\/","title":{"rendered":"L\u012bdzsvara sp\u0113le - koks"},"content":{"rendered":"<p>Tas ir unik\u0101la dizaina konstruktors, kas apvieno rado\u0161umu, izgl\u012bto\u0161anu un \u0123imenes izklaidi. \u0160\u012b inovat\u012bv\u0101 rota\u013clieta \u013cauj b\u0113rniem p\u0113t\u012bt un papla\u0161in\u0101t izt\u0113li, vienlaikus m\u0101coties par l\u012bdzsvaru un est\u0113tiku.<\/p>\n<p data-sourcepos=\"7:1-7:1\"><strong>Rado\u0161\u0101 br\u012bv\u012bba:<\/strong>pied\u0101v\u0101 tematiskus dizainus, kuros b\u0113rni var sajaukt un kombin\u0113t kr\u0101sas un formas, lai atrais\u012btu savu rado\u0161umu.<\/p>\n<p data-sourcepos=\"7:1-7:1\"><strong>L\u012bdzsvara izaicin\u0101jums:<\/strong> \u0160\u0137irojot lapu da\u013cas, b\u0113rniem ir j\u0101\u0146em v\u0113r\u0101 svara sadal\u012bjums, lai koks b\u016btu stabils, t\u0101d\u0113j\u0101di att\u012bstot probl\u0113mu risin\u0101\u0161anas prasmes.<\/p>\n<p data-sourcepos=\"7:1-7:1\"><strong>Paciet\u012bbas att\u012bst\u012b\u0161ana: <\/strong>Sp\u0113le m\u0101ca, k\u0101 pan\u0101kt stabilit\u0101ti un strukt\u016bru, pal\u012bdzot b\u0113rniem att\u012bst\u012bt notur\u012bbu un paciet\u012bbu, izmantojot izm\u0113\u0123in\u0101jumus un k\u013c\u016bdas.<\/p>\n<p data-sourcepos=\"7:1-7:1\"><strong>\u0122imenes iesaist\u012b\u0161ana: <\/strong>ir paredz\u0113ta visu \u0123imenes locek\u013cu l\u012bdzdal\u012bbai, t\u0101p\u0113c t\u0101 ir lieliska aktivit\u0101te \u0123imenes sai\u0161u stiprin\u0101\u0161anai.<\/p>\n<p data-sourcepos=\"7:1-7:1\"><strong>Daudzpus\u012bgas sp\u0113les iesp\u0113jas: <\/strong>Atkl\u0101jiet da\u017e\u0101dus sp\u0113les veidus, piem\u0113ram, kr\u0101su \u0161\u0137iro\u0161anu, spir\u0101lveida k\u0101p\u0146u b\u016bv\u0113\u0161anu, skait\u013cu \u0161\u0137iro\u0161anu un burtu veido\u0161anu, veicinot bezgal\u012bgu rado\u0161umu.<\/p>\n<p data-sourcepos=\"7:1-7:1\"><strong>dro\u0161i un netoksiski materi\u0101li:<\/strong> izgatavots no augstas kvalit\u0101tes PP materi\u0101la, kas nesatur kait\u012bgas vielas, nodro\u0161inot b\u0113rnu dro\u0161\u012bbu.<\/p>\n<p data-sourcepos=\"7:1-7:1\"><strong>Gluda virsma:<\/strong> katrs bloks ir ar gludu virsmu un noapa\u013cot\u0101m mal\u0101m, t\u0101d\u0113j\u0101di nov\u0113r\u0161ot jebk\u0101du risku.<\/p>\n<p data-sourcepos=\"7:1-7:1\"><strong>\u0112rts uzglab\u0101\u0161anas maisi\u0146\u0161: <\/strong>Komplekt\u0101 ir atjaut\u012bgs uzglab\u0101\u0161anas maisi\u0146\u0161, kas jau no mazotnes veicina organiz\u0113t\u012bbu un k\u0101rt\u012bbas ieradumus.<\/p>\n<ul>\n<li data-sourcepos=\"16:1-17:34\"><strong>Am\u017eius:<\/strong> 3+<\/li>\n<li data-sourcepos=\"16:1-17:34\"><strong>D\u0117\u017eut\u0117s matmenys:<\/strong> 17 cm x 11 cm x 15,5 cm<\/li>\n<li data-sourcepos=\"16:1-17:34\"><strong>Ietver:<\/strong> 70 deta\u013cas, 12 kuloni, 1 glab\u0101\u0161anas maisi\u0146\u0161<\/li>\n<li data-sourcepos=\"16:1-17:34\"><strong>Materi\u0101ls:<\/strong> PP<\/li>\n<\/ul>\n<p>&nbsp;<\/p>","protected":false},"excerpt":{"rendered":"<p>Tai unikaliai suprojektuotas konstruktorius, jungiantis k\u016brybi\u0161kum\u0105, edukacij\u0105 ir \u0161eimos pramog\u0105. \u0160is inovatyvus \u017eaislas leid\u017eia vaikams tyrin\u0117ti ir pl\u0117sti savo vaizduot\u0117s galimybes, tuo pa\u010diu mokantis apie balans\u0105 ir estetik\u0105. K\u016brybin\u0117 laisv\u0117:si\u016blo temin\u012f dizain\u0105, kur vaikai gali mai\u0161yti ir derinti spalvas bei formas, i\u0161laisvindami savo k\u016brybi\u0161kum\u0105. Balanso i\u0161\u0161\u016bkis: rikiuodami lap\u0173 detales, vaikai turi atsi\u017evelgti \u012f svorio pasiskirstym\u0105, kad i\u0161laikyt\u0173 med\u017eio stabilum\u0105, taip lavinant j\u0173 problem\u0173 sprendimo \u012fg\u016bd\u017eius. Kantryb\u0117s ugdymas: \u017eaidimas moko, kaip pasiekti stabilum\u0105 ir strukt\u016br\u0105, taip padedant vaikams ugdyti atsparum\u0105 ir kantryb\u0119 per bandymus ir klaidas. \u0160eimos \u012fsitraukimas: sukurtas vis\u0173 \u0161eimos nari\u0173 dalyvavimui, tod\u0117l tai puiki veikla stiprinant \u0161eimos ry\u0161ius. Universalios \u017eaidimo galimyb\u0117s: atraskite \u012fvairius \u017eaidimo b\u016bdus, tokius kaip r\u016b\u0161iavimas pagal spalv\u0105, spiralini\u0173 laipt\u0173 statymas, skai\u010di\u0173 surinkimas ir raid\u017ei\u0173 formavimas, skatinantis begalin\u012f k\u016brybi\u0161kum\u0105. Saugios ir netoksi\u0161kos med\u017eiagos: pagaminta i\u0161 auk\u0161tos kokyb\u0117s PP med\u017eiagos, kurioje n\u0117ra kenksming\u0173 med\u017eiag\u0173, u\u017etikrinant vaik\u0173 saugum\u0105. Lygus pavir\u0161ius: kiekvienas blokelis apdailintas lygiu pavir\u0161iumi ir u\u017eapvalintais kra\u0161tais, pa\u0161alinant bet koki\u0105 rizik\u0105. Patogus laikymo mai\u0161elis: komplekte yra apgalvotas laikymo mai\u0161elis, skatinantis organizuotum\u0105 ir tvarkingus \u012fpro\u010dius nuo ma\u017eens. Am\u017eius: 3+ D\u0117\u017eut\u0117s matmenys: 17 cm x 11 cm x 15,5 cm \u012e komplekt\u0105 \u012feina: 70 detali\u0173, 12 pakabuk\u0173, 1 laikymo mai\u0161elis Med\u017eiaga: PP &nbsp;<\/p>","protected":false},"featured_media":4123,"template":"","meta":[],"product_brand":[],"product_cat":[15,234,235,236,239,272,255,276],"product_tag":[],"class_list":{"0":"post-4110","1":"product","2":"type-product","3":"status-publish","4":"has-post-thumbnail","6":"product_cat-uncategorized","7":"product_cat-3-4-metai","8":"product_cat-5-6-metai","9":"product_cat-6-metai","10":"product_cat-daugiau-zaislu-ir-zaidimu","11":"product_cat-kaledines-dovanos","12":"product_cat-naujienos","13":"product_cat-zaislai-ir-zaidimai","15":"first","16":"instock","17":"taxable","18":"shipping-taxable","19":"product-type-simple"},"jetpack_sharing_enabled":true,"_links":{"self":[{"href":"https:\/\/b2b.mideer.lt\/lv\/wp-json\/wp\/v2\/product\/4110"}],"collection":[{"href":"https:\/\/b2b.mideer.lt\/lv\/wp-json\/wp\/v2\/product"}],"about":[{"href":"https:\/\/b2b.mideer.lt\/lv\/wp-json\/wp\/v2\/types\/product"}],"wp:featuredmedia":[{"embeddable":true,"href":"https:\/\/b2b.mideer.lt\/lv\/wp-json\/wp\/v2\/media\/4123"}],"wp:attachment":[{"href":"https:\/\/b2b.mideer.lt\/lv\/wp-json\/wp\/v2\/media?parent=4110"}],"wp:term":[{"taxonomy":"product_brand","embeddable":true,"href":"https:\/\/b2b.mideer.lt\/lv\/wp-json\/wp\/v2\/product_brand?post=4110"},{"taxonomy":"product_cat","embeddable":true,"href":"https:\/\/b2b.mideer.lt\/lv\/wp-json\/wp\/v2\/product_cat?post=4110"},{"taxonomy":"product_tag","embeddable":true,"href":"https:\/\/b2b.mideer.lt\/lv\/wp-json\/wp\/v2\/product_tag?post=4110"}],"curies":[{"name":"wp","href":"https:\/\/api.w.org\/{rel}","templated":true}]}}