{"id":407,"date":"2024-04-26T07:42:10","date_gmt":"2024-04-26T07:42:10","guid":{"rendered":"https:\/\/b2b.mideer.lt\/product\/level-up-puzzles-level-4-transportation-54p-88p\/"},"modified":"2026-04-26T07:30:26","modified_gmt":"2026-04-26T07:30:26","slug":"level-up-deliones-4-lygis-transporto-priemones","status":"publish","type":"product","link":"https:\/\/b2b.mideer.lt\/lv\/product\/level-up-deliones-4-lygis-transporto-priemones\/","title":{"rendered":"L\u012bme\u0146a paaugstin\u0101\u0161anas m\u012bklu komplekts - 4. l\u012bme\u0146a transportl\u012bdzek\u013ci"},"content":{"rendered":"<p>L\u012bmenis uz aug\u0161u Puzles - L\u012bmenis 4 Transportl\u012bdzek\u013ci Mideer L\u012bmenis uz aug\u0161u! s\u0113rija sast\u0101v no 8 l\u012bme\u0146iem, kuros puzles gabali\u0146u skaits pak\u0101peniski palielin\u0101s, piel\u0101gojoties b\u0113rnu intelektu\u0101lajai att\u012bst\u012bbai un aktiviz\u0113jot vi\u0146u smadzenes no visiem aspektiem. Att\u0113li s\u0101kas ar vienu dz\u012bvnieku un k\u013c\u016bst sare\u017e\u0123\u012bt\u0101ki, pak\u0101peniski uzlabojot b\u0113rnu uztveri. Da\u017e\u0101di m\u0101kslas stili stimul\u0113 b\u0113rnu izt\u0113li. Gludas malas bez as\u0101m mal\u0101m veicina dro\u0161u rota\u013cu un m\u0101c\u012b\u0161anos ar rok\u0101m.<\/p>\n<p><strong>4. l\u012bmenis: Transporta pakalpojumi<\/strong> \u0160\u012b t\u0113ma ietver 3 puzles vien\u0101 kast\u0113 un iepaz\u012bstina ar Dz\u012bvnieku pils\u0113tas dz\u012bvniekiem, kuri ce\u013co ar lidma\u0161\u012bnu, ugunsdz\u0113s\u0113ju ma\u0161\u012bnu un ra\u0137eti, iepaz\u012bstot pasauli.<\/p>\n<ul>\n<li><strong>Vecums<\/strong>: 3,5+<\/li>\n<li><strong>Kastes izm\u0113ri<\/strong>: 19,2 cm x 22,5 cm x 12,5 cm<\/li>\n<li><strong>Iek\u013cauts<\/strong>: 3 puzles, 1 instrukcijas gr\u0101mati\u0146a, 1 vec\u0101ku ce\u013cvedis, 1 sertifik\u0101ts, 1 uzl\u012bme.<\/li>\n<li><strong>Da\u013cu skaits<\/strong>: 54 da\u013cas, 70 da\u013cas, 88 da\u013cas<\/li>\n<li><strong>Puzles lielums<\/strong>: 37,5 cm x 24,8 cm<\/li>\n<li><strong>Pieejams no<\/strong>: P\u0101rtikas kategorijas biezs kartons, apdruk\u0101ts ar sojas tinti.<\/li>\n<\/ul>","protected":false},"excerpt":{"rendered":"<p>Level Up d\u0117lion\u0117s &#8211; 4 lygis Transporto priemon\u0117s Mideer Level Up! d\u0117lioni\u0173 serija susideda i\u0161 8 lygi\u0173, kuriuose d\u0117lion\u0117s dali\u0173 skai\u010dius did\u0117ja palaipsniui, atitinkant vaik\u0173 intelektin\u012f vystym\u0105si ir aktyvinant j\u0173 smegenis i\u0161 vis\u0173 pusi\u0173. Vaizdai prasideda nuo vieno gyv\u016bno ir tampa vis sud\u0117tingesniais vaizdais, palaipsniui gerinant vaik\u0173 suvokim\u0105. \u012evair\u016bs dail\u0117s stili\u0173 paveikslai \u017eadina vaik\u0173 vaizduot\u0119. Lyg\u016bs ir be a\u0161tri\u0173 briaun\u0173 kra\u0161tai skatina saug\u0173 \u017eaidim\u0105 ir mokym\u0105si rankomis. 4 lygis: Transporto Priemon\u0117s tema apima 3 d\u0117lion\u0117s vienoje d\u0117\u017e\u0117je ir pristato gyv\u016bn\u0173 miesto gyv\u016bnus, kurie keliauja l\u0117ktuvu, gaisrine ma\u0161ina ir raketa, tyrin\u0117dami pasaul\u012f. Am\u017eius: 3,5+ D\u0117\u017eut\u0117s matmenys: 19.2 cm x 22.5 cm x 12.5 cm Komplekte: 3 d\u0117lion\u0117s, 1 instrukcija, 1 t\u0117v\u0173 vadovas, 1 sertifikatas, 1 lipdukas Dali\u0173 skai\u010dius: 54 dalys, 70 dali\u0173, 88 dalys Sud\u0117liotos d\u0117lion\u0117s dydis: 37.5 cm x 24.8 cm Med\u017eiaga: Maistin\u0117s kokyb\u0117s, storas kartonas, spausdintas sojos ra\u0161alu<\/p>","protected":false},"featured_media":4970,"template":"","meta":[],"product_brand":[],"product_cat":[234,235,240,242,244,247,253,260,277,274],"product_tag":[102,16,63,40,58,33,64,65,20,133,36,181,104,67,68,22,23,132,76,70],"class_list":{"0":"post-407","1":"product","2":"type-product","3":"status-publish","4":"has-post-thumbnail","6":"product_cat-3-4-metai","7":"product_cat-5-6-metai","8":"product_cat-deliones","9":"product_cat-dovanu-idejos","10":"product_cat-kas-populiaru","11":"product_cat-level-up-deliones","12":"product_cat-mini-deliones","13":"product_cat-nuo-50-iki-100-daliu","14":"product_cat-smart-products-filter-index-do-not-delete","15":"product_cat-visos-deliones","16":"product_tag-50-to-100-pieces","17":"product_tag-age-3-4-years","18":"product_tag-best","19":"product_tag-best-sellers","20":"product_tag-cars-trucks","21":"product_tag-delione","22":"product_tag-deliones-vaikams","23":"product_tag-deliones-vaikui","24":"product_tag-gift","25":"product_tag-gyvunu-deliones","26":"product_tag-kol-koc","27":"product_tag-level-up-puzzles","28":"product_tag-mini-puzzles","29":"product_tag-puzle","30":"product_tag-puzzles","31":"product_tag-regular-sale","32":"product_tag-test","33":"product_tag-transporto-priemones","34":"product_tag-us-warehouse","35":"product_tag-vaikiska-delione","37":"first","38":"instock","39":"taxable","40":"shipping-taxable","41":"product-type-simple"},"jetpack_sharing_enabled":true,"_links":{"self":[{"href":"https:\/\/b2b.mideer.lt\/lv\/wp-json\/wp\/v2\/product\/407"}],"collection":[{"href":"https:\/\/b2b.mideer.lt\/lv\/wp-json\/wp\/v2\/product"}],"about":[{"href":"https:\/\/b2b.mideer.lt\/lv\/wp-json\/wp\/v2\/types\/product"}],"wp:featuredmedia":[{"embeddable":true,"href":"https:\/\/b2b.mideer.lt\/lv\/wp-json\/wp\/v2\/media\/4970"}],"wp:attachment":[{"href":"https:\/\/b2b.mideer.lt\/lv\/wp-json\/wp\/v2\/media?parent=407"}],"wp:term":[{"taxonomy":"product_brand","embeddable":true,"href":"https:\/\/b2b.mideer.lt\/lv\/wp-json\/wp\/v2\/product_brand?post=407"},{"taxonomy":"product_cat","embeddable":true,"href":"https:\/\/b2b.mideer.lt\/lv\/wp-json\/wp\/v2\/product_cat?post=407"},{"taxonomy":"product_tag","embeddable":true,"href":"https:\/\/b2b.mideer.lt\/lv\/wp-json\/wp\/v2\/product_tag?post=407"}],"curies":[{"name":"wp","href":"https:\/\/api.w.org\/{rel}","templated":true}]}}