{"id":4037,"date":"2024-06-13T09:25:47","date_gmt":"2024-06-13T09:25:47","guid":{"rendered":"https:\/\/b2b.mideer.lt\/?post_type=product&#038;p=4037"},"modified":"2026-04-20T22:03:43","modified_gmt":"2026-04-20T22:03:43","slug":"spalvinimo-akvarele-knygele-vienaragio-legenda-2","status":"publish","type":"product","link":"https:\/\/b2b.mideer.lt\/lv\/product\/spalvinimo-akvarele-knygele-vienaragio-legenda-2\/","title":{"rendered":"Akvare\u013cu kr\u0101sojam\u0101 gr\u0101mata Le\u0123enda par vienradzi"},"content":{"rendered":"<div data-line=\"true\" data-line-index=\"0\" data-zone-id=\"0\">\n<p data-sourcepos=\"5:1-5:324\">Kr\u0101sa ar \u016bdeni - viss vien\u0101 kast\u0113! Kr\u0101sas, kr\u0101sojam\u0101s lapas un oti\u0146a kompakt\u0101 iepakojum\u0101. Viss, kas jums nepiecie\u0161ams, ir nedaudz \u016bdens, un j\u016bs varat s\u0101kt z\u012bm\u0113t! \u0160\u012b k\u0101rba ir \u0113rta l\u012bdzi \u0146em\u0161anai ce\u013c\u0101, un t\u0101 ir ide\u0101ls pal\u012bgs mazajiem atkl\u0101j\u0113jiem. Pap\u012brs ir biezs, t\u0101p\u0113c kr\u0101sa neizpl\u016bd\u012bs un z\u012bm\u0113\u0161anas pieredze b\u016bs v\u0113l pat\u012bkam\u0101ka.<\/p>\n<p data-sourcepos=\"7:1-7:125\">\"Le\u0123enda par vienradzi\" satur 22 lappuses un vair\u0101k nek\u0101 20 jautrus st\u0101stus, kas apmierin\u0101s mazo ce\u013cot\u0101ju zin\u0101tk\u0101ri.<\/p>\n<\/div>\n<ul>\n<li><strong>Am\u017eius:<\/strong> 5+<\/li>\n<li><strong>D\u0117\u017eut\u0117s matmenys:<\/strong> 19 cm x 8 cm x 1,3 cm<\/li>\n<li><strong>Iek\u013cauts:<\/strong> 22 lappuses, 6 kr\u0101sas, 1 ota<\/li>\n<li><strong>Materi\u0101ls:<\/strong> Pap\u012brs<\/li>\n<\/ul>","protected":false},"excerpt":{"rendered":"<p>Pie\u0161k vandeniu \u2013 viskas vienoje d\u0117\u017eut\u0117je! Da\u017eai, spalvinimo puslapiai ir teptukas kompakti\u0161koje pakuot\u0117je. Tereikia \u0161iek tiek vandens ir gali prad\u0117ti pie\u0161ti! Patogi ne\u0161iotis keliaujant, \u0161i d\u0117\u017eut\u0117 \u2013 puikus kompanionas ma\u017eiesiems atrad\u0117jams. Popierius storas, tod\u0117l da\u017eai nei\u0161sisklaidys ir pie\u0161imo patirtis bus dar malonesn\u0117. &#8220;Vienaragio legenda&#8221; rinkinyje net 22 puslapiai ir daugiau nei 20 smagi\u0173 siu\u017eet\u0173, kurie patenkins ma\u017e\u0173j\u0173 keliautoj\u0173 smalsum\u0105. Am\u017eius: 5+ D\u0117\u017eut\u0117s matmenys: 19 cm x 8 cm x 1,3 cm \u012etraukta: 22 puslapiai, 6 spalvos, 1 \u0161epet\u0117lis Med\u017eiaga: Popierius<\/p>","protected":false},"featured_media":5052,"template":"","meta":[],"product_brand":[],"product_cat":[235,236,244,250,252,277,266,267,275],"product_tag":[16,17,18,27,40,145,85,36,75,22,76],"class_list":{"0":"post-4037","1":"product","2":"type-product","3":"status-publish","4":"has-post-thumbnail","6":"product_cat-5-6-metai","7":"product_cat-6-metai","8":"product_cat-kas-populiaru","9":"product_cat-menai-ir-kurybiniai-uzsiemimai","10":"product_cat-meno-reikmenys","11":"product_cat-smart-products-filter-index-do-not-delete","12":"product_cat-spalvinimo-akvarele-knygeles","13":"product_cat-spalvinimo-knygeles","14":"product_cat-visos-meno-prekes","15":"product_tag-age-3-4-years","16":"product_tag-age-5-6-years","17":"product_tag-age-6-years","18":"product_tag-arts-crafts","19":"product_tag-best-sellers","20":"product_tag-coloring-rolls-books","21":"product_tag-for-girls","22":"product_tag-kol-koc","23":"product_tag-planets-space","24":"product_tag-regular-sale","25":"product_tag-us-warehouse","27":"first","28":"outofstock","29":"taxable","30":"shipping-taxable","31":"product-type-simple"},"jetpack_sharing_enabled":true,"_links":{"self":[{"href":"https:\/\/b2b.mideer.lt\/lv\/wp-json\/wp\/v2\/product\/4037"}],"collection":[{"href":"https:\/\/b2b.mideer.lt\/lv\/wp-json\/wp\/v2\/product"}],"about":[{"href":"https:\/\/b2b.mideer.lt\/lv\/wp-json\/wp\/v2\/types\/product"}],"wp:featuredmedia":[{"embeddable":true,"href":"https:\/\/b2b.mideer.lt\/lv\/wp-json\/wp\/v2\/media\/5052"}],"wp:attachment":[{"href":"https:\/\/b2b.mideer.lt\/lv\/wp-json\/wp\/v2\/media?parent=4037"}],"wp:term":[{"taxonomy":"product_brand","embeddable":true,"href":"https:\/\/b2b.mideer.lt\/lv\/wp-json\/wp\/v2\/product_brand?post=4037"},{"taxonomy":"product_cat","embeddable":true,"href":"https:\/\/b2b.mideer.lt\/lv\/wp-json\/wp\/v2\/product_cat?post=4037"},{"taxonomy":"product_tag","embeddable":true,"href":"https:\/\/b2b.mideer.lt\/lv\/wp-json\/wp\/v2\/product_tag?post=4037"}],"curies":[{"name":"wp","href":"https:\/\/api.w.org\/{rel}","templated":true}]}}