{"id":401,"date":"2024-04-26T07:42:03","date_gmt":"2024-04-26T07:42:03","guid":{"rendered":"https:\/\/b2b.mideer.lt\/product\/level-up-puzzles-level-3-busy-community-helpers-24p-35p\/"},"modified":"2026-04-19T22:04:18","modified_gmt":"2026-04-19T22:04:18","slug":"level-up-delioniu-rinkinys-3-lygis-pasaulis-aplink-mus","status":"publish","type":"product","link":"https:\/\/b2b.mideer.lt\/lv\/product\/level-up-delioniu-rinkinys-3-lygis-pasaulis-aplink-mus\/","title":{"rendered":"L\u012bme\u0146a aug\u0161up M\u012bklu komplekts - 3. l\u012bmenis Pasaule ap mums"},"content":{"rendered":"<div class=\"relative p-1 rounded-sm h-9 w-9 text-white flex items-center justify-center\">\n<p data-sourcepos=\"1:1-1:448\">Mideer l\u012bme\u0146a paaugstin\u0101\u0161ana! m\u012bklu kolekcij\u0101 ir 8 l\u012bme\u0146i. Puzles gabali\u0146u skaits pieaug no l\u012bme\u0146a uz l\u012bmeni, lai atbilstu b\u0113rnu intelektu\u0101lajai att\u012bst\u012bbai un aktiviz\u0113tu visus smadze\u0146u darb\u012bbas aspektus. Att\u0113li s\u0101kas ar vienu dz\u012bvnieku un beidzas ar sare\u017e\u0123\u012bt\u0101m ain\u0101m, lai pak\u0101peniski att\u012bst\u012btu b\u0113rnu izzi\u0146as sp\u0113jas. Att\u0113li da\u017e\u0101dos m\u0101kslinieciskos stilos rosina b\u0113rnu izt\u0113li. Gludas un m\u012bkstas malas veicina dro\u0161u un interakt\u012bvu rota\u013cu un m\u0101c\u012b\u0161anos.<\/p>\n<p data-sourcepos=\"3:1-3:132\"><strong>3. l\u012bmenis:\u00a0<\/strong>Vien\u0101 kast\u012bt\u0113 ir 3 puzles, un taj\u0101 ir att\u0113lotas tr\u012bs ainas - dz\u012bve ferm\u0101, dz\u012bve savann\u0101 un nakts dz\u012bve me\u017e\u0101.<\/p>\n<\/div>\n<div class=\"relative p-1 rounded-sm h-9 w-9 text-white flex items-center justify-center\">\n<ul>\n<li><strong>Vecums<\/strong>: 3+<\/li>\n<li><strong>Kastes izm\u0113ri<\/strong>: 19,2 cm x 22,5 cm x 12,5 cm<\/li>\n<li><strong>Da\u013cu skaits<\/strong>: 24 da\u013cas, 30 da\u013cas, 35 da\u013cas<\/li>\n<li><strong>Pieejams no<\/strong>: P\u0101rtikas kategorijas biezs kartons, apdruk\u0101ts ar sojas tinti.<\/li>\n<\/ul>\n<\/div>","protected":false},"excerpt":{"rendered":"<p>Mideer Level Up! d\u0117lioni\u0173 kolekcija turi i\u0161 viso 8 lygius. D\u0117lion\u0117s detali\u0173 skai\u010dius did\u0117ja lygmeniu po lygmens, kad atitikt\u0173 vaik\u0173 intelektualin\u012f vystym\u0105si ir aktyvuot\u0173 j\u0173 smegenis visais aspektais. Paveiksl\u0117liai prasideda nuo vieno gyv\u016bno ir baigiasi sud\u0117tingomis scenomis, kad vaik\u0173 pa\u017einimas tobul\u0117t\u0173 palaipsniui. \u012evairi\u0173 meno stili\u0173 paveiksl\u0117liai \u017eadina vaik\u0173 vaizduot\u0119. Lyg\u016bs ir \u0161veln\u016bs kra\u0161tai skatina saug\u0173 ir interaktyv\u0173 \u017eaidim\u0105 bei mokym\u0105si. 3 lygis:\u00a0Pasaulis aplink mus apima 3 d\u0117liones vienoje d\u0117\u017eut\u0117je ir vaizduoja tris scenas &#8211; \u016bkio gyvenim\u0105, savanos gyvenim\u0105 ir naktin\u012f mi\u0161ko gyvenim\u0105. Am\u017eius: 3+ D\u0117\u017eut\u0117s matmenys: 19.2 cm x 22.5 cm x 12.5 cm Dali\u0173 skai\u010dius: 24 dalys, 30 dali\u0173, 35 dalys Med\u017eiaga: Maistin\u0117s kokyb\u0117s, storas kartonas, spausdintas sojos ra\u0161alu<\/p>","protected":false},"featured_media":4966,"template":"","meta":[],"product_brand":[],"product_cat":[234,240,242,244,247,249,253,277,274],"product_tag":[16,63,40,58,33,64,65,20,36,140,181,104,67,68,22,23,132,70],"class_list":{"0":"post-401","1":"product","2":"type-product","3":"status-publish","4":"has-post-thumbnail","6":"product_cat-3-4-metai","7":"product_cat-deliones","8":"product_cat-dovanu-idejos","9":"product_cat-kas-populiaru","10":"product_cat-level-up-deliones","11":"product_cat-maziau-nei-50-daliu","12":"product_cat-mini-deliones","13":"product_cat-smart-products-filter-index-do-not-delete","14":"product_cat-visos-deliones","15":"product_tag-age-3-4-years","16":"product_tag-best","17":"product_tag-best-sellers","18":"product_tag-cars-trucks","19":"product_tag-delione","20":"product_tag-deliones-vaikams","21":"product_tag-deliones-vaikui","22":"product_tag-gift","23":"product_tag-kol-koc","24":"product_tag-less-than-50-pieces","25":"product_tag-level-up-puzzles","26":"product_tag-mini-puzzles","27":"product_tag-puzle","28":"product_tag-puzzles","29":"product_tag-regular-sale","30":"product_tag-test","31":"product_tag-transporto-priemones","32":"product_tag-vaikiska-delione","34":"first","35":"instock","36":"taxable","37":"shipping-taxable","38":"product-type-simple"},"jetpack_sharing_enabled":true,"_links":{"self":[{"href":"https:\/\/b2b.mideer.lt\/lv\/wp-json\/wp\/v2\/product\/401"}],"collection":[{"href":"https:\/\/b2b.mideer.lt\/lv\/wp-json\/wp\/v2\/product"}],"about":[{"href":"https:\/\/b2b.mideer.lt\/lv\/wp-json\/wp\/v2\/types\/product"}],"wp:featuredmedia":[{"embeddable":true,"href":"https:\/\/b2b.mideer.lt\/lv\/wp-json\/wp\/v2\/media\/4966"}],"wp:attachment":[{"href":"https:\/\/b2b.mideer.lt\/lv\/wp-json\/wp\/v2\/media?parent=401"}],"wp:term":[{"taxonomy":"product_brand","embeddable":true,"href":"https:\/\/b2b.mideer.lt\/lv\/wp-json\/wp\/v2\/product_brand?post=401"},{"taxonomy":"product_cat","embeddable":true,"href":"https:\/\/b2b.mideer.lt\/lv\/wp-json\/wp\/v2\/product_cat?post=401"},{"taxonomy":"product_tag","embeddable":true,"href":"https:\/\/b2b.mideer.lt\/lv\/wp-json\/wp\/v2\/product_tag?post=401"}],"curies":[{"name":"wp","href":"https:\/\/api.w.org\/{rel}","templated":true}]}}