{"id":397,"date":"2024-04-26T07:41:59","date_gmt":"2024-04-26T07:41:59","guid":{"rendered":"https:\/\/b2b.mideer.lt\/product\/level-up-puzzles-level-2-dinosaur-projects-9p-20p\/"},"modified":"2026-04-22T07:31:17","modified_gmt":"2026-04-22T07:31:17","slug":"level-up-puzzles-level-2-dinosaur-projects-9p-20p","status":"publish","type":"product","link":"https:\/\/b2b.mideer.lt\/lv\/product\/level-up-puzzles-level-2-dinosaur-projects-9p-20p\/","title":{"rendered":"L\u012bme\u0146a aug\u0161up M\u012bklu komplekts - 2. l\u012bme\u0146a dinozauru projekts"},"content":{"rendered":"<p>Level Up puzles ir ce\u013cojums cauri 8 da\u017e\u0101diem prasmju l\u012bme\u0146iem! S\u012bk\u0101ka inform\u0101cija palielin\u0101s, lai atbilstu j\u016bsu b\u0113rna augo\u0161ajam intelektam un zin\u0101tk\u0101rei. Att\u0113lu ce\u013cojums s\u0101kas ar burv\u012bgiem dz\u012bvniekiem un turpin\u0101s ar satrieco\u0161\u0101m panor\u0101m\u0101m! Uzjundiet b\u0113rna izt\u0113li ar da\u017e\u0101diem m\u0101kslas stiliem, un puzles ar glud\u0101m mal\u0101m \u013cauj dro\u0161i sp\u0113l\u0113ties un m\u0101c\u012bties. Un kas sl\u0113pjas Dinozauru projektu komplekt\u0101? Veselas 4 puzles ar dinozauriem, kas b\u016bv\u0113 un rada me\u017eos, al\u0101s, l\u012bdzenumos un varb\u016bt pat uz citas plan\u0113tas!\"<\/p>\n<ul>\n<li><strong>Vecums<\/strong>: 2,5 gadi un vair\u0101k<\/li>\n<li><strong>Kastes izm\u0113ri<\/strong>: 19,2 x 22,5 x 12,5 cm<\/li>\n<li><strong>Iz\u0146emts no<\/strong>: 4 puzles, 1 instrukcijas gr\u0101mati\u0146a, 1 vec\u0101ku ce\u013cvedis, 1 sertifik\u0101ts, 1 uzl\u012bme.<\/li>\n<li><strong>Da\u013cu skaits<\/strong>: 9 da\u013cas, 12 da\u013cas, 16 da\u013cas, 20 da\u013cas<\/li>\n<li><strong>Salikt\u0101s puzles izm\u0113rs<\/strong>: 24,8 x 18,4 cm<\/li>\n<li><strong>Pieejams no<\/strong>: P\u0101rtikas kategorijas biezs kartons, apdruk\u0101ts ar sojas tinti.<\/li>\n<\/ul>","protected":false},"excerpt":{"rendered":"<p>Level Up d\u0117lion\u0117s \u2013 tai kelion\u0117 per 8 skirtingus \u012fg\u016bd\u017ei\u0173 lygius! Detal\u0117s gaus\u0117ja, kad atitikt\u0173 augan\u010di\u0105 vaiko nuovok\u0105 ir smalsum\u0105. Paveiksl\u0117li\u0173 kelion\u0117 prasideda su \u017eaviais gyv\u016bn\u0117liais ir pereina prie nuostabi\u0173 panoram\u0173! \u017dadinkite vaiko vaizduot\u0119 skirtingais meno stiliais, o lygios d\u0117lioni\u0173 briaunos leis saugiai \u017eaisti ir mokytis. O kas gi slepiasi &#8220;Dinozaur\u0173 projektai&#8221; rinkinyje? Net 4 d\u0117lion\u0117s su dinozaurais, statan\u010diais ir kurian\u010diais mi\u0161kuose, urvuose, lygumose, o gal net kitoje planetoje!&#8221; Am\u017eius: 2,5 met\u0173 ir vyresni D\u0117\u017eut\u0117s matmenys: 19,2 x 22,5 x 12,5 cm \u012etraukta: 4 galvos\u016bkiai, 1 instrukcija, 1 t\u0117v\u0173 vadovas, 1 sertifikatas, 1 lipdukas Dali\u0173 skai\u010dius: 9 dali\u0173, 12 dali\u0173, 16 dali\u0173, 20 dali\u0173 Surinkto galvos\u016bkio dydis: 24,8 x 18,4 cm Med\u017eiaga: Maisto klas\u0117s storas kartonas, spausdintas sojos ra\u0161alu<\/p>","protected":false},"featured_media":4963,"template":"","meta":[],"product_brand":[],"product_cat":[233,234,237,240,241,242,244,247,249,277,274],"product_tag":[16,63,40,58,144,123,20,139,36,140,182,181,68],"class_list":{"0":"post-397","1":"product","2":"type-product","3":"status-publish","4":"has-post-thumbnail","6":"product_cat-0-2-metai","7":"product_cat-3-4-metai","8":"product_cat-ankstyvo-lavinimo-zaidimai","9":"product_cat-deliones","10":"product_cat-dideliu-daliu-deliones","11":"product_cat-dovanu-idejos","12":"product_cat-kas-populiaru","13":"product_cat-level-up-deliones","14":"product_cat-maziau-nei-50-daliu","15":"product_cat-smart-products-filter-index-do-not-delete","16":"product_cat-visos-deliones","17":"product_tag-age-3-4-years","18":"product_tag-best","19":"product_tag-best-sellers","20":"product_tag-cars-trucks","21":"product_tag-dinosaurs","22":"product_tag-early-learning-toys","23":"product_tag-gift","24":"product_tag-jumbo-size","25":"product_tag-kol-koc","26":"product_tag-less-than-50-pieces","27":"product_tag-level-up-deliones","28":"product_tag-level-up-puzzles","29":"product_tag-puzzles","31":"first","32":"instock","33":"taxable","34":"shipping-taxable","35":"product-type-simple"},"jetpack_sharing_enabled":true,"_links":{"self":[{"href":"https:\/\/b2b.mideer.lt\/lv\/wp-json\/wp\/v2\/product\/397"}],"collection":[{"href":"https:\/\/b2b.mideer.lt\/lv\/wp-json\/wp\/v2\/product"}],"about":[{"href":"https:\/\/b2b.mideer.lt\/lv\/wp-json\/wp\/v2\/types\/product"}],"wp:featuredmedia":[{"embeddable":true,"href":"https:\/\/b2b.mideer.lt\/lv\/wp-json\/wp\/v2\/media\/4963"}],"wp:attachment":[{"href":"https:\/\/b2b.mideer.lt\/lv\/wp-json\/wp\/v2\/media?parent=397"}],"wp:term":[{"taxonomy":"product_brand","embeddable":true,"href":"https:\/\/b2b.mideer.lt\/lv\/wp-json\/wp\/v2\/product_brand?post=397"},{"taxonomy":"product_cat","embeddable":true,"href":"https:\/\/b2b.mideer.lt\/lv\/wp-json\/wp\/v2\/product_cat?post=397"},{"taxonomy":"product_tag","embeddable":true,"href":"https:\/\/b2b.mideer.lt\/lv\/wp-json\/wp\/v2\/product_tag?post=397"}],"curies":[{"name":"wp","href":"https:\/\/api.w.org\/{rel}","templated":true}]}}