{"id":396,"date":"2024-04-26T07:41:58","date_gmt":"2024-04-26T07:41:58","guid":{"rendered":"https:\/\/b2b.mideer.lt\/product\/level-up-puzzles-level-1-cars-2p-6p\/"},"modified":"2026-04-28T07:32:59","modified_gmt":"2026-04-28T07:32:59","slug":"level-up-puzzles-level-1-cars-2p-6p","status":"publish","type":"product","link":"https:\/\/b2b.mideer.lt\/lv\/product\/level-up-puzzles-level-1-cars-2p-6p\/","title":{"rendered":"L\u012bme\u0146a paaugstin\u0101\u0161anas m\u012bklu komplekts - 1. l\u012bme\u0146a transportl\u012bdzek\u013ci"},"content":{"rendered":"<div class=\"flex-shrink-0 flex flex-col relative items-end\">\n<div class=\"pt-0.5\">\n<div class=\"gizmo-shadow-stroke flex h-6 w-6 items-center justify-center overflow-hidden rounded-full\">\n<div class=\"relative p-1 rounded-sm h-9 w-9 text-white flex items-center justify-center\"><span style=\"font-size: 0.875rem\">Level Up Puzzles - 1. l\u012bmenis Transportl\u012bdzek\u013cu s\u0113rij\u0101 ir 8 l\u012bme\u0146i. Puzles gabali\u0146u skaits no l\u012bme\u0146a uz l\u012bmeni palielin\u0101s, atbilsto\u0161i b\u0113rnu intelektu\u0101lajai att\u012bst\u012bbai un lai aktiviz\u0113tu b\u0113rnu smadzenes visos aspektos. Att\u0113li s\u0101kas ar vienu dz\u012bvnieku un k\u013c\u016bst par arvien sare\u017e\u0123\u012bt\u0101kiem scen\u0101rijiem, pak\u0101peniski pilnveidojot b\u0113rnu izzi\u0146u. Da\u017e\u0101di m\u0101kslas stili stimul\u0113 b\u0113rnu izt\u0113li. Gludas un asas deta\u013cas veicina dro\u0161u m\u0101c\u012b\u0161anos un roku sp\u0113li.<\/span><\/div>\n<div class=\"relative p-1 rounded-sm h-9 w-9 text-white flex items-center justify-center\">\n<p data-mce-fragment=\"1\"><strong data-mce-fragment=\"1\">1. l\u012bmenis:<\/strong> \u0122eometrisko fig\u016bru transportl\u012bdzek\u013cu t\u0113mai ir 8 puzles katr\u0101 kast\u0113, un taj\u0101 ir da\u017e\u0101di transportl\u012bdzek\u013ci, kas att\u0113loti ar \u0123eometrisk\u0101m fig\u016br\u0101m.<\/p>\n<ul data-mce-fragment=\"1\">\n<li data-mce-fragment=\"1\"><strong data-mce-fragment=\"1\">Vecums<\/strong>: 2+<\/li>\n<li data-mce-fragment=\"1\"><strong data-mce-fragment=\"1\">Kastes izm\u0113ri<\/strong>: 19,2 cm x 22,5 cm x 12,5 cm<\/li>\n<li data-mce-fragment=\"1\"><strong data-mce-fragment=\"1\">Da\u013cu skaits<\/strong>: 2 da\u013cas, 3 da\u013cas, 3 da\u013cas, 3 da\u013cas, 4 da\u013cas, 4 da\u013cas, 4 da\u013cas, 5 da\u013cas, 5 da\u013cas, 5 da\u013cas, 6 da\u013cas.<\/li>\n<li data-mce-fragment=\"1\"><strong data-mce-fragment=\"1\">Puzles lielums<\/strong>: 15 cm x 10,8 cm, 17 cm x 10,2 cm, 15 cm x 15,6 cm, 19,6 cm x 14,2 cm, 23,6 cm x 16,5 cm, 24,2 cm x 17,6 cm, 21,2 cm x 17,2 cm, 27,2 cm x 19,5 cm.<\/li>\n<li data-mce-fragment=\"1\"><strong data-mce-fragment=\"1\">Pieejams no<\/strong>: P\u0101rtikas kategorijas biezs kartons, apdruk\u0101ts ar sojas tinti.<\/li>\n<\/ul>\n<\/div>\n<\/div>\n<\/div>\n<\/div>","protected":false},"excerpt":{"rendered":"<p>Level Up d\u0117lion\u0117s &#8211; 1 lygis Transporto priemon\u0117s serijoje i\u0161 viso yra 8 lygiai. D\u0117lion\u0117s dali\u0173 skai\u010dius did\u0117ja pereinant i\u0161 lygio \u012f lyg\u012f, atitinkant vaik\u0173 intelektin\u012f vystym\u0105si ir aktyvinant vaik\u0173 smegenis visais aspektais. Paveikslai prasideda nuo vieno gyv\u016bno ir tampa vis sud\u0117tingesniais scenarijais, palaipsniui gerinant vaik\u0173 pa\u017einim\u0105. \u012evair\u016bs meno stili\u0173 paveikslai \u017eadina vaik\u0173 vaizduot\u0119. Lygios ir be a\u0161tri\u0173 briaun\u0173 detal\u0117s skatina saug\u0173 mokym\u0105si ir \u017eaidim\u0105 rankomis. 1 lygis: Geometrin\u0117s Formos Transporto Priemoni\u0173 tema turi 8 d\u0117liones vienoje d\u0117\u017e\u0117je ir pristato \u012fvairias transporto priemones, vaizduojamas geometrin\u0117mis formomis. Am\u017eius: 2+ D\u0117\u017eut\u0117s matmenys: 19.2 cm x 22.5 cm x 12.5 cm Dali\u0173 skai\u010dius: 2 dalys, 3 dalys, 3 dalys, 4 dalys, 4 dalys, 5 dalys, 5 dalys, 6 dalys Sud\u0117liotos d\u0117lion\u0117s dydis: 15 cm x 10.8 cm, 17 cm x 10.2 cm, 15 cm x 15.6 cm, 19.6 cm x 14.2 cm, 23.6 cm x 16.5 cm, 24.2 cm x 17.6 cm, 21.2 cm x 17.2 cm, 27.2 cm x 19.5 cm Med\u017eiaga: Maistin\u0117s kokyb\u0117s, storas kartonas, spausdintas sojos ra\u0161alu<\/p>","protected":false},"featured_media":4632,"template":"","meta":[],"product_brand":[],"product_cat":[233,234,237,240,241,242,247,249,253,277,274],"product_tag":[138,125,63,40,58,33,64,65,85,20,36,140,181,67,68,22,132,70],"class_list":{"0":"post-396","1":"product","2":"type-product","3":"status-publish","4":"has-post-thumbnail","6":"product_cat-0-2-metai","7":"product_cat-3-4-metai","8":"product_cat-ankstyvo-lavinimo-zaidimai","9":"product_cat-deliones","10":"product_cat-dideliu-daliu-deliones","11":"product_cat-dovanu-idejos","12":"product_cat-level-up-deliones","13":"product_cat-maziau-nei-50-daliu","14":"product_cat-mini-deliones","15":"product_cat-smart-products-filter-index-do-not-delete","16":"product_cat-visos-deliones","17":"product_tag-age-0-2-years","18":"product_tag-automobiliai","19":"product_tag-best","20":"product_tag-best-sellers","21":"product_tag-cars-trucks","22":"product_tag-delione","23":"product_tag-deliones-vaikams","24":"product_tag-deliones-vaikui","25":"product_tag-for-girls","26":"product_tag-gift","27":"product_tag-kol-koc","28":"product_tag-less-than-50-pieces","29":"product_tag-level-up-puzzles","30":"product_tag-puzle","31":"product_tag-puzzles","32":"product_tag-regular-sale","33":"product_tag-transporto-priemones","34":"product_tag-vaikiska-delione","36":"first","37":"instock","38":"taxable","39":"shipping-taxable","40":"product-type-simple"},"jetpack_sharing_enabled":true,"_links":{"self":[{"href":"https:\/\/b2b.mideer.lt\/lv\/wp-json\/wp\/v2\/product\/396"}],"collection":[{"href":"https:\/\/b2b.mideer.lt\/lv\/wp-json\/wp\/v2\/product"}],"about":[{"href":"https:\/\/b2b.mideer.lt\/lv\/wp-json\/wp\/v2\/types\/product"}],"wp:featuredmedia":[{"embeddable":true,"href":"https:\/\/b2b.mideer.lt\/lv\/wp-json\/wp\/v2\/media\/4632"}],"wp:attachment":[{"href":"https:\/\/b2b.mideer.lt\/lv\/wp-json\/wp\/v2\/media?parent=396"}],"wp:term":[{"taxonomy":"product_brand","embeddable":true,"href":"https:\/\/b2b.mideer.lt\/lv\/wp-json\/wp\/v2\/product_brand?post=396"},{"taxonomy":"product_cat","embeddable":true,"href":"https:\/\/b2b.mideer.lt\/lv\/wp-json\/wp\/v2\/product_cat?post=396"},{"taxonomy":"product_tag","embeddable":true,"href":"https:\/\/b2b.mideer.lt\/lv\/wp-json\/wp\/v2\/product_tag?post=396"}],"curies":[{"name":"wp","href":"https:\/\/api.w.org\/{rel}","templated":true}]}}