{"id":395,"date":"2024-04-26T07:41:57","date_gmt":"2024-04-26T07:41:57","guid":{"rendered":"https:\/\/b2b.mideer.lt\/product\/level-up-puzzles-level-1-animals-2p-6p\/"},"modified":"2026-04-06T07:33:08","modified_gmt":"2026-04-06T07:33:08","slug":"level-up-deliones-1-lygis-gyvunai","status":"publish","type":"product","link":"https:\/\/b2b.mideer.lt\/lv\/product\/level-up-deliones-1-lygis-gyvunai\/","title":{"rendered":"L\u012bme\u0146a paaugstin\u0101\u0161anas m\u012bklu komplekts - 1. l\u012bme\u0146a dz\u012bvnieki"},"content":{"rendered":"<p>Level Up Puzzles - 1. l\u012bmenis Dz\u012bvnieku s\u0113rija sast\u0101v no 8 l\u012bme\u0146iem. Puzles gabali\u0146u skaits pieaug no l\u012bme\u0146a uz l\u012bmeni, kas atbilst b\u0113rnu intelektu\u0101lajai att\u012bst\u012bbai un aktiviz\u0113 b\u0113rnu smadzenes visos aspektos. Att\u0113li s\u0101kas ar vienu dz\u012bvnieku un k\u013c\u016bst arvien sare\u017e\u0123\u012bt\u0101ki, pak\u0101peniski uzlabojot b\u0113rnu izzi\u0146u. Da\u017e\u0101di m\u0101kslas stili stimul\u0113 b\u0113rnu izt\u0113li. Gludas un asas deta\u013cas veicina dro\u0161u m\u0101c\u012b\u0161anos un roku sp\u0113li.<\/p>\n<p>1. l\u012bmenis: dz\u012bvnieku t\u0113ma katr\u0101 kast\u0113 ir 10 puzles, un taj\u0101 ir da\u017e\u0101di dz\u012bvnieki.<\/p>\n<ul>\n<li><strong>Vecums<\/strong>: 2+<\/li>\n<li><strong>Kastes izm\u0113ri<\/strong>: 19,2 cm x 22,5 cm x 12,5 cm<\/li>\n<li><strong>Iek\u013cauts<\/strong>: 10 puzles, 1 instrukcijas gr\u0101mati\u0146a, 1 vec\u0101ku ce\u013cvedis, 1 sertifik\u0101ts, 1 uzl\u012bme.<\/li>\n<li><strong>Da\u013cu skaits<\/strong>: 2 da\u013cas, 2 da\u013cas, 2 da\u013cas, 3 da\u013cas, 3 da\u013cas, 4 da\u013cas, 4 da\u013cas, 5 da\u013cas, 5 da\u013cas, 5 da\u013cas, 6 da\u013cas, 6 da\u013cas, 6 da\u013cas.<\/li>\n<li><strong>Puzles lielums<\/strong>: 12,8 cm x 16 cm, 10 cm x 15 cm, 18,4 cm x 14,7 cm, 21,1 cm x 12,2 cm, 21,1 cm x 12,2 cm, 16,1 cm x 18,5 cm, 21,6 cm x 16 cm, 13,7 cm x 24,5 cm, 22,6 cm x 16,2 cm, 33,4 cm x 21,7 cm.<\/li>\n<li><strong>Pieejams no<\/strong>: P\u0101rtikas kategorijas biezs kartons, apdruk\u0101ts ar sojas tinti.<\/li>\n<\/ul>","protected":false},"excerpt":{"rendered":"<p>Level Up d\u0117lion\u0117s &#8211; 1 lygis Gyv\u016bnai serija susideda i\u0161 8 lygi\u0173. D\u0117lion\u0117s dali\u0173 skai\u010dius did\u0117ja lygis po lygio, atitinkant vaik\u0173 intelektin\u012f vystym\u0105si ir aktyvinant vaik\u0173 smegenis visais aspektais. Paveikslai prasideda nuo vieno gyv\u016bno ir tampa vis sud\u0117tingesniais, palaipsniui gerinant vaik\u0173 pa\u017einim\u0105. \u012evair\u016bs meno stiliai \u017eadina vaik\u0173 vaizduot\u0119. Lygios ir be a\u0161tri\u0173 briaun\u0173 detal\u0117s skatina saug\u0173 mokym\u0105si ir \u017eaidim\u0105 rankomis. 1 lygis: gyv\u016bn\u0173 tema turi 10 d\u0117lioni\u0173 vienoje d\u0117\u017e\u0117je ir pristato \u012fvairius gyv\u016bnus. Am\u017eius: 2+ D\u0117\u017eut\u0117s matmenys: 19.2 cm x 22.5 cm x 12.5 cm Komplekte: 10 d\u0117lioni\u0173, 1 instrukcija, 1 t\u0117v\u0173 vadovas, 1 sertifikatas, 1 lipdukas Dali\u0173 skai\u010dius: 2 dalys, 2 dalys, 3 dalys, 3 dalys, 4 dalys, 4 dalys, 5 dalys, 5 dalys, 6 dalys, 6 dalys Sud\u0117liotos d\u0117lion\u0117s dydis: 12.8 cm x 16 cm, 10 cm x 15 cm, 18.4 cm x 14.7 cm, 21.1 cm x 12.2 cm, 21.1 cm x 12.2 cm, 16.1 cm x 18.5 cm, 21.6 cm x 16 cm, 13.7 cm x 24.5 cm, 22.6 cm x 16.2 cm, 33.4 cm x 21.7 cm Med\u017eiaga: Maistin\u0117s kokyb\u0117s, storas kartonas, spausdintas sojos ra\u0161alu<\/p>","protected":false},"featured_media":4962,"template":"","meta":[],"product_brand":[],"product_cat":[233,237,240,241,242,247,249,253,277,274],"product_tag":[138,62,63,40,33,64,65,123,85,20,133,139,36,140,181,67,68,22,76,70],"class_list":{"0":"post-395","1":"product","2":"type-product","3":"status-publish","4":"has-post-thumbnail","6":"product_cat-0-2-metai","7":"product_cat-ankstyvo-lavinimo-zaidimai","8":"product_cat-deliones","9":"product_cat-dideliu-daliu-deliones","10":"product_cat-dovanu-idejos","11":"product_cat-level-up-deliones","12":"product_cat-maziau-nei-50-daliu","13":"product_cat-mini-deliones","14":"product_cat-smart-products-filter-index-do-not-delete","15":"product_cat-visos-deliones","16":"product_tag-age-0-2-years","17":"product_tag-animals-nature","18":"product_tag-best","19":"product_tag-best-sellers","20":"product_tag-delione","21":"product_tag-deliones-vaikams","22":"product_tag-deliones-vaikui","23":"product_tag-early-learning-toys","24":"product_tag-for-girls","25":"product_tag-gift","26":"product_tag-gyvunu-deliones","27":"product_tag-jumbo-size","28":"product_tag-kol-koc","29":"product_tag-less-than-50-pieces","30":"product_tag-level-up-puzzles","31":"product_tag-puzle","32":"product_tag-puzzles","33":"product_tag-regular-sale","34":"product_tag-us-warehouse","35":"product_tag-vaikiska-delione","37":"first","38":"instock","39":"taxable","40":"shipping-taxable","41":"product-type-simple"},"jetpack_sharing_enabled":true,"_links":{"self":[{"href":"https:\/\/b2b.mideer.lt\/lv\/wp-json\/wp\/v2\/product\/395"}],"collection":[{"href":"https:\/\/b2b.mideer.lt\/lv\/wp-json\/wp\/v2\/product"}],"about":[{"href":"https:\/\/b2b.mideer.lt\/lv\/wp-json\/wp\/v2\/types\/product"}],"wp:featuredmedia":[{"embeddable":true,"href":"https:\/\/b2b.mideer.lt\/lv\/wp-json\/wp\/v2\/media\/4962"}],"wp:attachment":[{"href":"https:\/\/b2b.mideer.lt\/lv\/wp-json\/wp\/v2\/media?parent=395"}],"wp:term":[{"taxonomy":"product_brand","embeddable":true,"href":"https:\/\/b2b.mideer.lt\/lv\/wp-json\/wp\/v2\/product_brand?post=395"},{"taxonomy":"product_cat","embeddable":true,"href":"https:\/\/b2b.mideer.lt\/lv\/wp-json\/wp\/v2\/product_cat?post=395"},{"taxonomy":"product_tag","embeddable":true,"href":"https:\/\/b2b.mideer.lt\/lv\/wp-json\/wp\/v2\/product_tag?post=395"}],"curies":[{"name":"wp","href":"https:\/\/api.w.org\/{rel}","templated":true}]}}