{"id":361,"date":"2024-04-26T07:41:31","date_gmt":"2024-04-26T07:41:31","guid":{"rendered":"https:\/\/b2b.mideer.lt\/product\/window-shade-for-kids-adventure\/"},"modified":"2026-04-22T22:03:30","modified_gmt":"2026-04-22T22:03:30","slug":"window-shade-for-kids-adventure","status":"publish","type":"product","link":"https:\/\/b2b.mideer.lt\/lv\/product\/window-shade-for-kids-adventure\/","title":{"rendered":"Logu tapetes b\u0113rniem piedz\u012bvojumi"},"content":{"rendered":"<h4 data-sourcepos=\"3:1-3:61\"><strong>Pasarg\u0101jiet savus mazos pasa\u017eierus no karst\u0101s saules un \u013caujiet vi\u0146iem vienlaikus baud\u012bt skatu pa logu ar \u0161o viegli uzliekamo un no\u0146emamo logu aizsegu b\u0113rniem!<\/strong><\/h4>\n<p data-sourcepos=\"5:1-5:2\"><strong>Galven\u0101s funkcijas:<\/strong><\/p>\n<ul data-sourcepos=\"7:1-7:73\">\n<li data-sourcepos=\"7:1-7:73\"><strong>Saules aizsardz\u012bba:<\/strong> Ekr\u0101ns ir izgatavots no iztur\u012bga auduma un blo\u0137\u0113 kait\u012bgos UV starus, pasarg\u0101jot j\u016bsu b\u0113rnu jut\u012bgo \u0101du no saules apdegumiem.<\/li>\n<li data-sourcepos=\"8:1-8:18\"><strong>Tas ir jauks skats:<\/strong> Pat tad, kad logs ir aizv\u0113rts, tapetes paliek caursp\u012bd\u012bgas, \u013caujot mazajiem v\u0113rot ce\u013cojumu un p\u0113t\u012bt apk\u0101rtni.<\/li>\n<li data-sourcepos=\"9:1-9:150\"><strong>Lieto\u0161anas \u0113rtums:<\/strong> Atloku var \u0101tri un viegli piestiprin\u0101t, neizmantojot papildu deta\u013cas un neboj\u0101jot automa\u0161\u012bnas virsmu.<\/li>\n<li data-sourcepos=\"10:1-10:23\"><strong>Viegla apkope:<\/strong> Ekr\u0101ns ir viegli no\u0146emams un mazg\u0101jams, t\u0101p\u0113c varat to vienm\u0113r uztur\u0113t t\u012bru un k\u0101rt\u012bgu.<\/li>\n<li data-sourcepos=\"11:1-12:0\"><strong>Iztur\u012bgs:<\/strong> Izgatavots no iztur\u012bga auduma, atloks var iztur\u0113t da\u017e\u0101dus ce\u013cojuma p\u0101rsteigumus, piem\u0113ram, dub\u013cus, smiltis un \u0113diena drupatas.<\/li>\n<\/ul>\n<p data-sourcepos=\"13:1-13:32\"><strong>Ide\u0101li piem\u0113rots ce\u013co\u0161anai kop\u0101 ar b\u0113rniem:<\/strong><\/p>\n<ul data-sourcepos=\"15:1-18:0\">\n<li data-sourcepos=\"15:1-15:88\">Lieliski piem\u0113rots gar\u0101kiem braucieniem ar automa\u0161\u012bnu, \u012bpa\u0161i vasar\u0101, kad saule ir \u012bpa\u0161i akt\u012bva.<\/li>\n<li data-sourcepos=\"16:1-16:98\">Aizsarg\u0101 mazos pasa\u017eierus no saules pat \u012bsos braucienos uz veikalu vai b\u0113rnud\u0101rzu.<\/li>\n<li data-sourcepos=\"17:1-18:0\">Nodro\u0161ina m\u0101j\u012bgu un priv\u0101tu atmosf\u0113ru j\u016bsu b\u0113rniem ce\u013cojuma laik\u0101.<\/li>\n<\/ul>\n<p data-sourcepos=\"19:1-19:108\"><strong>Nodro\u0161iniet savu b\u0113rnu komfortu un dro\u0161\u012bbu ce\u013cojumos, izmantojot \u0161o \u0113rto un praktisko auto gl\u0101b\u0161anas ier\u012bci!<\/strong><\/p>\n<ul>\n<li><strong>D\u0117\u017eut\u0117s matmenys:<\/strong> 50 cm x 32 cm x 0 cm<\/li>\n<li><strong>Ietver:<\/strong> 2 bro\u0161\u016bras, 1 maisi\u0146\u0161, 1 instrukcija<\/li>\n<li><strong>Da\u013cu skaits:<\/strong> 2 gab.<\/li>\n<li><strong>Specialus bruo\u017eas:<\/strong> UV aizsardz\u012bba<\/li>\n<li><strong>Materi\u0101ls:<\/strong> T\u012bkls, PVC elektrostatisk\u0101 pl\u0113ve, t\u0113rauda gredzens, Oksfordas audums<\/li>\n<\/ul>","protected":false},"excerpt":{"rendered":"<p>Apsaugokite savo ma\u017euosius keleivius nuo kaitrios saul\u0117s ir kartu leiskite jiems m\u0117gautis vaizdu pro lang\u0105 su \u0161ia lengvai u\u017ededama ir nuimama lango u\u017esklanda vaikams! Pagrindin\u0117s savyb\u0117s: Apsauga nuo saul\u0117s: Pagaminta i\u0161 tvirto audinio, u\u017esklanda blokuoja kenksmingus UV spindulius, saugodama j\u016bs\u0173 vaik\u0173 jautri\u0105 od\u0105 nuo saul\u0117s nudegimo. Smagus vaizdas: Net ir u\u017edengus lang\u0105, u\u017esklanda i\u0161laiko skaidrum\u0105, leisdama ma\u017eyliams steb\u0117ti kelion\u0119 ir tyrin\u0117ti aplink\u0105. Lengvas naudojimas: U\u017esklanda tvirtinama lengvai ir greitai, nenaudojanr joki\u0173 papildom\u0173 detali\u0173, nepa\u017eeid\u017eiant automobilio pavir\u0161iaus. Lengva prie\u017ei\u016bra: U\u017esklanda lengvai nuimama ir plaunama, tod\u0117l j\u0105 visada galima palaikyti \u0161vari\u0105 ir tvarking\u0105. Atspari: Pagaminta i\u0161 patvaraus audinio, u\u017esklanda atlaiko \u012fvairius kelioni\u0173 netik\u0117tumus, tokius kaip purvas,sm\u0117lis ar maisto trupiniai. Ideali kelion\u0117ms su vaikais: Puikiai tinka ilgesn\u0117ms kelion\u0117ms automobiliu, ypa\u010d vasar\u0105, kai saul\u0117 yra ypa\u010d aktyvi. Saugo ma\u017euosius keleivius nuo saul\u0117s poveikio net ir trumpose kelion\u0117se \u012f parduotuv\u0119 ar dar\u017eel\u012f. Suteikia jaukumo ir privatumo jausm\u0105 j\u016bs\u0173 vaikams kelion\u0117s metu. U\u017etikrinkite savo vaik\u0173 komfort\u0105 ir saugum\u0105 kelion\u0117se su \u0161ia patogia ir prakti\u0161ka automobilio u\u017esklanda! D\u0117\u017eut\u0117s matmenys: 50 cm x 32 cm x 0 cm Komplekte: 2 lapeliai, 1 mai\u0161elis, 1 instrukcija Dali\u0173 skai\u010dius: 2 vnt. Specialus bruo\u017eas: UV apsauga Med\u017eiaga: Tinklelis, PVC elektrostatinis pl\u0117velis, plieninis \u017eiedas, Oxford audinys<\/p>","protected":false},"featured_media":2075,"template":"","meta":[],"product_brand":[],"product_cat":[280,277,273],"product_tag":[110,138,175,144,176,177,22,108],"class_list":{"0":"post-361","1":"product","2":"type-product","3":"status-publish","4":"has-post-thumbnail","6":"product_cat-akcija","7":"product_cat-smart-products-filter-index-do-not-delete","8":"product_cat-visi-aksesuarai","9":"product_tag-accessories","10":"product_tag-age-0-2-years","11":"product_tag-apsauga-nuo-saules","12":"product_tag-dinosaurs","13":"product_tag-kelionei-su-vaiku","14":"product_tag-masinos-aksesuarai","15":"product_tag-regular-sale","16":"product_tag-singles-day","18":"first","19":"instock","20":"taxable","21":"shipping-taxable","22":"product-type-simple"},"jetpack_sharing_enabled":true,"_links":{"self":[{"href":"https:\/\/b2b.mideer.lt\/lv\/wp-json\/wp\/v2\/product\/361"}],"collection":[{"href":"https:\/\/b2b.mideer.lt\/lv\/wp-json\/wp\/v2\/product"}],"about":[{"href":"https:\/\/b2b.mideer.lt\/lv\/wp-json\/wp\/v2\/types\/product"}],"wp:featuredmedia":[{"embeddable":true,"href":"https:\/\/b2b.mideer.lt\/lv\/wp-json\/wp\/v2\/media\/2075"}],"wp:attachment":[{"href":"https:\/\/b2b.mideer.lt\/lv\/wp-json\/wp\/v2\/media?parent=361"}],"wp:term":[{"taxonomy":"product_brand","embeddable":true,"href":"https:\/\/b2b.mideer.lt\/lv\/wp-json\/wp\/v2\/product_brand?post=361"},{"taxonomy":"product_cat","embeddable":true,"href":"https:\/\/b2b.mideer.lt\/lv\/wp-json\/wp\/v2\/product_cat?post=361"},{"taxonomy":"product_tag","embeddable":true,"href":"https:\/\/b2b.mideer.lt\/lv\/wp-json\/wp\/v2\/product_tag?post=361"}],"curies":[{"name":"wp","href":"https:\/\/api.w.org\/{rel}","templated":true}]}}