{"id":329,"date":"2024-04-26T07:40:55","date_gmt":"2024-04-26T07:40:55","guid":{"rendered":"https:\/\/b2b.mideer.lt\/product\/portable-spray-cup-blush-pink\/"},"modified":"2026-04-03T07:30:51","modified_gmt":"2026-04-03T07:30:51","slug":"gertuve-2in1-su-vandens-dulksna-blush-pink","status":"publish","type":"product","link":"https:\/\/b2b.mideer.lt\/lv\/product\/gertuve-2in1-su-vandens-dulksna-blush-pink\/","title":{"rendered":"2in1 \u016bdens miglas dzeramais apar\u0101ts - s\u0101rti roz\u0101 kr\u0101s\u0101"},"content":{"rendered":"<p data-sourcepos=\"5:1-5:366\">Atsvaidzino\u0161s dz\u0113riens karst\u0101 dien\u0101! Ne tikai satur dz\u0113rienus, bet ar\u012b <strong>izsmidzinot \u016bdens miglu<\/strong>! \u012apa\u0161\u0101 tehnolo\u0123ija atdzes\u0113 gan dz\u0113rienu trauk\u0101, gan j\u016bs. Dz\u0113riens ir <strong>siltuma izol\u0101cija<\/strong>lai dz\u0113riens ilgi saglab\u0101tos svaigs. Piem\u0113rots visur un vienm\u0113r, <strong>viegli un \u0113rti p\u0101rn\u0113s\u0101jams<\/strong>. <strong>Aizz\u012bmogots v\u0101ks<\/strong> un <strong>maigs silikons<\/strong> pasarg\u0101 dz\u0113rienu no triecieniem, t\u0101p\u0113c produkts kalpos ilgi.<\/p>\n<ul>\n<li><strong>Am\u017eius:<\/strong> 3+<\/li>\n<li><strong>D\u0117\u017eut\u0117s matmenys:<\/strong> 11 cm x 9 cm x 22 cm<\/li>\n<li><strong>Spalvos:<\/strong> Roz\u0101, ceri\u0146i, dzeltens<\/li>\n<li><strong>Materi\u0101ls:<\/strong> Trit\u0101ns, p\u0101rtikas silikons<\/li>\n<\/ul>","protected":false},"excerpt":{"rendered":"<p>Gaivinanti gertuv\u0117 kar\u0161tai dienai! Ne tik talpina g\u0117rimus, bet ir pur\u0161kia vandens dulksn\u0105! Naudojama speciali technologija v\u0117sina tiek g\u0117rim\u0105 gertuv\u0117je, tiek tave pat\u012f. Gertuv\u0117 yra izoliuojanti \u0161ilum\u0105, tod\u0117l g\u0117rimas i\u0161liks gaivus ilg\u0105 laiko tarp\u0105. Tinka visur ir visada, paprasta ir patogu ne\u0161iotis. Sandarus dangtelis ir \u0161velnus silikonas saugo gertuv\u0119 nuo sm\u016bgi\u0173, tod\u0117l produktas tarnaus ilgai. Am\u017eius: 3+ D\u0117\u017eut\u0117s matmenys: 11 cm x 9 cm x 22 cm Spalvos: Rausva, alyvin\u0117, geltona Med\u017eiaga: Tritan, maisto klas\u0117s silikonas<\/p>","protected":false},"featured_media":4383,"template":"","meta":[],"product_brand":[],"product_cat":[234,235,236,239,242,244,255,277,273],"product_tag":[110,16,160,161,162,163,164,22,165,166,167],"class_list":{"0":"post-329","1":"product","2":"type-product","3":"status-publish","4":"has-post-thumbnail","6":"product_cat-3-4-metai","7":"product_cat-5-6-metai","8":"product_cat-6-metai","9":"product_cat-daugiau-zaislu-ir-zaidimu","10":"product_cat-dovanu-idejos","11":"product_cat-kas-populiaru","12":"product_cat-naujienos","13":"product_cat-smart-products-filter-index-do-not-delete","14":"product_cat-visi-aksesuarai","15":"product_tag-accessories","16":"product_tag-age-3-4-years","17":"product_tag-duksna","18":"product_tag-gertuve-vaikams","19":"product_tag-kaip-atsigaivinti-vasara","20":"product_tag-nesiojama-gertuve","21":"product_tag-patogi-gertuve","22":"product_tag-regular-sale","23":"product_tag-termo-gertuve","24":"product_tag-tritan-gertuve","25":"product_tag-vaikiska-gertuve","27":"first","28":"outofstock","29":"taxable","30":"shipping-taxable","31":"product-type-simple"},"jetpack_sharing_enabled":true,"_links":{"self":[{"href":"https:\/\/b2b.mideer.lt\/lv\/wp-json\/wp\/v2\/product\/329"}],"collection":[{"href":"https:\/\/b2b.mideer.lt\/lv\/wp-json\/wp\/v2\/product"}],"about":[{"href":"https:\/\/b2b.mideer.lt\/lv\/wp-json\/wp\/v2\/types\/product"}],"wp:featuredmedia":[{"embeddable":true,"href":"https:\/\/b2b.mideer.lt\/lv\/wp-json\/wp\/v2\/media\/4383"}],"wp:attachment":[{"href":"https:\/\/b2b.mideer.lt\/lv\/wp-json\/wp\/v2\/media?parent=329"}],"wp:term":[{"taxonomy":"product_brand","embeddable":true,"href":"https:\/\/b2b.mideer.lt\/lv\/wp-json\/wp\/v2\/product_brand?post=329"},{"taxonomy":"product_cat","embeddable":true,"href":"https:\/\/b2b.mideer.lt\/lv\/wp-json\/wp\/v2\/product_cat?post=329"},{"taxonomy":"product_tag","embeddable":true,"href":"https:\/\/b2b.mideer.lt\/lv\/wp-json\/wp\/v2\/product_tag?post=329"}],"curies":[{"name":"wp","href":"https:\/\/api.w.org\/{rel}","templated":true}]}}