{"id":269,"date":"2024-04-26T07:39:59","date_gmt":"2024-04-26T07:39:59","guid":{"rendered":"https:\/\/b2b.mideer.lt\/product\/pirstu-dazai-12-spalvu\/"},"modified":"2026-04-19T07:29:50","modified_gmt":"2026-04-19T07:29:50","slug":"pirstu-dazai-12-spalvu","status":"publish","type":"product","link":"https:\/\/b2b.mideer.lt\/lv\/product\/pirstu-dazai-12-spalvu\/","title":{"rendered":"Pirkstu kr\u0101sas - 12 kr\u0101sas"},"content":{"rendered":"<p data-sourcepos=\"5:1-5:319\">Pie\u0161imas pir\u0161tukais lavina ir d\u017eiugina! Mink\u0161ti, kremin\u0117s tekst\u016bros, saug\u016bs ir netoksi\u0161ki da\u017eai ma\u017e\u0173j\u0173 pir\u0161tukams leis atskleisti k\u016brybinius talentus be baim\u0117s i\u0161sitepti. Da\u017eai lengvai nusiplauna muilu ir vandeniu. Tir\u0161ti ir ry\u0161ki\u0173 spalv\u0173, tod\u0117l pie\u0161ti ypa\u010d smagu ir \u012fdomu!<\/p>\n<ul>\n<li><strong style=\"font-family: -apple-system, BlinkMacSystemFont, 'San Francisco', 'Segoe UI', Roboto, 'Helvetica Neue', sans-serif;font-size: 0.875rem\">Am\u017eius:<\/strong><span style=\"font-family: -apple-system, BlinkMacSystemFont, 'San Francisco', 'Segoe UI', Roboto, 'Helvetica Neue', sans-serif;font-size: 0.875rem\"> 3+<\/span><\/li>\n<li><span style=\"font-family: -apple-system, BlinkMacSystemFont, 'San Francisco', 'Segoe UI', Roboto, 'Helvetica Neue', sans-serif;font-size: 0.875rem\"><strong>D\u0117\u017eut\u0117s matmenys:<\/strong> 12,5 x 7,8 x 11,6 cm<\/span><\/li>\n<li><strong style=\"font-family: -apple-system, BlinkMacSystemFont, 'San Francisco', 'Segoe UI', Roboto, 'Helvetica Neue', sans-serif;font-size: 0.875rem\">Spalvos:<\/strong><span style=\"font-family: -apple-system, BlinkMacSystemFont, 'San Francisco', 'Segoe UI', Roboto, 'Helvetica Neue', sans-serif;font-size: 0.875rem\"> 12 salas<\/span><\/li>\n<li><strong style=\"font-family: -apple-system, BlinkMacSystemFont, 'San Francisco', 'Segoe UI', Roboto, 'Helvetica Neue', sans-serif;font-size: 0.875rem\">Specialus bruo\u017eas:<\/strong><span style=\"font-family: -apple-system, BlinkMacSystemFont, 'San Francisco', 'Segoe UI', Roboto, 'Helvetica Neue', sans-serif;font-size: 0.875rem\"> Plaunamos<\/span><\/li>\n<\/ul>","protected":false},"excerpt":{"rendered":"<p>Pie\u0161imas pir\u0161tukais lavina ir d\u017eiugina! Mink\u0161ti, kremin\u0117s tekst\u016bros, saug\u016bs ir netoksi\u0161ki da\u017eai ma\u017e\u0173j\u0173 pir\u0161tukams leis atskleisti k\u016brybinius talentus be baim\u0117s i\u0161sitepti. Da\u017eai lengvai nusiplauna muilu ir vandeniu. Tir\u0161ti ir ry\u0161ki\u0173 spalv\u0173, tod\u0117l pie\u0161ti ypa\u010d smagu ir \u012fdomu! Am\u017eius: 3+ D\u0117\u017eut\u0117s matmenys: 12,5 x 7,8 x 11,6 cm Spalvos: 12 salv\u0173 Specialus bruo\u017eas: Plaunamos<\/p>","protected":false},"featured_media":4488,"template":"","meta":[],"product_brand":[],"product_cat":[233,234,242,244,250,252,277,268,275],"product_tag":[30,16,41,27,20,54,55,47,22,48,49,137],"class_list":{"0":"post-269","1":"product","2":"type-product","3":"status-publish","4":"has-post-thumbnail","6":"product_cat-0-2-metai","7":"product_cat-3-4-metai","8":"product_cat-dovanu-idejos","9":"product_cat-kas-populiaru","10":"product_cat-menai-ir-kurybiniai-uzsiemimai","11":"product_cat-meno-reikmenys","12":"product_cat-smart-products-filter-index-do-not-delete","13":"product_cat-spalvinimo-priemones","14":"product_cat-visos-meno-prekes","15":"product_tag-2023-new-in","16":"product_tag-age-3-4-years","17":"product_tag-art-supplies","18":"product_tag-arts-crafts","19":"product_tag-gift","20":"product_tag-menininko-rinkinys","21":"product_tag-piesimas-maziesiams","22":"product_tag-piesimo-reikmenys","23":"product_tag-regular-sale","24":"product_tag-ryskios-spalvos","25":"product_tag-spalvinimo-priemones","26":"product_tag-spalvinimui","28":"first","29":"instock","30":"taxable","31":"shipping-taxable","32":"product-type-simple"},"jetpack_sharing_enabled":true,"_links":{"self":[{"href":"https:\/\/b2b.mideer.lt\/lv\/wp-json\/wp\/v2\/product\/269"}],"collection":[{"href":"https:\/\/b2b.mideer.lt\/lv\/wp-json\/wp\/v2\/product"}],"about":[{"href":"https:\/\/b2b.mideer.lt\/lv\/wp-json\/wp\/v2\/types\/product"}],"wp:featuredmedia":[{"embeddable":true,"href":"https:\/\/b2b.mideer.lt\/lv\/wp-json\/wp\/v2\/media\/4488"}],"wp:attachment":[{"href":"https:\/\/b2b.mideer.lt\/lv\/wp-json\/wp\/v2\/media?parent=269"}],"wp:term":[{"taxonomy":"product_brand","embeddable":true,"href":"https:\/\/b2b.mideer.lt\/lv\/wp-json\/wp\/v2\/product_brand?post=269"},{"taxonomy":"product_cat","embeddable":true,"href":"https:\/\/b2b.mideer.lt\/lv\/wp-json\/wp\/v2\/product_cat?post=269"},{"taxonomy":"product_tag","embeddable":true,"href":"https:\/\/b2b.mideer.lt\/lv\/wp-json\/wp\/v2\/product_tag?post=269"}],"curies":[{"name":"wp","href":"https:\/\/api.w.org\/{rel}","templated":true}]}}