{"id":262,"date":"2024-04-26T07:39:53","date_gmt":"2024-04-26T07:39:53","guid":{"rendered":"https:\/\/b2b.mideer.lt\/product\/jelly-sticker-set-incredible-aquarium\/"},"modified":"2026-04-23T12:02:38","modified_gmt":"2026-04-23T12:02:38","slug":"jelly-sticker-set-incredible-aquarium","status":"publish","type":"product","link":"https:\/\/b2b.mideer.lt\/lv\/product\/jelly-sticker-set-incredible-aquarium\/","title":{"rendered":"Vair\u0101kk\u0101rt lietojamas uzl\u012bmes b\u0113rniem Br\u012bni\u0161\u0137\u012bgais akv\u0101rijs"},"content":{"rendered":"<p data-mce-fragment=\"1\">Vair\u0101kk\u0101rt lietojamas uzl\u012bmes Apbr\u012bnojamais akv\u0101rijs.\u016adensiztur\u012bgu uzl\u012bmju komplekts b\u0113rniem, kas att\u012bsta roku un acu koordin\u0101ciju. Sp\u0113l\u0113\u0161an\u0101s ar uzl\u012bm\u0113m veicina rado\u0161umu un izzi\u0146as att\u012bst\u012bbu. \u0160\u012bs uzl\u012bmes ir vair\u0101kk\u0101rt lietojamas, \u013caujot t\u0101s vair\u0101kk\u0101rt izmantot uz da\u017e\u0101d\u0101m virsm\u0101m. \u0160\u012bs \u016bdensnecaurlaid\u012bg\u0101s uzl\u012bmes ir izgatavotas no dro\u0161iem, netoksiskiem materi\u0101liem, un t\u0101s ir bezr\u016bp\u012bga izv\u0113le vec\u0101kiem, kas mekl\u0113 izgl\u012btojo\u0161as un sensor\u0101s rota\u013cu aktivit\u0101tes maziem b\u0113rniem.<\/p>\n<p data-mce-fragment=\"1\">T\u0113ma \"Br\u012bni\u0161\u0137\u012bgais akv\u0101rijs\" \u013cauj b\u0113rniem iegremd\u0113ties zem\u016bdens piedz\u012bvojum\u0101. Uzl\u012bmes ar j\u016bras dz\u012bvnieku mot\u012bviem, ko var uzl\u012bm\u0113t uz fona ar \u016bdens tematiku.<\/p>\n<ul data-mce-fragment=\"1\">\n<li data-mce-fragment=\"1\"><strong data-mce-fragment=\"1\">Vecums<\/strong>: 3+<\/li>\n<li data-mce-fragment=\"1\"><strong data-mce-fragment=\"1\">Kastes izm\u0113ri<\/strong>: 11.73\u2033 x 9.13\u2033<\/li>\n<li data-mce-fragment=\"1\"><strong data-mce-fragment=\"1\">Tostarp<\/strong>: 1 kartona k\u0101rba, 1 lapa (43 uzl\u012bmes)<\/li>\n<li data-mce-fragment=\"1\"><strong data-mce-fragment=\"1\">Pieejams no<\/strong>: pap\u012brs, TPE<\/li>\n<\/ul>","protected":false},"excerpt":{"rendered":"<p>Daugkartiniai lipdukai Nuostabus akvariumas. vandeniui atspari\u0173 lipduk\u0173 rinkinys skirtas vaikams, lavina rank\u0173 ir aki\u0173 koordinacij\u0105. \u017daidimai su lipdukais skatina k\u016brybi\u0161kum\u0105 ir kognityvin\u0119 raid\u0105. \u0160ie lipdukai yra daugkartinio naudojimo, leid\u017eiant daug kart\u0173 lipinti lipdukus ant \u012fvairi\u0173 pavir\u0161i\u0173. Pagaminti i\u0161 saugi\u0173, netoksi\u0161k\u0173 med\u017eiag\u0173, \u0161ie vandeniui atspar\u016bs lipdukai yra nerim\u0105 ma\u017einantis pasirinkimas t\u0117vams, ie\u0161kantiems edukacini\u0173 ir sensorini\u0173 \u017eaidim\u0173 veikl\u0173 ma\u017eiems vaikams. Tema &#8220;Nuostabus akvariumas&#8221; leid\u017eia vaikams panirti po vandeniu ie\u0161kant nuotyki\u0173. Lipdukai su j\u016brini\u0173 gyv\u016bn\u0173 motyvais, kuriuos galima klijuoti ant vandens tema dekoruoto fono. Am\u017eius: 3+ D\u0117\u017e\u0117s i\u0161matavimai: 11.73&#8243; x 9.13&#8243; \u012eskaitant: 1 karton\u0105, 1 lap\u0105 (43 lipdukai) Med\u017eiaga: popierius, TPE<\/p>","protected":false},"featured_media":1683,"template":"","meta":[],"product_brand":[],"product_cat":[234,237,239,262,264,277,275,276],"product_tag":[16,17,62,27,40,126,123,127,128,129,130,25,131,23],"class_list":{"0":"post-262","1":"product","2":"type-product","3":"status-publish","4":"has-post-thumbnail","6":"product_cat-3-4-metai","7":"product_cat-ankstyvo-lavinimo-zaidimai","8":"product_cat-daugiau-zaislu-ir-zaidimu","9":"product_cat-pagal-amziu","10":"product_cat-perkamiausi","11":"product_cat-smart-products-filter-index-do-not-delete","12":"product_cat-visos-meno-prekes","13":"product_cat-zaislai-ir-zaidimai","14":"product_tag-age-3-4-years","15":"product_tag-age-5-6-years","16":"product_tag-animals-nature","17":"product_tag-arts-crafts","18":"product_tag-best-sellers","19":"product_tag-daugkartiniai-lipdukai","20":"product_tag-early-learning-toys","21":"product_tag-ilgalaikiai-lipdukai","22":"product_tag-klijuojami-lipdukai","23":"product_tag-lipdukai-vaikams","24":"product_tag-lipduku-rinkinys","25":"product_tag-new-arrivals","26":"product_tag-stori-lipdukai","27":"product_tag-test","29":"first","30":"instock","31":"taxable","32":"shipping-taxable","33":"product-type-simple"},"jetpack_sharing_enabled":true,"_links":{"self":[{"href":"https:\/\/b2b.mideer.lt\/lv\/wp-json\/wp\/v2\/product\/262"}],"collection":[{"href":"https:\/\/b2b.mideer.lt\/lv\/wp-json\/wp\/v2\/product"}],"about":[{"href":"https:\/\/b2b.mideer.lt\/lv\/wp-json\/wp\/v2\/types\/product"}],"wp:featuredmedia":[{"embeddable":true,"href":"https:\/\/b2b.mideer.lt\/lv\/wp-json\/wp\/v2\/media\/1683"}],"wp:attachment":[{"href":"https:\/\/b2b.mideer.lt\/lv\/wp-json\/wp\/v2\/media?parent=262"}],"wp:term":[{"taxonomy":"product_brand","embeddable":true,"href":"https:\/\/b2b.mideer.lt\/lv\/wp-json\/wp\/v2\/product_brand?post=262"},{"taxonomy":"product_cat","embeddable":true,"href":"https:\/\/b2b.mideer.lt\/lv\/wp-json\/wp\/v2\/product_cat?post=262"},{"taxonomy":"product_tag","embeddable":true,"href":"https:\/\/b2b.mideer.lt\/lv\/wp-json\/wp\/v2\/product_tag?post=262"}],"curies":[{"name":"wp","href":"https:\/\/api.w.org\/{rel}","templated":true}]}}