{"id":261,"date":"2024-04-26T07:39:52","date_gmt":"2024-04-26T07:39:52","guid":{"rendered":"https:\/\/b2b.mideer.lt\/product\/jelly-sticker-set-the-busy-animal-town\/"},"modified":"2026-04-19T07:29:54","modified_gmt":"2026-04-19T07:29:54","slug":"daugkartiniai-lipdukai-gyvunu-miestas","status":"publish","type":"product","link":"https:\/\/b2b.mideer.lt\/lv\/product\/daugkartiniai-lipdukai-gyvunu-miestas\/","title":{"rendered":"Vair\u0101kk\u0101rt lietojamas uzl\u012bmes Animal City"},"content":{"rendered":"<h2 class=\"\" data-sourcepos=\"1:1-1:80\">Dz\u012bvnieku pils\u0113ta daudzk\u0101rt lietojamas uzl\u012bmes: iedz\u012bvini izt\u0113li un piedz\u012bvojumus!<\/h2>\n<p data-sourcepos=\"3:1-3:2\"><strong>Dodieties ce\u013cojum\u0101 uz dz\u012bv\u012bgo un ros\u012bgo \"Dz\u012bvnieku pils\u0113tu\" ar atk\u0101rtoti lietojamo uzl\u012bmju komplektu!<\/strong> \u0160\u012b rota\u013clieta ne tikai izklaid\u0113 b\u0113rnus, bet ar\u012b stimul\u0113 vi\u0146u rado\u0161umu, izt\u0113li un s\u012bko motoriku.<\/p>\n<p data-sourcepos=\"5:1-5:64\"><strong>K\u0101p\u0113c izv\u0113l\u0113ties atk\u0101rtoti lietojam\u0101s uzl\u012bmes Animal City?<\/strong><\/p>\n<p><strong>Atkl\u0101ta sp\u0113le:<\/strong> Uzl\u012bmes \u013cauj b\u0113rniem br\u012bvi veidot savus st\u0101stus un scen\u0101rijus, rosinot vi\u0146u izt\u0113li un rado\u0161umu.<\/p>\n<p><strong>Izgl\u012btojo\u0161\u0101 v\u0113rt\u012bba:<\/strong> Sp\u0113l\u0113joties ar uzl\u012bm\u0113m, b\u0113rni var uzzin\u0101t par da\u017e\u0101diem dz\u012bvniekiem, to dz\u012bvesveidu un vidi.<\/p>\n<p><strong>Att\u012bsta s\u012bko motoriku:<\/strong> Atverot un p\u0101rvietojot uzl\u012bmes, b\u0113rni att\u012bsta s\u012bko motoriku un roku-acu koordin\u0101ciju.<\/p>\n<p><strong>Atk\u0101rtoti lietojams:<\/strong> Uzl\u012bmes ir izgatavotas no iztur\u012bgiem un atk\u0101rtoti lietojamiem materi\u0101liem, t\u0101p\u0113c b\u0113rni ar t\u0101m var sp\u0113l\u0113ties atkal un atkal.<\/p>\n<p><strong>Dro\u0161s un netoksisks:<\/strong> Uzl\u012bmes ir izgatavotas no dro\u0161iem un netoksiskiem materi\u0101liem, t\u0101p\u0113c vec\u0101ki var b\u016bt dro\u0161i, ka vi\u0146u b\u0113rni rota\u013c\u0101jas bez raiz\u0113m.<\/p>\n<p><strong>Sensor\u0101s rota\u013cas:<\/strong> Uzl\u012bmju daudzveid\u012bba un tekst\u016bra sniedz b\u0113rniem sensorus iespaidus, kas var pal\u012bdz\u0113t vi\u0146iem nomierin\u0101ties un koncentr\u0113ties.<\/p>\n<p data-sourcepos=\"14:1-14:38\"><strong>Komplekt\u0101 \"Dz\u012bvnieku pils\u0113ta\" atrad\u012bsiet:<\/strong><\/p>\n<p>Uzl\u012bmes ar burv\u012bgiem dz\u012bvnieku t\u0113liem da\u017e\u0101d\u0101s kr\u0101s\u0101s.<\/p>\n<p>Uzl\u012bmes da\u017e\u0101d\u0101m \u0113k\u0101m un objektiem, lai rad\u012btu unik\u0101lu pils\u0113tvidi.<\/p>\n<p>Lieli pils\u0113tas foni, uz kuriem b\u0113rni var veidot savus scen\u0101rijus.<\/p>\n<ul data-mce-fragment=\"1\">\n<li data-mce-fragment=\"1\"><strong data-mce-fragment=\"1\">Vecums<\/strong>: 3+<\/li>\n<li data-mce-fragment=\"1\"><strong data-mce-fragment=\"1\">Kastes izm\u0113ri<\/strong>: 11.73\u2033 x 9.13\u2033<\/li>\n<li data-mce-fragment=\"1\"><strong data-mce-fragment=\"1\">Tostarp<\/strong>: 1 kartona k\u0101rba, 1 lapa (38 uzl\u012bmes)<\/li>\n<li data-mce-fragment=\"1\"><strong data-mce-fragment=\"1\">Pieejams no<\/strong>: pap\u012brs, TPE<\/li>\n<\/ul>","protected":false},"excerpt":{"rendered":"<p>Daugkartiniai lipdukai Gyv\u016bn\u0173 Miestas: atgaivinkite vaizduot\u0119 ir nuotykius! Atlikite kelion\u0119 \u012f gyvybing\u0105 ir \u0161urmuliuojant\u012f &#8220;Gyv\u016bn\u0173 Miest\u0105&#8221; su daugkartini\u0173 lipduk\u0173 rinkiniu! \u0160is \u017eaislas ne tik linksmina vaikus, bet ir skatina j\u0173 k\u016brybi\u0161kum\u0105, vaizduot\u0119 ir smulki\u0105j\u0105 motorik\u0105. Kod\u0117l verta rinktis daugkartinius lipdukus &#8220;Gyv\u016bn\u0173 Miestas&#8221;? Atviras \u017eaidimas: Lipdukai leid\u017eia vaikams laisvai kurti savo istorijas ir scenarijus, skatindami vaizduot\u0119 ir k\u016brybi\u0161kum\u0105. Edukacin\u0117 vert\u0117: \u017daid\u017eiant su lipdukais vaikai gali pa\u017einti \u012fvairius gyv\u016bnus, j\u0173 gyvenimo b\u016bd\u0105 ir aplink\u0105. Lavina smulki\u0105j\u0105 motorik\u0105: Lipduk\u0173 atpl\u0117\u0161imas ir perk\u0117limas padeda vaikams lavinti smulki\u0105j\u0105 motorik\u0105 ir rank\u0173 judesi\u0173 koordinacij\u0105. Daugkartinis naudojimas: Lipdukai yra pagaminti i\u0161 patvari\u0173 ir daugkartinio naudojimo med\u017eiag\u0173, tod\u0117l vaikai gali jais \u017eaisti v\u0117l ir v\u0117l. Saugus ir netoksi\u0161kas: Lipdukai pagaminti i\u0161 saugi\u0173 ir netoksi\u0161k\u0173 med\u017eiag\u0173, tod\u0117l t\u0117vai gali b\u016bti ram\u016bs, kad j\u0173 vaikai \u017eaid\u017eia be r\u016bpes\u010di\u0173. Sensorinis \u017eaidimas: Lipduk\u0173 \u012fvairov\u0117 ir tekst\u016bra suteikia vaikams sensorini\u0173 potyri\u0173, kurie gali pad\u0117ti jiems nuraminti ir susikaupti. &#8220;Gyv\u016bn\u0173 Miestas&#8221; rinkinyje rasite: \u012evairi\u0173 spalv\u0173 lipdukus su \u017eavingais gyv\u016bn\u0173 persona\u017eais. \u012evairi\u0173 pastat\u0173 ir objekt\u0173 lipdukus, skirtus sukurti unikali\u0105 miesto aplink\u0105. Didelius miesto fonus, ant kuri\u0173 vaikai gali kurti savo scenarijus. Am\u017eius: 3+ D\u0117\u017e\u0117s i\u0161matavimai: 11.73&#8243; x 9.13&#8243; \u012eskaitant: 1 karton\u0105, 1 lap\u0105 (38 lipdukai) Med\u017eiaga: popierius, TPE<\/p>","protected":false},"featured_media":1677,"template":"","meta":[],"product_brand":[],"product_cat":[234,237,239,272,264,277,275,276],"product_tag":[16,17,27,40,126,123,66,133,127,128,36,129,130,134,22,29,23],"class_list":{"0":"post-261","1":"product","2":"type-product","3":"status-publish","4":"has-post-thumbnail","6":"product_cat-3-4-metai","7":"product_cat-ankstyvo-lavinimo-zaidimai","8":"product_cat-daugiau-zaislu-ir-zaidimu","9":"product_cat-kaledines-dovanos","10":"product_cat-perkamiausi","11":"product_cat-smart-products-filter-index-do-not-delete","12":"product_cat-visos-meno-prekes","13":"product_cat-zaislai-ir-zaidimai","14":"product_tag-age-3-4-years","15":"product_tag-age-5-6-years","16":"product_tag-arts-crafts","17":"product_tag-best-sellers","18":"product_tag-daugkartiniai-lipdukai","19":"product_tag-early-learning-toys","20":"product_tag-gamta","21":"product_tag-gyvunu-deliones","22":"product_tag-ilgalaikiai-lipdukai","23":"product_tag-klijuojami-lipdukai","24":"product_tag-kol-koc","25":"product_tag-lipdukai-vaikams","26":"product_tag-lipduku-rinkinys","27":"product_tag-personazai","28":"product_tag-regular-sale","29":"product_tag-stickers-sticker-books","30":"product_tag-test","32":"first","33":"instock","34":"taxable","35":"shipping-taxable","36":"product-type-simple"},"jetpack_sharing_enabled":true,"_links":{"self":[{"href":"https:\/\/b2b.mideer.lt\/lv\/wp-json\/wp\/v2\/product\/261"}],"collection":[{"href":"https:\/\/b2b.mideer.lt\/lv\/wp-json\/wp\/v2\/product"}],"about":[{"href":"https:\/\/b2b.mideer.lt\/lv\/wp-json\/wp\/v2\/types\/product"}],"wp:featuredmedia":[{"embeddable":true,"href":"https:\/\/b2b.mideer.lt\/lv\/wp-json\/wp\/v2\/media\/1677"}],"wp:attachment":[{"href":"https:\/\/b2b.mideer.lt\/lv\/wp-json\/wp\/v2\/media?parent=261"}],"wp:term":[{"taxonomy":"product_brand","embeddable":true,"href":"https:\/\/b2b.mideer.lt\/lv\/wp-json\/wp\/v2\/product_brand?post=261"},{"taxonomy":"product_cat","embeddable":true,"href":"https:\/\/b2b.mideer.lt\/lv\/wp-json\/wp\/v2\/product_cat?post=261"},{"taxonomy":"product_tag","embeddable":true,"href":"https:\/\/b2b.mideer.lt\/lv\/wp-json\/wp\/v2\/product_tag?post=261"}],"curies":[{"name":"wp","href":"https:\/\/api.w.org\/{rel}","templated":true}]}}