{"id":260,"date":"2024-04-26T07:39:50","date_gmt":"2024-04-26T07:39:50","guid":{"rendered":"https:\/\/b2b.mideer.lt\/product\/copy-of-jelly-sticker-set-the-busy-animal-town\/"},"modified":"2026-04-23T12:02:37","modified_gmt":"2026-04-23T12:02:37","slug":"daugkartiniai-lipdukai-eismas-gatveje","status":"publish","type":"product","link":"https:\/\/b2b.mideer.lt\/lv\/product\/daugkartiniai-lipdukai-eismas-gatveje\/","title":{"rendered":"Vair\u0101kk\u0101rt lietojamas uzl\u012bmes Satiksme uz ielas"},"content":{"rendered":"<p data-sourcepos=\"3:1-3:14\"><b>Vair\u0101kk\u0101rt lietojamas uzl\u012bmes Satiksme uz ielas<\/b> - ir lieliska rota\u013clieta, kas ne tikai izklaid\u0113 b\u0113rnus, bet ar\u012b stimul\u0113 vi\u0146u rado\u0161umu, kognit\u012bvo att\u012bst\u012bbu un s\u012bko motoriku.<\/p>\n<p><strong>K\u0101p\u0113c izv\u0113l\u0113ties atk\u0101rtoti lietojamas uzl\u012bmes \"Satiksme uz ielas\"?<\/strong><\/p>\n<p><strong>Atkl\u0101ta sp\u0113le:<\/strong> Uzl\u012bmes \u013cauj b\u0113rniem br\u012bvi veidot savus st\u0101stus un scen\u0101rijus, rosinot vi\u0146u izt\u0113li un rado\u0161umu.<\/p>\n<p><strong>Izgl\u012btojo\u0161\u0101 v\u0113rt\u012bba:<\/strong> Sp\u0113l\u0113jot ar uzl\u012bm\u0113m, b\u0113rni var iepaz\u012bt da\u017e\u0101dus transportl\u012bdzek\u013cus, ce\u013ca z\u012bmes un satiksmes noteikumus.<\/p>\n<p><strong>Att\u012bsta s\u012bko motoriku:<\/strong> Atverot un p\u0101rvietojot uzl\u012bmes, b\u0113rni att\u012bsta s\u012bko motoriku un roku-acu koordin\u0101ciju.<\/p>\n<p><strong>Atk\u0101rtoti lietojams:<\/strong> Uzl\u012bmes ir izgatavotas no iztur\u012bgiem un atk\u0101rtoti lietojamiem materi\u0101liem, t\u0101p\u0113c b\u0113rni ar t\u0101m var sp\u0113l\u0113ties atkal un atkal.<\/p>\n<p><strong>Dro\u0161s un netoksisks:<\/strong> Uzl\u012bmes ir izgatavotas no dro\u0161iem un netoksiskiem materi\u0101liem, t\u0101p\u0113c vec\u0101ki var b\u016bt dro\u0161i, ka vi\u0146u b\u0113rni rota\u013c\u0101jas bez raiz\u0113m.<\/p>\n<p><strong>Sensor\u0101s rota\u013cas:<\/strong> Uzl\u012bmju daudzveid\u012bba un tekst\u016bra sniedz b\u0113rniem sensorus iespaidus, kas var pal\u012bdz\u0113t vi\u0146iem nomierin\u0101ties un koncentr\u0113ties.<\/p>\n<p><strong>Komplekt\u0101 \"Satiksme uz ielas\" ietilpst:<\/strong><\/p>\n<p>Da\u017e\u0101du kr\u0101su uzl\u012bmes ar da\u017e\u0101diem transportl\u012bdzek\u013ciem un transporta ain\u0101m.<\/p>\n<p>Ce\u013ca z\u012bmju un ce\u013ca sign\u0101lu uzl\u012bmes.<\/p>\n<p>Liels ce\u013cu fons, uz kura b\u0113rni var veidot savus satiksmes scen\u0101rijus.<\/p>\n<ul data-mce-fragment=\"1\">\n<li data-mce-fragment=\"1\"><strong data-mce-fragment=\"1\">Vecums<\/strong>: 3+<\/li>\n<li data-mce-fragment=\"1\"><strong data-mce-fragment=\"1\">Kastes izm\u0113ri<\/strong>: 11.73\u2033 x 9.13\u2033<\/li>\n<li data-mce-fragment=\"1\"><strong data-mce-fragment=\"1\">Tostarp<\/strong>: 1 kartons, 1 lapa (30 uzl\u012bmes)<\/li>\n<li data-mce-fragment=\"1\"><strong data-mce-fragment=\"1\">Pieejams no<\/strong>: pap\u012brs, TPE<\/li>\n<\/ul>","protected":false},"excerpt":{"rendered":"<p>Daugkartiniai lipdukai Eismas gatv\u0117je &#8211; tai puikus \u017eaislas, kuris ne tik linksmina vaikus, bet ir skatina j\u0173 k\u016brybi\u0161kum\u0105, kognityvin\u0119 raid\u0105 ir smulki\u0105j\u0105 motorik\u0105. Kod\u0117l verta rinktis daugkartinius lipdukus &#8220;Eismas gatv\u0117je&#8221;? Atviras \u017eaidimas: Lipdukai leid\u017eia vaikams laisvai kurti savo istorijas ir scenarijus, skatindami vaizduot\u0119 ir k\u016brybi\u0161kum\u0105. Edukacin\u0117 vert\u0117: \u017daid\u017eiant su lipdukais vaikai gali pa\u017einti \u012fvairias transporto priemones, kelio \u017eenklus ir eismo taisykles. Lavina smulki\u0105j\u0105 motorik\u0105: Lipduk\u0173 atpl\u0117\u0161imas ir perk\u0117limas padeda vaikams lavinti smulki\u0105j\u0105 motorik\u0105 ir rank\u0173 judesi\u0173 koordinacij\u0105. Daugkartinis naudojimas: Lipdukai yra pagaminti i\u0161 patvari\u0173 ir daugkartinio naudojimo med\u017eiag\u0173, tod\u0117l vaikai gali jais \u017eaisti v\u0117l ir v\u0117l. Saugus ir netoksi\u0161kas: Lipdukai pagaminti i\u0161 saugi\u0173 ir netoksi\u0161k\u0173 med\u017eiag\u0173, tod\u0117l t\u0117vai gali b\u016bti ram\u016bs, kad j\u0173 vaikai \u017eaid\u017eia be r\u016bpes\u010di\u0173. Sensorinis \u017eaidimas: Lipduk\u0173 \u012fvairov\u0117 ir tekst\u016bra suteikia vaikams sensorini\u0173 potyri\u0173, kurie gali pad\u0117ti jiems nuraminti ir susikaupti. &#8220;Eismas gatv\u0117je&#8221; rinkinyje rasite: \u012evairi\u0173 spalv\u0173 lipdukus su \u012fvairiomis transporto priemon\u0117mis ir transporto scenomis. Kelio \u017eenkl\u0173 ir eismo signal\u0173 lipdukus. Didelius kelio fonus, ant kuri\u0173 vaikai gali kurti savo eismo scenarijus. Am\u017eius: 3+ D\u0117\u017e\u0117s i\u0161matavimai: 11.73&#8243; x 9.13&#8243; \u012eskaitant: 1 karton\u0105, 1 lap\u0105 (30 lipduk\u0173) Med\u017eiaga: popierius, TPE<\/p>","protected":false},"featured_media":1670,"template":"","meta":[],"product_brand":[],"product_cat":[234,237,239,262,277,275,276],"product_tag":[16,17,27,125,40,126,123,127,128,36,129,130,22,29,131,23,132],"class_list":{"0":"post-260","1":"product","2":"type-product","3":"status-publish","4":"has-post-thumbnail","6":"product_cat-3-4-metai","7":"product_cat-ankstyvo-lavinimo-zaidimai","8":"product_cat-daugiau-zaislu-ir-zaidimu","9":"product_cat-pagal-amziu","10":"product_cat-smart-products-filter-index-do-not-delete","11":"product_cat-visos-meno-prekes","12":"product_cat-zaislai-ir-zaidimai","13":"product_tag-age-3-4-years","14":"product_tag-age-5-6-years","15":"product_tag-arts-crafts","16":"product_tag-automobiliai","17":"product_tag-best-sellers","18":"product_tag-daugkartiniai-lipdukai","19":"product_tag-early-learning-toys","20":"product_tag-ilgalaikiai-lipdukai","21":"product_tag-klijuojami-lipdukai","22":"product_tag-kol-koc","23":"product_tag-lipdukai-vaikams","24":"product_tag-lipduku-rinkinys","25":"product_tag-regular-sale","26":"product_tag-stickers-sticker-books","27":"product_tag-stori-lipdukai","28":"product_tag-test","29":"product_tag-transporto-priemones","31":"first","32":"instock","33":"taxable","34":"shipping-taxable","35":"product-type-simple"},"jetpack_sharing_enabled":true,"_links":{"self":[{"href":"https:\/\/b2b.mideer.lt\/lv\/wp-json\/wp\/v2\/product\/260"}],"collection":[{"href":"https:\/\/b2b.mideer.lt\/lv\/wp-json\/wp\/v2\/product"}],"about":[{"href":"https:\/\/b2b.mideer.lt\/lv\/wp-json\/wp\/v2\/types\/product"}],"wp:featuredmedia":[{"embeddable":true,"href":"https:\/\/b2b.mideer.lt\/lv\/wp-json\/wp\/v2\/media\/1670"}],"wp:attachment":[{"href":"https:\/\/b2b.mideer.lt\/lv\/wp-json\/wp\/v2\/media?parent=260"}],"wp:term":[{"taxonomy":"product_brand","embeddable":true,"href":"https:\/\/b2b.mideer.lt\/lv\/wp-json\/wp\/v2\/product_brand?post=260"},{"taxonomy":"product_cat","embeddable":true,"href":"https:\/\/b2b.mideer.lt\/lv\/wp-json\/wp\/v2\/product_cat?post=260"},{"taxonomy":"product_tag","embeddable":true,"href":"https:\/\/b2b.mideer.lt\/lv\/wp-json\/wp\/v2\/product_tag?post=260"}],"curies":[{"name":"wp","href":"https:\/\/api.w.org\/{rel}","templated":true}]}}