{"id":259,"date":"2024-08-02T08:39:53","date_gmt":"2024-08-02T08:39:53","guid":{"rendered":"https:\/\/b2b.mideer.lt\/?post_type=product&#038;p=259"},"modified":"2026-04-22T07:31:14","modified_gmt":"2026-04-22T07:31:14","slug":"creative-magnetic-building-blocks-46p","status":"publish","type":"product","link":"https:\/\/b2b.mideer.lt\/lv\/product\/creative-magnetic-building-blocks-46p\/","title":{"rendered":"Magn\u0113tiskais konstruktors 46"},"content":{"rendered":"<div data-mce-fragment=\"1\">\n<p data-sourcepos=\"3:1-3:27\">Rado\u0161ajiem magn\u0113tiskajiem konstruktoriem nav polarit\u0101tes, t\u0101p\u0113c katrs kluc\u012btis velk no vis\u0101m pus\u0113m, nodro\u0161inot vieglu konstru\u0113\u0161anu. \u0160ie da\u013c\u0113ji caursp\u012bd\u012bgie kluc\u012b\u0161i rada mirdzo\u0161us kr\u0101su un gaismas efektus, kas rosina b\u0113rnu izt\u0113li. \u0160ie kluc\u012b\u0161i ir lieliski piem\u0113roti maz\u0101m roci\u0146\u0101m, jo tos ir viegli satvert un manipul\u0113t ar tiem, att\u012bstot s\u012bko motoriku. Glud\u0101 virsma nodro\u0161ina dro\u0161u rota\u013cu, bet mat\u0113t\u0101 tekst\u016bra uzlabo sa\u0137eri, nodro\u0161inot stabilu b\u016bvniec\u012bbu. Katram komplektam ir \u0113rts uzglab\u0101\u0161anas maisi\u0146\u0161, kas atvieglo t\u012br\u012b\u0161anu.<\/p>\n<p data-sourcepos=\"5:1-5:31\">\u0160aj\u0101 komplekt\u0101 ir 46 deta\u013cas.<\/p>\n<ul>\n<li data-sourcepos=\"7:1-8:35\"><strong>Am\u017eius:<\/strong>3+<\/li>\n<li data-sourcepos=\"7:1-8:35\"><strong>D\u0117\u017eut\u0117s matmenys:<\/strong>27 cm x 24,5 cm x 4,7 cm<\/li>\n<li data-sourcepos=\"7:1-8:35\"><strong>Materi\u0101ls:<\/strong> MABS<\/li>\n<\/ul>\n<\/div>","protected":false},"excerpt":{"rendered":"<p>K\u016brybiniai magnetiniai konstruktoriai neturi poli\u0161kumo, tod\u0117l kiekvienas blokelis traukia i\u0161 vis\u0173 pusi\u0173,u\u017etikrindamas lengv\u0105 statyb\u0105. \u0160ie pusiau skaidr\u016bs blokeliai sukuria \u017e\u0117rin\u010dius spalv\u0173 ir \u0161viesos efektus, \u017eadinan\u010dius vaik\u0173 vaizduot\u0119. Puikiai tinka ma\u017eoms rankyt\u0117ms, blokeliai lengvai suimami ir manipuliuojami, taip lavinant smulki\u0105j\u0105 motorik\u0105. Lygus pavir\u0161ius u\u017etikrina saug\u0173 \u017eaidim\u0105, o matin\u0117 tekst\u016bra didina sukibim\u0105, kad statiniai b\u016bt\u0173 stabil\u016bs. Kiekvienas rinkinys turi patog\u0173 laikymo mai\u0161el\u012f, tod\u0117l susitvarkymas tampa lengva u\u017eduotimi. \u0160iame rinkinyje yra 46 detal\u0117s. Am\u017eius:3+ D\u0117\u017eut\u0117s matmenys:27 cm x 24,5 cm x 4,7 cm Med\u017eiaga: MABS<\/p>","protected":false},"featured_media":1669,"template":"","meta":[],"product_brand":[],"product_cat":[277],"product_tag":[16,17,32,123,25,23],"class_list":{"0":"post-259","1":"product","2":"type-product","3":"status-publish","4":"has-post-thumbnail","6":"product_cat-smart-products-filter-index-do-not-delete","7":"product_tag-age-3-4-years","8":"product_tag-age-5-6-years","9":"product_tag-building-blocks","10":"product_tag-early-learning-toys","11":"product_tag-new-arrivals","12":"product_tag-test","14":"first","15":"instock","16":"taxable","17":"shipping-taxable","18":"product-type-simple"},"jetpack_sharing_enabled":true,"_links":{"self":[{"href":"https:\/\/b2b.mideer.lt\/lv\/wp-json\/wp\/v2\/product\/259"}],"collection":[{"href":"https:\/\/b2b.mideer.lt\/lv\/wp-json\/wp\/v2\/product"}],"about":[{"href":"https:\/\/b2b.mideer.lt\/lv\/wp-json\/wp\/v2\/types\/product"}],"wp:featuredmedia":[{"embeddable":true,"href":"https:\/\/b2b.mideer.lt\/lv\/wp-json\/wp\/v2\/media\/1669"}],"wp:attachment":[{"href":"https:\/\/b2b.mideer.lt\/lv\/wp-json\/wp\/v2\/media?parent=259"}],"wp:term":[{"taxonomy":"product_brand","embeddable":true,"href":"https:\/\/b2b.mideer.lt\/lv\/wp-json\/wp\/v2\/product_brand?post=259"},{"taxonomy":"product_cat","embeddable":true,"href":"https:\/\/b2b.mideer.lt\/lv\/wp-json\/wp\/v2\/product_cat?post=259"},{"taxonomy":"product_tag","embeddable":true,"href":"https:\/\/b2b.mideer.lt\/lv\/wp-json\/wp\/v2\/product_tag?post=259"}],"curies":[{"name":"wp","href":"https:\/\/api.w.org\/{rel}","templated":true}]}}