{"id":193,"date":"2024-08-01T14:36:04","date_gmt":"2024-08-01T14:36:04","guid":{"rendered":"https:\/\/b2b.mideer.lt\/?post_type=product&#038;p=193"},"modified":"2026-04-20T07:30:27","modified_gmt":"2026-04-20T07:30:27","slug":"brush-set","status":"publish","type":"product","link":"https:\/\/b2b.mideer.lt\/lv\/product\/brush-set\/","title":{"rendered":"Otu komplekts"},"content":{"rendered":"<h2 class=\"\" data-sourcepos=\"1:1-1:50\">Otu komplekts mazajiem m\u0101ksliniekiem!<\/h2>\n<p data-sourcepos=\"3:1-3:42\"><strong>Gleznojiet un z\u012bm\u0113jiet skaistus rakstus ar mideer otu komplektu!<\/strong><\/p>\n<p data-sourcepos=\"5:1-5:17\">\u0160aj\u0101 komplekt\u0101 ir:<\/p>\n<ul data-sourcepos=\"7:1-7:49\">\n<li data-sourcepos=\"7:1-7:49\">\n<p data-sourcepos=\"7:3-7:67\"><strong>Viegli p\u0101rn\u0113s\u0101jams un lietojams<\/strong> - lieliski piem\u0113rots maz\u0101m rok\u0101m.<\/p>\n<\/li>\n<li data-sourcepos=\"8:1-8:74\">\n<p data-sourcepos=\"8:3-8:90\"><strong>Rado\u0161uma un intereses par m\u0101kslu veicin\u0101\u0161ana<\/strong> - \u013cauj b\u0113rniem br\u012bvi izpausties.<\/p>\n<\/li>\n<li data-sourcepos=\"9:1-9:72\">\n<p data-sourcepos=\"9:3-9:113\"><strong>Daudzfunkcion\u0101ls<\/strong> - Piem\u0113rots z\u012bm\u0113\u0161anai uz da\u017e\u0101d\u0101m virsm\u0101m: audekla, akvare\u013cpap\u012bra vai parast\u0101 pap\u012bra.<\/p>\n<\/li>\n<li data-sourcepos=\"10:1-11:0\">\n<p data-sourcepos=\"10:3-10:120\"><strong>Ide\u0101ls papildin\u0101jums citiem mideer m\u0101kslas r\u012bkiem<\/strong> - izmantojiet ar pirkstu kr\u0101su lap\u0101m un kr\u0101sojam\u0101s gr\u0101matas!<\/p>\n<\/li>\n<\/ul>\n<ul>\n<li style=\"list-style-type: none\">\n<ul>\n<li data-sourcepos=\"5:1-5:17\"><strong>Am\u017eius:<\/strong> 3+<\/li>\n<li data-sourcepos=\"6:1-6:40\"><strong>Izm\u0113ri:<\/strong> 17,7 x 8,5 x 2,0 cm<\/li>\n<li data-sourcepos=\"7:1-7:21\"><strong>Da\u013cu skaits:<\/strong> 7 otas<\/li>\n<li data-sourcepos=\"7:1-7:21\"><strong>Materi\u0101li:<\/strong> Alum\u012bnijs, dz\u012bvnieku spalvas<\/li>\n<\/ul>\n<\/li>\n<\/ul>","protected":false},"excerpt":{"rendered":"<p>Teptuk\u0173 rinkinys ma\u017eiesiems menininkams! Merkite ir pie\u0161kite nuostabius ra\u0161tus su mideer teptuk\u0173 rinkiniu! \u0160is rinkinys yra: Lengvas ne\u0161iotis ir naudoti &#8211; puikiai tinka ma\u017eoms rankel\u0117ms. Skatinantis k\u016brybi\u0161kum\u0105 ir dom\u0117jim\u0105si menu &#8211; leid\u017eia vaikams laisvai save i\u0161reik\u0161ti. Universalus &#8211; tinka pie\u0161ti ant \u012fvairi\u0173 pavir\u0161i\u0173: drob\u0117s, akvarelinio popieriaus ar\u00a0 paprasto popieriaus. Puikiai papildo kitas mideer dail\u0117s priemones &#8211; naudokite kartu su pir\u0161t\u0173 da\u017e\u0173 lapais ir spalvinimo knygel\u0117mis! Am\u017eius: 3+ Matmenys: 17.7 x 8.5 x 2.0 cm Dali\u0173 skai\u010dius: 7 teptukai Med\u017eiagos: aliuminis, gyv\u016bn\u0173 plaukai<\/p>","protected":false},"featured_media":1492,"template":"","meta":[],"product_brand":[],"product_cat":[252,254,255,277],"product_tag":[16,17,18,115,27,296,297,47,298,22,299,300,301,76],"class_list":{"0":"post-193","1":"product","2":"type-product","3":"status-publish","4":"has-post-thumbnail","6":"product_cat-meno-reikmenys","7":"product_cat-mokyklos-reikmenys","8":"product_cat-naujienos","9":"product_cat-smart-products-filter-index-do-not-delete","10":"product_tag-age-3-4-years","11":"product_tag-age-5-6-years","12":"product_tag-age-6-years","13":"product_tag-art-kits","14":"product_tag-arts-crafts","15":"product_tag-dailes-irankiai","16":"product_tag-meno-reikmenys","17":"product_tag-piesimo-reikmenys","18":"product_tag-priemones-dailei","19":"product_tag-regular-sale","20":"product_tag-sepeteliai-piesimui","21":"product_tag-teptukai-piesimui","22":"product_tag-teptuku-rinkinys","23":"product_tag-us-warehouse","25":"first","26":"instock","27":"taxable","28":"shipping-taxable","29":"product-type-simple"},"jetpack_sharing_enabled":true,"_links":{"self":[{"href":"https:\/\/b2b.mideer.lt\/lv\/wp-json\/wp\/v2\/product\/193"}],"collection":[{"href":"https:\/\/b2b.mideer.lt\/lv\/wp-json\/wp\/v2\/product"}],"about":[{"href":"https:\/\/b2b.mideer.lt\/lv\/wp-json\/wp\/v2\/types\/product"}],"wp:featuredmedia":[{"embeddable":true,"href":"https:\/\/b2b.mideer.lt\/lv\/wp-json\/wp\/v2\/media\/1492"}],"wp:attachment":[{"href":"https:\/\/b2b.mideer.lt\/lv\/wp-json\/wp\/v2\/media?parent=193"}],"wp:term":[{"taxonomy":"product_brand","embeddable":true,"href":"https:\/\/b2b.mideer.lt\/lv\/wp-json\/wp\/v2\/product_brand?post=193"},{"taxonomy":"product_cat","embeddable":true,"href":"https:\/\/b2b.mideer.lt\/lv\/wp-json\/wp\/v2\/product_cat?post=193"},{"taxonomy":"product_tag","embeddable":true,"href":"https:\/\/b2b.mideer.lt\/lv\/wp-json\/wp\/v2\/product_tag?post=193"}],"curies":[{"name":"wp","href":"https:\/\/api.w.org\/{rel}","templated":true}]}}