{"id":173,"date":"2024-08-01T14:37:52","date_gmt":"2024-08-01T14:37:52","guid":{"rendered":"https:\/\/b2b.mideer.lt\/?post_type=product&#038;p=173"},"modified":"2026-04-19T07:29:58","modified_gmt":"2026-04-19T07:29:58","slug":"big-foot-palette","status":"publish","type":"product","link":"https:\/\/b2b.mideer.lt\/lv\/product\/big-foot-palette\/","title":{"rendered":"Kr\u0101su palete"},"content":{"rendered":"<p data-sourcepos=\"3:1-3:62\">\u0160\u012b palete ir \u012bpa\u0161i izstr\u0101d\u0101ta kr\u0101so\u0161anai ar pirkstu. Kr\u0101so\u0161ana un z\u012bm\u0113\u0161ana ir svar\u012bga b\u0113rna att\u012bst\u012bbas sast\u0101vda\u013ca, un to ir \u013coti viegli iek\u013caut b\u0113rnu ikdienas aktivit\u0101t\u0113s. Izmantojot \u0161o paleti kop\u0101 ar pirkstu kr\u0101s\u0101m un z\u012bm\u0113\u0161anas gr\u0101mati\u0146u, z\u012bm\u0113\u0161ana b\u0113rniem k\u013c\u016bs jautr\u0101ka un interesant\u0101ka, un, z\u012bm\u0113jot ar pirkstiem, vi\u0146i g\u016bs \u012bstu m\u0101ksliniecisku saj\u016btu.<\/p>\n<ul data-sourcepos=\"5:1-5:10\">\n<li data-sourcepos=\"5:1-5:10\"><strong>Am\u017eius:<\/strong> 3+<\/li>\n<li data-sourcepos=\"6:1-6:40\"><strong>Izm\u0113ri:<\/strong> 26,5 x 19,2 x 1,3 cm<\/li>\n<li data-sourcepos=\"7:1-7:21\"><strong>Materi\u0101ls:<\/strong> plastmasa<\/li>\n<\/ul>","protected":false},"excerpt":{"rendered":"<p>\u0160i palet\u0117 da\u017eams yra sukurta specialiai pie\u0161imui pir\u0161teliais. Spalvinimas ir pie\u0161imas yra svarbi vaiko vystymosi dalis ir juos labai lengva \u012ftraukti \u012f kasdien\u0119 vaik\u0173 veikl\u0105. Naudojant \u0161i\u0105 palet\u0119 kartu su pir\u0161tuk\u0173 da\u017eais ir pie\u0161ini\u0173 knygele, vaikams bus smagiau ir \u012fdomiau pie\u0161ti, o pie\u0161imas pir\u0161tais suteiks jiems tikro meninio poj\u016b\u010dio. Am\u017eius: 3+ Matmenys: 26.5 x 19.2 x 1.3 cm Med\u017eiaga: plastikas<\/p>","protected":false},"featured_media":1467,"template":"","meta":[],"product_brand":[],"product_cat":[252,254,255,277],"product_tag":[16,41,27,22],"class_list":{"0":"post-173","1":"product","2":"type-product","3":"status-publish","4":"has-post-thumbnail","6":"product_cat-meno-reikmenys","7":"product_cat-mokyklos-reikmenys","8":"product_cat-naujienos","9":"product_cat-smart-products-filter-index-do-not-delete","10":"product_tag-age-3-4-years","11":"product_tag-art-supplies","12":"product_tag-arts-crafts","13":"product_tag-regular-sale","15":"first","16":"instock","17":"taxable","18":"shipping-taxable","19":"product-type-simple"},"jetpack_sharing_enabled":true,"_links":{"self":[{"href":"https:\/\/b2b.mideer.lt\/lv\/wp-json\/wp\/v2\/product\/173"}],"collection":[{"href":"https:\/\/b2b.mideer.lt\/lv\/wp-json\/wp\/v2\/product"}],"about":[{"href":"https:\/\/b2b.mideer.lt\/lv\/wp-json\/wp\/v2\/types\/product"}],"wp:featuredmedia":[{"embeddable":true,"href":"https:\/\/b2b.mideer.lt\/lv\/wp-json\/wp\/v2\/media\/1467"}],"wp:attachment":[{"href":"https:\/\/b2b.mideer.lt\/lv\/wp-json\/wp\/v2\/media?parent=173"}],"wp:term":[{"taxonomy":"product_brand","embeddable":true,"href":"https:\/\/b2b.mideer.lt\/lv\/wp-json\/wp\/v2\/product_brand?post=173"},{"taxonomy":"product_cat","embeddable":true,"href":"https:\/\/b2b.mideer.lt\/lv\/wp-json\/wp\/v2\/product_cat?post=173"},{"taxonomy":"product_tag","embeddable":true,"href":"https:\/\/b2b.mideer.lt\/lv\/wp-json\/wp\/v2\/product_tag?post=173"}],"curies":[{"name":"wp","href":"https:\/\/api.w.org\/{rel}","templated":true}]}}