{"id":171,"date":"2024-04-26T07:39:14","date_gmt":"2024-04-26T07:39:14","guid":{"rendered":"https:\/\/b2b.mideer.lt\/product\/pease-crayons-12-colors\/"},"modified":"2026-04-19T07:29:55","modified_gmt":"2026-04-19T07:29:55","slug":"biciu-vasko-kreideles-pupeles-12-spalvu","status":"publish","type":"product","link":"https:\/\/b2b.mideer.lt\/lv\/product\/biciu-vasko-kreideles-pupeles-12-spalvu\/","title":{"rendered":"Bi\u0161u vaska kr\u012bti\u0146i - 12 kr\u0101sas"},"content":{"rendered":"<h2 class=\"\" data-sourcepos=\"1:1-1:77\">Bi\u0161u vaska kr\u012bti\u0146i \"Pupi\u0146as\" - 12 kr\u0101sas: rado\u0161s z\u012bm\u0113jums bez traipiem!<\/h2>\n<p data-sourcepos=\"3:1-3:85\"><strong>Atkl\u0101j kr\u0101sainu rado\u0161uma pasauli ar bi\u0161u vaska kr\u012bti\u0146iem \"Pupi\u0146as\"!<\/strong> \u0160is 12 spilgtu kr\u0101su komplekts ir lieliska izv\u0113le mazajiem m\u0101ksliniekiem, kuri v\u0113las atkl\u0101t z\u012bm\u0113\u0161anas prieku.<\/p>\n<p data-sourcepos=\"5:1-5:56\"><strong>K\u0101p\u0113c izv\u0113l\u0113ties bi\u0161u vaska kr\u012bti\u0146us \"Pupi\u0146as\"?<\/strong><\/p>\n<ul data-sourcepos=\"7:1-8:164\">\n<li data-sourcepos=\"7:1-7:228\"><strong>Dabisks un dro\u0161s:<\/strong> \u0160ie kr\u012bti\u0146i ir izgatavoti no 100% dab\u012bg\u0101 bi\u0161u vaska, t\u0101p\u0113c ir piln\u012bgi dro\u0161i b\u0113rniem. Tie nesatur kait\u012bgas \u0137\u012bmiskas vielas vai toks\u012bnus, t\u0101p\u0113c varat b\u016bt dro\u0161i, ka j\u016bsu mazie z\u012bm\u0113s bez raiz\u0113m.<\/li>\n<li data-sourcepos=\"8:1-8:164\"><strong>Spilgtas kr\u0101sas:<\/strong> Augstas kvalit\u0101tes kr\u0101su pulveris no V\u0101cijas nodro\u0161ina bag\u0101t\u012bgas un spilgtas kr\u0101sas, kas \u013cauj izcelties j\u016bsu b\u0113rnu z\u012bm\u0113jumiem.<\/li>\n<li data-sourcepos=\"9:1-9:173\"><strong>Unik\u0101la forma:<\/strong> Zirn\u012b\u0161a formas kr\u012bti\u0146i ir noapa\u013coti, lai \u0113rti ietilptu maz\u0101 plaukst\u0101. \u0160\u012b forma veicina pareizu z\u012bmu\u013ca tur\u0113\u0161anu un att\u012bsta s\u012bko motoriku.<\/li>\n<li data-sourcepos=\"10:1-10:135\"><strong>Iztur\u012bba:<\/strong> Bi\u0161u vaska kr\u012bti\u0146i ir stingri un iztur\u012bgi pret sadrup\u0161anu, t\u0101p\u0113c tie var iztur\u0113t pat visintens\u012bv\u0101k\u0101s mazo m\u0101kslinieku rota\u013cas.<\/li>\n<li data-sourcepos=\"11:1-11:115\"><strong>Traipu neesam\u012bba:<\/strong> \u0160ie kr\u012bti\u0146i neaizsm\u0113r\u0113 rokas vai ap\u0123\u0113rbu, t\u0101p\u0113c jums nav j\u0101uztraucas, ka z\u012bm\u0113\u0161anas laik\u0101 rad\u012bsies nek\u0101rt\u012bba.<\/li>\n<li data-sourcepos=\"12:1-13:0\"><strong>Viegla t\u012br\u012b\u0161ana:<\/strong> Ja kr\u012bti\u0146i atst\u0101j traipus, tos var viegli not\u012br\u012bt ar ziep\u0113m un \u016bdeni.<\/li>\n<\/ul>\n<p data-sourcepos=\"14:1-14:42\"><strong>Bi\u0161u vaska kr\u012bti\u0146i \"Pupi\u0146as\" ir lieliska d\u0101vana:<\/strong><\/p>\n<ul data-sourcepos=\"16:1-20:0\">\n<li data-sourcepos=\"16:1-16:15\">Dzim\u0161anas dien\u0101m<\/li>\n<li data-sourcepos=\"17:1-17:10\">Ziemassv\u0113tkiem<\/li>\n<li data-sourcepos=\"18:1-18:20\">Par mazu\u013ca malu<\/li>\n<li data-sourcepos=\"19:1-20:0\">Jebkuram gad\u012bjumam, kad v\u0113laties iepriecin\u0101t savu mazo m\u0101kslinieku.<\/li>\n<\/ul>\n<p data-sourcepos=\"21:1-21:38\"><strong>Ar \u0161iem kr\u012bti\u0146iem b\u0113rni:<\/strong><\/p>\n<ul data-sourcepos=\"23:1-27:0\">\n<li data-sourcepos=\"23:1-23:38\">Att\u012bstiet savu rado\u0161umu un izt\u0113li<\/li>\n<li data-sourcepos=\"24:1-24:56\">Att\u012bsta s\u012bko motoriku un roku-acu koordin\u0101ciju.<\/li>\n<li data-sourcepos=\"25:1-25:38\">Uzziniet vair\u0101k par kr\u0101s\u0101m un to\u0146iem<\/li>\n<li data-sourcepos=\"26:1-27:0\">Izbaudiet z\u012bm\u0113\u0161anas prieku un izklaid\u0113jieties<\/li>\n<\/ul>\n<ul>\n<li style=\"list-style-type: none\">\n<ul>\n<li><strong>Am\u017eius:<\/strong> 3+<\/li>\n<li><strong>D\u0117\u017eut\u0117s matmenys:<\/strong> 21,8 cm x 13,4 cm x 3 cm<\/li>\n<li><strong>Spalvos:<\/strong> 12 kr\u0101sas<\/li>\n<li><strong>Specialus bruo\u017eas:<\/strong> Plaunamos<\/li>\n<li><strong>Izm\u0113rs gabal\u0101:<\/strong> 5,8 cm x 2,1 cm<\/li>\n<li><strong>Materi\u0101ls:<\/strong> Bi\u0161u vasks<\/li>\n<\/ul>\n<\/li>\n<\/ul>","protected":false},"excerpt":{"rendered":"<p>Bi\u010di\u0173 va\u0161ko kreidel\u0117s &#8220;Pupel\u0117s&#8221; &#8211; 12 spalv\u0173: k\u016brybi\u0161kas pie\u0161imas be d\u0117mi\u0173! Atverkite spalving\u0105 k\u016brybi\u0161kumo pasaul\u012f su bi\u010di\u0173 va\u0161ko kreidel\u0117mis &#8220;Pupel\u0117mis&#8221;! \u0160is rinkinys, susidedantis i\u0161 12 ry\u0161ki\u0173 spalv\u0173, yra puikus pasirinkimas ma\u017eiesiems menininkams, norintiems atrasti pie\u0161imo d\u017eiaugsm\u0105. Kod\u0117l verta rinktis bi\u010di\u0173 va\u0161ko kreideles &#8220;Pupel\u0117s&#8221;? Nat\u016bralumas ir saugumas: Pagamintos i\u0161 100% nat\u016bralaus bi\u010di\u0173 va\u0161ko, \u0161ios kreidel\u0117s yra visi\u0161kai saugios vaikams. Sud\u0117tyje n\u0117ra kenksming\u0173 chemikal\u0173 ar toksin\u0173, tod\u0117l galite b\u016bti ram\u016bs, kad j\u016bs\u0173 ma\u017eyliai pie\u0161ia be r\u016bpes\u010di\u0173. Ry\u0161kios spalvos: Auk\u0161tos kokyb\u0117s spalv\u0173 pudra i\u0161 Vokietijos u\u017etikrina sodrias ir ry\u0161kias spalvas, kurios leis j\u016bs\u0173 vaik\u0173 pie\u0161iniams atsiskleisti visu gra\u017eumu. Unikali forma: \u017dirni\u0173 formos kreidel\u0117s suapvalintos, kad patogiai tilpt\u0173 ma\u017eoje rankut\u0117je. Tokia forma skatina taisykling\u0105 pie\u0161tuko laikym\u0105 ir ugdo smulki\u0105j\u0105 motorik\u0105. Patvarumas: Bi\u010di\u0173 va\u0161ko kreidel\u0117s yra tvirtos ir atsparios l\u016b\u017eimui, tod\u0117l atlaikys net ir aktyviausius ma\u017e\u0173j\u0173 meninink\u0173 \u017eaidimus. D\u0117mi\u0173 nebuvimas: \u0160ios kreidel\u0117s nesutepa rank\u0173 ir drabu\u017ei\u0173, tod\u0117l galite nebijoti d\u0117l netvarkos pie\u0161imo metu. Lengvas valymas: Jei kreidel\u0117s visgi palieka d\u0117mi\u0173, jas lengvai pa\u0161alinsite muilu ir vandeniu. Bi\u010di\u0173 va\u0161ko kreidel\u0117s &#8220;Pupel\u0117s&#8221; &#8211; tai puiki dovana: Gimtadieniams Kal\u0117doms K\u016bdikio kra\u0161teliui Bet kokiai progai, kai norite prad\u017eiuginti ma\u017e\u0105j\u012f meninink\u0105 Su \u0161iomis kreidel\u0117mis j\u016bs\u0173 vaikai: Lavins savo k\u016brybi\u0161kum\u0105 ir vaizduot\u0119 Ugdys smulki\u0105j\u0105 motorik\u0105 ir rank\u0173 judesi\u0173 koordinacij\u0105 I\u0161moks pa\u017einti spalvas ir atspalvius Patirs pie\u0161imo d\u017eiaugsm\u0105 ir leis laik\u0105 smagiai Am\u017eius: 3+ D\u0117\u017eut\u0117s matmenys: 21,8 cm x 13,4 cm x 3 cm Spalvos: 12 spalv\u0173 Specialus bruo\u017eas: Plaunamos Vieno gabalo dydis: 5,8 cm x 2,1 cm Med\u017eiaga: Bi\u010di\u0173 va\u0161kas<\/p>","protected":false},"featured_media":5065,"template":"","meta":[],"product_brand":[],"product_cat":[234,244,250,252,277,268,275],"product_tag":[30,16,41,27,111,20,112,113,52,51,53,114,22],"class_list":{"0":"post-171","1":"product","2":"type-product","3":"status-publish","4":"has-post-thumbnail","6":"product_cat-3-4-metai","7":"product_cat-kas-populiaru","8":"product_cat-menai-ir-kurybiniai-uzsiemimai","9":"product_cat-meno-reikmenys","10":"product_cat-smart-products-filter-index-do-not-delete","11":"product_cat-spalvinimo-priemones","12":"product_cat-visos-meno-prekes","13":"product_tag-2023-new-in","14":"product_tag-age-3-4-years","15":"product_tag-art-supplies","16":"product_tag-arts-crafts","17":"product_tag-biciu-vasko-kreideles","18":"product_tag-gift","19":"product_tag-kreideles","20":"product_tag-kreideles-vaikams","21":"product_tag-kurybines-dirbtuveles","22":"product_tag-kurybines-dirbtuves","23":"product_tag-kurybiskumui","24":"product_tag-naturalios-kreideles","25":"product_tag-regular-sale","27":"first","28":"instock","29":"taxable","30":"shipping-taxable","31":"product-type-simple"},"jetpack_sharing_enabled":true,"_links":{"self":[{"href":"https:\/\/b2b.mideer.lt\/lv\/wp-json\/wp\/v2\/product\/171"}],"collection":[{"href":"https:\/\/b2b.mideer.lt\/lv\/wp-json\/wp\/v2\/product"}],"about":[{"href":"https:\/\/b2b.mideer.lt\/lv\/wp-json\/wp\/v2\/types\/product"}],"wp:featuredmedia":[{"embeddable":true,"href":"https:\/\/b2b.mideer.lt\/lv\/wp-json\/wp\/v2\/media\/5065"}],"wp:attachment":[{"href":"https:\/\/b2b.mideer.lt\/lv\/wp-json\/wp\/v2\/media?parent=171"}],"wp:term":[{"taxonomy":"product_brand","embeddable":true,"href":"https:\/\/b2b.mideer.lt\/lv\/wp-json\/wp\/v2\/product_brand?post=171"},{"taxonomy":"product_cat","embeddable":true,"href":"https:\/\/b2b.mideer.lt\/lv\/wp-json\/wp\/v2\/product_cat?post=171"},{"taxonomy":"product_tag","embeddable":true,"href":"https:\/\/b2b.mideer.lt\/lv\/wp-json\/wp\/v2\/product_tag?post=171"}],"curies":[{"name":"wp","href":"https:\/\/api.w.org\/{rel}","templated":true}]}}