{"id":9,"date":"2024-04-25T12:30:41","date_gmt":"2024-04-25T12:30:41","guid":{"rendered":"https:\/\/b2b.mideer.lt\/cart\/"},"modified":"2024-07-11T08:28:28","modified_gmt":"2024-07-11T08:28:28","slug":"krepselis","status":"publish","type":"page","link":"https:\/\/b2b.mideer.lt\/lv\/krepselis\/","title":{"rendered":"Grozs"},"content":{"rendered":"<div data-block-name=\"woocommerce\/cart\" class=\"wp-block-woocommerce-cart alignwide is-loading\"><div data-block-name=\"woocommerce\/filled-cart-block\" class=\"wp-block-woocommerce-filled-cart-block\"><div data-block-name=\"woocommerce\/cart-items-block\" class=\"wp-block-woocommerce-cart-items-block\"><div data-block-name=\"woocommerce\/cart-line-items-block\" class=\"wp-block-woocommerce-cart-line-items-block\"><\/div>\n\n<div data-block-name=\"woocommerce\/cart-cross-sells-block\" class=\"wp-block-woocommerce-cart-cross-sells-block\">\n<h2 class=\"wp-block-heading has-large-font-size\">J\u016bs var\u0113tu interes\u0113t...<\/h2>\n\n\n<div data-block-name=\"woocommerce\/cart-cross-sells-products-block\" class=\"wp-block-woocommerce-cart-cross-sells-products-block\"><\/div><\/div><\/div>\n\n<div data-block-name=\"woocommerce\/cart-totals-block\" class=\"wp-block-woocommerce-cart-totals-block\"><div data-block-name=\"woocommerce\/cart-order-summary-block\" class=\"wp-block-woocommerce-cart-order-summary-block\"><div data-block-name=\"woocommerce\/cart-order-summary-heading-block\" class=\"wp-block-woocommerce-cart-order-summary-heading-block\"><\/div><div data-block-name=\"woocommerce\/cart-order-summary-coupon-form-block\" class=\"wp-block-woocommerce-cart-order-summary-coupon-form-block\"><\/div><div data-block-name=\"woocommerce\/cart-order-summary-totals-block\" class=\"wp-block-woocommerce-cart-order-summary-totals-block\">\n<div data-block-name=\"woocommerce\/cart-order-summary-subtotal-block\" class=\"wp-block-woocommerce-cart-order-summary-subtotal-block\"><\/div>\n<div data-block-name=\"woocommerce\/cart-order-summary-discount-block\" class=\"wp-block-woocommerce-cart-order-summary-discount-block\"><\/div>\n<div data-block-name=\"woocommerce\/cart-order-summary-fee-block\" class=\"wp-block-woocommerce-cart-order-summary-fee-block\"><\/div>\n<div data-block-name=\"woocommerce\/cart-order-summary-shipping-block\" class=\"wp-block-woocommerce-cart-order-summary-shipping-block\"><\/div>\n<div data-block-name=\"woocommerce\/cart-order-summary-taxes-block\" class=\"wp-block-woocommerce-cart-order-summary-taxes-block\"><\/div><\/div><\/div>\n\n<div data-block-name=\"woocommerce\/cart-express-payment-block\" class=\"wp-block-woocommerce-cart-express-payment-block\"><\/div>\n\n<div data-block-name=\"woocommerce\/proceed-to-checkout-block\" class=\"wp-block-woocommerce-proceed-to-checkout-block\"><\/div>\n\n<div data-block-name=\"woocommerce\/cart-accepted-payment-methods-block\" class=\"wp-block-woocommerce-cart-accepted-payment-methods-block\"><\/div><\/div><\/div>\n\n<div data-block-name=\"woocommerce\/empty-cart-block\" class=\"wp-block-woocommerce-empty-cart-block\">\n<h2 class=\"wp-block-heading has-text-align-center with-empty-cart-icon wc-block-cart__empty-cart__title\">J\u016bsu grozs \u0161obr\u012bd ir tuk\u0161s!<\/h2>\n\n\n\n<hr class=\"wp-block-separator has-alpha-channel-opacity is-style-dots\"\/>\n\n\n\n<h2 class=\"wp-block-heading has-text-align-center\">Jaunums veikal\u0101<\/h2>\n\n\n<div data-block-name=\"woocommerce\/product-new\" data-columns=\"4\" data-rows=\"1\" class=\"wc-block-grid wp-block-product-new wc-block-product-new has-4-columns\"><ul class=\"wc-block-grid__products\"><li class=\"wc-block-grid__product\">\n\t\t\t\t<a href=\"https:\/\/b2b.mideer.lt\/lv\/product\/velykiniu-kiausiniu-dekoravimo-rinkinys-2\/\" class=\"wc-block-grid__product-link\">\n\t\t\t\t\t\n\t\t\t\t\t<div class=\"wc-block-grid__product-image\"><img fetchpriority=\"high\" decoding=\"async\" width=\"300\" height=\"300\" src=\"https:\/\/b2b.mideer.lt\/wp-content\/uploads\/2025\/02\/1_270a3fbd-b736-4412-a9ab-731a409d8ed6_jpg-300x300.webp\" class=\"attachment-woocommerce_thumbnail size-woocommerce_thumbnail\" alt=\"VELYKINI\u0172 KIAU\u0160INI\u0172 DEKORAVIMO RINKINYS\" srcset=\"https:\/\/b2b.mideer.lt\/wp-content\/uploads\/2025\/02\/1_270a3fbd-b736-4412-a9ab-731a409d8ed6_jpg-300x300.webp 300w, https:\/\/b2b.mideer.lt\/wp-content\/uploads\/2025\/02\/1_270a3fbd-b736-4412-a9ab-731a409d8ed6_jpg-150x150.webp 150w, https:\/\/b2b.mideer.lt\/wp-content\/uploads\/2025\/02\/1_270a3fbd-b736-4412-a9ab-731a409d8ed6_jpg-768x768.webp 768w, https:\/\/b2b.mideer.lt\/wp-content\/uploads\/2025\/02\/1_270a3fbd-b736-4412-a9ab-731a409d8ed6_jpg-12x12.webp 12w, https:\/\/b2b.mideer.lt\/wp-content\/uploads\/2025\/02\/1_270a3fbd-b736-4412-a9ab-731a409d8ed6_jpg-600x600.webp 600w, https:\/\/b2b.mideer.lt\/wp-content\/uploads\/2025\/02\/1_270a3fbd-b736-4412-a9ab-731a409d8ed6_jpg-96x96.webp 96w, https:\/\/b2b.mideer.lt\/wp-content\/uploads\/2025\/02\/1_270a3fbd-b736-4412-a9ab-731a409d8ed6_jpg.webp 880w\" sizes=\"(max-width: 300px) 100vw, 300px\" \/><\/div>\n\t\t\t\t\t<div class=\"wc-block-grid__product-title\">LIELDIENU OLU DEKOR\u0112\u0160ANAS KOMPLEKTS<\/div>\n\t\t\t\t<\/a>\n\t\t\t\t<div class=\"wc-block-grid__product-price price\">Piesakieties, lai redz\u0113tu cenas<\/div>\n\t\t\t\t\n\t\t\t\t<div class=\"wp-block-button wc-block-grid__product-add-to-cart\"><a href=\"https:\/\/b2b.mideer.lt\/lv\/product\/velykiniu-kiausiniu-dekoravimo-rinkinys-2\/\" aria-label=\"Uzzin\u0101t vair\u0101k par &quot;VELYKINI\u0172 KIAU\u0160INI\u0172 DEKORAVIMO RINKINYS&quot;\" data-quantity=\"1\" data-product_id=\"6196\" data-product_sku=\"CT1609\" data-price=\"8.99\" rel=\"nofollow\" class=\"wp-block-button__link  add_to_cart_button\" data-no-translation=\"\" data-trp-gettext=\"\" data-no-translation-aria-label=\"\">Las\u012bt vair\u0101k<\/a><\/div>\n\t\t\t<\/li><li class=\"wc-block-grid__product\">\n\t\t\t\t<a href=\"https:\/\/b2b.mideer.lt\/lv\/product\/mini-magnetinis-konstruktorius-metalineje-dezuteje\/\" class=\"wc-block-grid__product-link\">\n\t\t\t\t\t\n\t\t\t\t\t<div class=\"wc-block-grid__product-image\"><img decoding=\"async\" width=\"300\" height=\"300\" src=\"https:\/\/b2b.mideer.lt\/wp-content\/uploads\/2026\/03\/MD1665_mini__MC-300x300.png\" class=\"attachment-woocommerce_thumbnail size-woocommerce_thumbnail\" alt=\"MINI MAGNETINIS KONSTRUKTORIUS METALIN\u0116JE D\u0116\u017dUT\u0116JE\" srcset=\"https:\/\/b2b.mideer.lt\/wp-content\/uploads\/2026\/03\/MD1665_mini__MC-300x300.png 300w, https:\/\/b2b.mideer.lt\/wp-content\/uploads\/2026\/03\/MD1665_mini__MC-150x150.png 150w, https:\/\/b2b.mideer.lt\/wp-content\/uploads\/2026\/03\/MD1665_mini__MC-768x768.png 768w, https:\/\/b2b.mideer.lt\/wp-content\/uploads\/2026\/03\/MD1665_mini__MC-12x12.png 12w, https:\/\/b2b.mideer.lt\/wp-content\/uploads\/2026\/03\/MD1665_mini__MC-600x600.png 600w, https:\/\/b2b.mideer.lt\/wp-content\/uploads\/2026\/03\/MD1665_mini__MC-96x96.png 96w, https:\/\/b2b.mideer.lt\/wp-content\/uploads\/2026\/03\/MD1665_mini__MC.png 800w\" sizes=\"(max-width: 300px) 100vw, 300px\" \/><\/div>\n\t\t\t\t\t<div class=\"wc-block-grid__product-title\">MINI MAGNETINIS KONSTRUKTORIUS METALIN\u0116JE D\u0116\u017dUT\u0116JE<\/div>\n\t\t\t\t<\/a>\n\t\t\t\t<div class=\"wc-block-grid__product-price price\">Piesakieties, lai redz\u0113tu cenas<\/div>\n\t\t\t\t\n\t\t\t\t<div class=\"wp-block-button wc-block-grid__product-add-to-cart\"><a href=\"https:\/\/b2b.mideer.lt\/lv\/product\/mini-magnetinis-konstruktorius-metalineje-dezuteje\/\" aria-label=\"Uzzin\u0101t vair\u0101k par &quot;MINI MAGNETINIS KONSTRUKTORIUS METALIN\u0116JE D\u0116\u017dUT\u0116JE&quot;\" data-quantity=\"1\" data-product_id=\"6100\" data-product_sku=\"MD1665\" data-price=\"26.99\" rel=\"nofollow\" class=\"wp-block-button__link  add_to_cart_button\" data-no-translation=\"\" data-trp-gettext=\"\" data-no-translation-aria-label=\"\">Las\u012bt vair\u0101k<\/a><\/div>\n\t\t\t<\/li><li class=\"wc-block-grid__product\">\n\t\t\t\t<a href=\"https:\/\/b2b.mideer.lt\/lv\/product\/mix-and-match-magnetinis-konstruktorius-66-daliu\/\" class=\"wc-block-grid__product-link\">\n\t\t\t\t\t\n\t\t\t\t\t<div class=\"wc-block-grid__product-image\"><img decoding=\"async\" width=\"300\" height=\"300\" src=\"https:\/\/b2b.mideer.lt\/wp-content\/uploads\/2026\/03\/konstruk-300x300.png\" class=\"attachment-woocommerce_thumbnail size-woocommerce_thumbnail\" alt=\"MIX AND MATCH MAGNETINIS KONSTRUKTORIUS - 66 DALI\u0172\" srcset=\"https:\/\/b2b.mideer.lt\/wp-content\/uploads\/2026\/03\/konstruk-300x300.png 300w, https:\/\/b2b.mideer.lt\/wp-content\/uploads\/2026\/03\/konstruk-150x150.png 150w, https:\/\/b2b.mideer.lt\/wp-content\/uploads\/2026\/03\/konstruk-768x768.png 768w, https:\/\/b2b.mideer.lt\/wp-content\/uploads\/2026\/03\/konstruk-12x12.png 12w, https:\/\/b2b.mideer.lt\/wp-content\/uploads\/2026\/03\/konstruk-600x600.png 600w, https:\/\/b2b.mideer.lt\/wp-content\/uploads\/2026\/03\/konstruk-96x96.png 96w, https:\/\/b2b.mideer.lt\/wp-content\/uploads\/2026\/03\/konstruk.png 800w\" sizes=\"(max-width: 300px) 100vw, 300px\" \/><\/div>\n\t\t\t\t\t<div class=\"wc-block-grid__product-title\">MIX AND MATCH MAGNETINIS KONSTRUKTORIUS &#8211; 66 DALI\u0172<\/div>\n\t\t\t\t<\/a>\n\t\t\t\t<div class=\"wc-block-grid__product-price price\">Piesakieties, lai redz\u0113tu cenas<\/div>\n\t\t\t\t\n\t\t\t\t<div class=\"wp-block-button wc-block-grid__product-add-to-cart\"><a href=\"https:\/\/b2b.mideer.lt\/lv\/product\/mix-and-match-magnetinis-konstruktorius-66-daliu\/\" aria-label=\"Uzzin\u0101t vair\u0101k par &quot;MIX AND MATCH MAGNETINIS KONSTRUKTORIUS - 66 DALI\u0172&quot;\" data-quantity=\"1\" data-product_id=\"6102\" data-product_sku=\"MD1666\" data-price=\"49.99\" rel=\"nofollow\" class=\"wp-block-button__link  add_to_cart_button\" data-no-translation=\"\" data-trp-gettext=\"\" data-no-translation-aria-label=\"\">Las\u012bt vair\u0101k<\/a><\/div>\n\t\t\t<\/li><li class=\"wc-block-grid__product\">\n\t\t\t\t<a href=\"https:\/\/b2b.mideer.lt\/lv\/product\/didelis-magnetinis-pasaulio-zemelapis-delione\/\" class=\"wc-block-grid__product-link\">\n\t\t\t\t\t\n\t\t\t\t\t<div class=\"wc-block-grid__product-image\"><img loading=\"lazy\" decoding=\"async\" width=\"300\" height=\"300\" src=\"https:\/\/b2b.mideer.lt\/wp-content\/uploads\/2026\/03\/1_019c97ee-5cc3-480b-a148-aee0b5cc773a-300x300.jpg\" class=\"attachment-woocommerce_thumbnail size-woocommerce_thumbnail\" alt=\"DIDELIS MAGNETINIS PASAULIO \u017dEM\u0116LAPIS \/ D\u0116LION\u0116\" srcset=\"https:\/\/b2b.mideer.lt\/wp-content\/uploads\/2026\/03\/1_019c97ee-5cc3-480b-a148-aee0b5cc773a-300x300.jpg 300w, https:\/\/b2b.mideer.lt\/wp-content\/uploads\/2026\/03\/1_019c97ee-5cc3-480b-a148-aee0b5cc773a-150x150.jpg 150w, https:\/\/b2b.mideer.lt\/wp-content\/uploads\/2026\/03\/1_019c97ee-5cc3-480b-a148-aee0b5cc773a-768x768.jpg 768w, https:\/\/b2b.mideer.lt\/wp-content\/uploads\/2026\/03\/1_019c97ee-5cc3-480b-a148-aee0b5cc773a-12x12.jpg 12w, https:\/\/b2b.mideer.lt\/wp-content\/uploads\/2026\/03\/1_019c97ee-5cc3-480b-a148-aee0b5cc773a-600x600.jpg 600w, https:\/\/b2b.mideer.lt\/wp-content\/uploads\/2026\/03\/1_019c97ee-5cc3-480b-a148-aee0b5cc773a-96x96.jpg 96w, https:\/\/b2b.mideer.lt\/wp-content\/uploads\/2026\/03\/1_019c97ee-5cc3-480b-a148-aee0b5cc773a.jpg 800w\" sizes=\"(max-width: 300px) 100vw, 300px\" \/><\/div>\n\t\t\t\t\t<div class=\"wc-block-grid__product-title\">DIDELIS MAGNETINIS PASAULIO \u017dEM\u0116LAPIS \/ D\u0116LION\u0116<\/div>\n\t\t\t\t<\/a>\n\t\t\t\t<div class=\"wc-block-grid__product-price price\">Piesakieties, lai redz\u0113tu cenas<\/div>\n\t\t\t\t\n\t\t\t\t<div class=\"wp-block-button wc-block-grid__product-add-to-cart\"><a href=\"https:\/\/b2b.mideer.lt\/lv\/product\/didelis-magnetinis-pasaulio-zemelapis-delione\/\" aria-label=\"Uzzin\u0101t vair\u0101k par &quot;DIDELIS MAGNETINIS PASAULIO \u017dEM\u0116LAPIS \/ D\u0116LION\u0116&quot;\" data-quantity=\"1\" data-product_id=\"6106\" data-product_sku=\"MD1622\" data-price=\"41.99\" rel=\"nofollow\" class=\"wp-block-button__link  add_to_cart_button\" data-no-translation=\"\" data-trp-gettext=\"\" data-no-translation-aria-label=\"\">Las\u012bt vair\u0101k<\/a><\/div>\n\t\t\t<\/li><\/ul><\/div><\/div><\/div>","protected":false},"excerpt":{"rendered":"","protected":false},"author":1,"featured_media":0,"parent":0,"menu_order":0,"comment_status":"closed","ping_status":"closed","template":"","meta":{"footnotes":""},"class_list":["post-9","page","type-page","status-publish","hentry","post-no-thumbnail"],"jetpack_sharing_enabled":true,"_links":{"self":[{"href":"https:\/\/b2b.mideer.lt\/lv\/wp-json\/wp\/v2\/pages\/9"}],"collection":[{"href":"https:\/\/b2b.mideer.lt\/lv\/wp-json\/wp\/v2\/pages"}],"about":[{"href":"https:\/\/b2b.mideer.lt\/lv\/wp-json\/wp\/v2\/types\/page"}],"author":[{"embeddable":true,"href":"https:\/\/b2b.mideer.lt\/lv\/wp-json\/wp\/v2\/users\/1"}],"replies":[{"embeddable":true,"href":"https:\/\/b2b.mideer.lt\/lv\/wp-json\/wp\/v2\/comments?post=9"}],"version-history":[{"count":1,"href":"https:\/\/b2b.mideer.lt\/lv\/wp-json\/wp\/v2\/pages\/9\/revisions"}],"predecessor-version":[{"id":4014,"href":"https:\/\/b2b.mideer.lt\/lv\/wp-json\/wp\/v2\/pages\/9\/revisions\/4014"}],"wp:attachment":[{"href":"https:\/\/b2b.mideer.lt\/lv\/wp-json\/wp\/v2\/media?parent=9"}],"curies":[{"name":"wp","href":"https:\/\/api.w.org\/{rel}","templated":true}]}}