{"id":875,"date":"2024-08-02T08:30:35","date_gmt":"2024-08-02T08:30:35","guid":{"rendered":"https:\/\/b2b.mideer.lt\/?post_type=product&#038;p=875"},"modified":"2026-04-10T07:33:00","modified_gmt":"2026-04-10T07:33:00","slug":"you-look-yummy-pencil-case-t-rex-samll","status":"publish","type":"product","link":"https:\/\/b2b.mideer.lt\/en\/product\/you-look-yummy-pencil-case-t-rex-samll\/","title":{"rendered":"Small pencil case \"You look yummy!\""},"content":{"rendered":"<p data-sourcepos=\"3:1-3:38\"><strong>Experience an international art aesthetic with a children's pencil case designed by Tatsuya Miyanishi.\u00a0<\/strong><\/p>\n<p data-sourcepos=\"3:1-3:38\">This T-Rex Drawing Case has compartments for easy organisation of items. Mesh, elastic loops, main compartment, 3 layers for children's writing utensils. Water and stain resistant, easy to clean.<\/p>\n<ul>\n<li data-sourcepos=\"6:1-6:4\"><strong>Am\u017eius:<\/strong> 3+<\/li>\n<li data-sourcepos=\"6:1-6:4\"><strong>Artist:<\/strong> Tatsuya Miyanishi<\/li>\n<li data-sourcepos=\"6:1-6:4\"><strong>Dimensions:<\/strong>22,5 x 9,5 x 5 cm<\/li>\n<li data-sourcepos=\"6:1-6:4\"><strong>Special features:<\/strong> water and dirt resistant<\/li>\n<li data-sourcepos=\"6:1-6:4\"><strong>Med\u017eiaga:<\/strong> EVA<\/li>\n<li data-sourcepos=\"6:1-6:4\"><strong>Maintenance:<\/strong> cleaning with wet wipes<\/li>\n<\/ul>","protected":false},"excerpt":{"rendered":"<p>Pajuskite tarptautin\u0119 meno estetik\u0105 su Tatsuya Miyanishi menininko kurtu penalu vaikams.\u00a0 \u0160is T-Rex pie\u0161ini\u0173 d\u0117klas turi skyrius patogiam daikt\u0173 susid\u0117liojimui. Tinklelis, elastingos kilpel\u0117s, pagrindinis skyrius, 3 sluoksniai vaik\u0173 ra\u0161ymo reikmenims sutalpinti. Vandeniui ir d\u0117m\u0117ms atsparus, lengvai valomas. Am\u017eius: 3+ Dailininkas: Tatsuya Miyanishi Matmenys:22,5 x 9,5 x 5 cm Ypatingos savyb\u0117s: atsparus vandeniui ir purvui Med\u017eiaga: EVA Prie\u017ei\u016bra: valyti dr\u0117gnomis servet\u0117l\u0117mis<\/p>","protected":false},"featured_media":3942,"template":"","meta":[],"product_brand":[],"product_cat":[280,254,255],"product_tag":[30,16,27,144,81,281,287,22,39,173],"class_list":{"0":"post-875","1":"product","2":"type-product","3":"status-publish","4":"has-post-thumbnail","6":"product_cat-akcija","7":"product_cat-mokyklos-reikmenys","8":"product_cat-naujienos","9":"product_tag-2023-new-in","10":"product_tag-age-3-4-years","11":"product_tag-arts-crafts","12":"product_tag-dinosaurs","13":"product_tag-international-artist-puzzle","14":"product_tag-kancelairines-prekes","15":"product_tag-penalai","16":"product_tag-regular-sale","17":"product_tag-school-supplies","18":"product_tag-tatsuya-miyanishi","20":"first","21":"instock","22":"taxable","23":"shipping-taxable","24":"product-type-simple"},"jetpack_sharing_enabled":true,"_links":{"self":[{"href":"https:\/\/b2b.mideer.lt\/en\/wp-json\/wp\/v2\/product\/875"}],"collection":[{"href":"https:\/\/b2b.mideer.lt\/en\/wp-json\/wp\/v2\/product"}],"about":[{"href":"https:\/\/b2b.mideer.lt\/en\/wp-json\/wp\/v2\/types\/product"}],"wp:featuredmedia":[{"embeddable":true,"href":"https:\/\/b2b.mideer.lt\/en\/wp-json\/wp\/v2\/media\/3942"}],"wp:attachment":[{"href":"https:\/\/b2b.mideer.lt\/en\/wp-json\/wp\/v2\/media?parent=875"}],"wp:term":[{"taxonomy":"product_brand","embeddable":true,"href":"https:\/\/b2b.mideer.lt\/en\/wp-json\/wp\/v2\/product_brand?post=875"},{"taxonomy":"product_cat","embeddable":true,"href":"https:\/\/b2b.mideer.lt\/en\/wp-json\/wp\/v2\/product_cat?post=875"},{"taxonomy":"product_tag","embeddable":true,"href":"https:\/\/b2b.mideer.lt\/en\/wp-json\/wp\/v2\/product_tag?post=875"}],"curies":[{"name":"wp","href":"https:\/\/api.w.org\/{rel}","templated":true}]}}