{"id":834,"date":"2024-04-26T07:46:36","date_gmt":"2024-04-26T07:46:36","guid":{"rendered":"https:\/\/b2b.mideer.lt\/product\/copy-of-vaikiskas-projektorius-su-pasakomis\/"},"modified":"2026-04-16T08:38:13","modified_gmt":"2026-04-16T08:38:13","slug":"vaikiskas-zibintuvelis-projektorius","status":"publish","type":"product","link":"https:\/\/b2b.mideer.lt\/en\/product\/vaikiskas-zibintuvelis-projektorius\/","title":{"rendered":"Children's flashlight - projector"},"content":{"rendered":"<p>This children's torch projector provides lots of fun and entertainment!<\/p>\n<p>The flashlight depicting the story has 4 different projection discs that lock onto the end. Each disc tells a story when projected onto a wall or ceiling. The stories are visual only, but are not voiced.<\/p>\n<p>The front of the torch should be adjustable for viewing and for use in a slightly darkened room for best results.<\/p>\n<p>Everyone in the family can enjoy bedtime as the narrator voices a different story!<\/p>\n<ul>\n<li><strong>Am\u017eius:<\/strong> 3+<\/li>\n<li><strong>D\u0117\u017eut\u0117s matmenys: <\/strong>22.8 x 5.7 x 5.7cm<\/li>\n<li><strong>Includes:<\/strong> 1 flashlight projector, 4 fairy scrolls<\/li>\n<\/ul>","protected":false},"excerpt":{"rendered":"<p>\u0160is vaiki\u0161kas \u017eibintuv\u0117lis &#8211; projektorius suteikia daug linksmybi\u0173 ir pramog\u0173! Istorij\u0105 vaizduojan\u010diame \u017eibintuv\u0117lyje yra 4 skirtingi projekciniai diskai, kurie u\u017esifiksuoja ant galo. Kiekvienas diskas, projektuojamas ant sienos arba lub\u0173, pasakoja istorij\u0105. Pasakos turi tik vaizd\u0105, bet n\u0117ra \u012fgarsintos. Degiklio priekin\u0117 dalis turi b\u016bti reguliuojama, kad b\u016bt\u0173 galima per\u017ei\u016br\u0117ti vaizd\u0105, ir naudoti \u0161iek tiek tamsesn\u0117je patalpoje, kad b\u016bt\u0173 pasiekti geriausi rezultatai. Kiekvienas \u0161eimos narys gali m\u0117gautis prie\u0161 mieg\u0105, kaip pasakojantysis \u012fgarsina vis kitoki\u0105 istorij\u0105! Am\u017eius: 3+ D\u0117\u017eut\u0117s matmenys: 22.8 x 5.7 x 5.7cm Komplekte: 1 \u017eibintuvelis projektorius, 4 pasak\u0173 ritiniai<\/p>","protected":false},"featured_media":3752,"template":"","meta":[],"product_brand":[],"product_cat":[234,235,236,239,242,272,244,277,276],"product_tag":[16,80,63,40,123,87,36,21,22,23],"class_list":{"0":"post-834","1":"product","2":"type-product","3":"status-publish","4":"has-post-thumbnail","6":"product_cat-3-4-metai","7":"product_cat-5-6-metai","8":"product_cat-6-metai","9":"product_cat-daugiau-zaislu-ir-zaidimu","10":"product_cat-dovanu-idejos","11":"product_cat-kaledines-dovanos","12":"product_cat-kas-populiaru","13":"product_cat-smart-products-filter-index-do-not-delete","14":"product_cat-zaislai-ir-zaidimai","15":"product_tag-age-3-4-years","16":"product_tag-back-in-stock","17":"product_tag-best","18":"product_tag-best-sellers","19":"product_tag-early-learning-toys","20":"product_tag-fantasy-magic","21":"product_tag-kol-koc","22":"product_tag-more-toys-games","23":"product_tag-regular-sale","24":"product_tag-test","26":"first","27":"instock","28":"taxable","29":"shipping-taxable","30":"product-type-simple"},"jetpack_sharing_enabled":true,"_links":{"self":[{"href":"https:\/\/b2b.mideer.lt\/en\/wp-json\/wp\/v2\/product\/834"}],"collection":[{"href":"https:\/\/b2b.mideer.lt\/en\/wp-json\/wp\/v2\/product"}],"about":[{"href":"https:\/\/b2b.mideer.lt\/en\/wp-json\/wp\/v2\/types\/product"}],"wp:featuredmedia":[{"embeddable":true,"href":"https:\/\/b2b.mideer.lt\/en\/wp-json\/wp\/v2\/media\/3752"}],"wp:attachment":[{"href":"https:\/\/b2b.mideer.lt\/en\/wp-json\/wp\/v2\/media?parent=834"}],"wp:term":[{"taxonomy":"product_brand","embeddable":true,"href":"https:\/\/b2b.mideer.lt\/en\/wp-json\/wp\/v2\/product_brand?post=834"},{"taxonomy":"product_cat","embeddable":true,"href":"https:\/\/b2b.mideer.lt\/en\/wp-json\/wp\/v2\/product_cat?post=834"},{"taxonomy":"product_tag","embeddable":true,"href":"https:\/\/b2b.mideer.lt\/en\/wp-json\/wp\/v2\/product_tag?post=834"}],"curies":[{"name":"wp","href":"https:\/\/api.w.org\/{rel}","templated":true}]}}