{"id":773,"date":"2024-04-26T07:45:37","date_gmt":"2024-04-26T07:45:37","guid":{"rendered":"https:\/\/b2b.mideer.lt\/product\/floating-ball-game\/"},"modified":"2026-04-22T07:31:11","modified_gmt":"2026-04-22T07:31:11","slug":"ore-sklandancio-kamuoliuko-zaidimas","status":"publish","type":"product","link":"https:\/\/b2b.mideer.lt\/en\/product\/ore-sklandancio-kamuoliuko-zaidimas\/","title":{"rendered":"The ball in the air game"},"content":{"rendered":"<div>\n<p data-sourcepos=\"9:1-9:305\">Beat the Flying Ball Challenge! Blow as hard as you can and don't let it fall - you'll be strengthening your lungs and learning how to breathe properly. The toy has soft edges and is made of durable materials. Tiny and comfortable, it can travel with you for a fun workout guaranteed!<\/p>\n<\/div>\n<ul>\n<li><strong>Am\u017eius:<\/strong> 3+<\/li>\n<li><strong>D\u0117\u017eut\u0117s matmenys:<\/strong> 15.7 cm x 4.2 cm x 5.2 cm<\/li>\n<li><strong>Included:<\/strong> 1 spray tube, 2 balls<\/li>\n<\/ul>\n<div>Remark:<\/div>\n<div>\n<ul>\n<li>Avoid contact with water, as wooden toys can swell and warp when wet. Alcohol can remove surface water-based paint.<\/li>\n<li>Gently wipe the wooden surface of the box with a dry, clean cloth or handkerchief.<\/li>\n<li>Avoid humid conditions as wooden toys tend to turn black and mould. It is recommended to store them in a dry and cool place.<\/li>\n<li>Avoid prolonged exposure to sunlight as this can cause cracks in the paint surface, affecting the appearance.<\/li>\n<\/ul>\n<\/div>","protected":false},"excerpt":{"rendered":"<p>\u012eveik skraidan\u010dio kamuoliuko i\u0161\u0161\u016bk\u012f! P\u016bsk kuo stipriau ir neleisk jam nukristi &#8211; taip neju\u010dia stiprinsi plau\u010dius ir mokysies taisyklingai kv\u0117puoti. \u017daislo kra\u0161teliai \u0161veln\u016bs, jis pagamintas i\u0161 ilgaam\u017ei\u0173 med\u017eiag\u0173. Ma\u017eytis ir patogus, tod\u0117l gali keliauti kartu su tavimi &#8211; smagios treniruot\u0117s garantuotos! Am\u017eius: 3+ D\u0117\u017eut\u0117s matmenys: 15.7 cm x 4.2 cm x 5.2 cm \u012etraukta: 1 pur\u0161kiamasis vamzdelis, 2 kamuoliai Pastaba: Vengti kontakto su vandeniu, nes medin\u0117s \u017eaislai gali patinti ir deformuotis, esant dr\u0117gmei. Alkoholis gali pa\u0161alinti pavir\u0161inius vandens pagrindo da\u017eus. D\u0117\u017eut\u0117s medin\u0119 pavir\u0161i\u0173 \u0161velniai nuvalykite sausu \u0161variu skudur\u0117liu arba nosine. Vengti dr\u0117gn\u0173 s\u0105lyg\u0173, nes mediniai \u017eaislai link\u0119 pakeisti spalv\u0105 \u012f juod\u0105 ir pel\u0117siuoti. Rekomenduojama juos laikyti sausoje ir v\u0117sioje vietoje. Vengti ilgalaik\u0117s saul\u0117s spinduliavimo, nes tai gali sukelti ply\u0161ius da\u017e\u0173 pavir\u0161iuje, paveikiant i\u0161vaizd\u0105.<\/p>","protected":false},"featured_media":3451,"template":"","meta":[],"product_brand":[],"product_cat":[234,235,236,239,246,277,276],"product_tag":[16,17,18,57,120,21,25,121],"class_list":{"0":"post-773","1":"product","2":"type-product","3":"status-publish","4":"has-post-thumbnail","6":"product_cat-3-4-metai","7":"product_cat-5-6-metai","8":"product_cat-6-metai","9":"product_cat-daugiau-zaislu-ir-zaidimu","10":"product_cat-lauko-zaislai","11":"product_cat-smart-products-filter-index-do-not-delete","12":"product_cat-zaislai-ir-zaidimai","13":"product_tag-age-3-4-years","14":"product_tag-age-5-6-years","15":"product_tag-age-6-years","16":"product_tag-aktyvus-laisvalaikis","17":"product_tag-lauko-zaidimai","18":"product_tag-more-toys-games","19":"product_tag-new-arrivals","20":"product_tag-zaidimai-lauke-vaikams","22":"first","23":"instock","24":"taxable","25":"shipping-taxable","26":"product-type-simple"},"jetpack_sharing_enabled":true,"_links":{"self":[{"href":"https:\/\/b2b.mideer.lt\/en\/wp-json\/wp\/v2\/product\/773"}],"collection":[{"href":"https:\/\/b2b.mideer.lt\/en\/wp-json\/wp\/v2\/product"}],"about":[{"href":"https:\/\/b2b.mideer.lt\/en\/wp-json\/wp\/v2\/types\/product"}],"wp:featuredmedia":[{"embeddable":true,"href":"https:\/\/b2b.mideer.lt\/en\/wp-json\/wp\/v2\/media\/3451"}],"wp:attachment":[{"href":"https:\/\/b2b.mideer.lt\/en\/wp-json\/wp\/v2\/media?parent=773"}],"wp:term":[{"taxonomy":"product_brand","embeddable":true,"href":"https:\/\/b2b.mideer.lt\/en\/wp-json\/wp\/v2\/product_brand?post=773"},{"taxonomy":"product_cat","embeddable":true,"href":"https:\/\/b2b.mideer.lt\/en\/wp-json\/wp\/v2\/product_cat?post=773"},{"taxonomy":"product_tag","embeddable":true,"href":"https:\/\/b2b.mideer.lt\/en\/wp-json\/wp\/v2\/product_tag?post=773"}],"curies":[{"name":"wp","href":"https:\/\/api.w.org\/{rel}","templated":true}]}}