{"id":768,"date":"2024-05-10T08:58:14","date_gmt":"2024-05-10T08:58:14","guid":{"rendered":"https:\/\/b2b.mideer.lt\/?post_type=product&#038;p=768"},"modified":"2026-05-07T22:04:21","modified_gmt":"2026-05-07T22:04:21","slug":"silkiniu-kreideliu-papildymas-12-spalvu","status":"publish","type":"product","link":"https:\/\/b2b.mideer.lt\/en\/product\/silkiniu-kreideliu-papildymas-12-spalvu\/","title":{"rendered":"Silk crayon refill, 12 colours"},"content":{"rendered":"<div class=\"richTextContainer\" data-mce-fragment=\"1\">\n<p data-sourcepos=\"9:1-9:306\">The Silk Crayon Refill is a set of 12 silk crayon nibs in different colours. These can be added to previously purchased Mideer Silk Crayon Sets.\u00a0<\/p>\n<p>The 12-colour tube set is a versatile palette for budding artists. Easily mix and match colours with the handy swivel design, perfect for unleashing artistic potential.<\/p>\n<\/div>\n<div class=\"richTextContainer\" data-mce-fragment=\"1\">\n<ul>\n<li>\n<strong>Am\u017eius:<\/strong> 6 years and older<\/li>\n<li>\n<strong>D\u0117\u017eut\u0117s matmenys:<\/strong> 16,3 cm x 8,5 cm<\/li>\n<li>\n<strong>Includes:<\/strong> Refill of 12 twist-out crayons<\/li>\n<\/ul>\n<\/div>","protected":false},"excerpt":{"rendered":"<p>\u0160ilkini\u0173 kreideli\u0173 papildymas &#8211; tai 12 skirting\u0173 spalv\u0173 \u0161ilkini\u0173 kreideli\u0173 \u0161erdeli\u0173. Jomis galite papildyti anks\u010diau \u012fsigytus Mideer \u0161ilkini\u0173 kreideli\u0173 komplektus.\u00a0 Dvylikos spalv\u0173 t\u016bbeli\u0173 rinkinys &#8211; tai universali palet\u0117 jauniesiems k\u016br\u0117jams. Lengvai mai\u0161ykite ir derinkite spalvas, naudodami patog\u0173 sukam\u0105j\u012f dizain\u0105, kuris puikiai tinka meniniam potencialui atskleisti. Am\u017eius: 6 met\u0173 ir vyresni D\u0117\u017eut\u0117s matmenys: 16,3 cm x 8,5 cm Komplekte: 12 i\u0161sukam\u0173 kreideli\u0173 papildymas<\/p>","protected":false},"featured_media":4314,"template":"","meta":[],"product_brand":[],"product_cat":[250,252,277],"product_tag":[18,41,27,20,36,25,22],"class_list":{"0":"post-768","1":"product","2":"type-product","3":"status-publish","4":"has-post-thumbnail","6":"product_cat-menai-ir-kurybiniai-uzsiemimai","7":"product_cat-meno-reikmenys","8":"product_cat-smart-products-filter-index-do-not-delete","9":"product_tag-age-6-years","10":"product_tag-art-supplies","11":"product_tag-arts-crafts","12":"product_tag-gift","13":"product_tag-kol-koc","14":"product_tag-new-arrivals","15":"product_tag-regular-sale","17":"first","18":"instock","19":"taxable","20":"shipping-taxable","21":"product-type-simple"},"jetpack_sharing_enabled":true,"_links":{"self":[{"href":"https:\/\/b2b.mideer.lt\/en\/wp-json\/wp\/v2\/product\/768"}],"collection":[{"href":"https:\/\/b2b.mideer.lt\/en\/wp-json\/wp\/v2\/product"}],"about":[{"href":"https:\/\/b2b.mideer.lt\/en\/wp-json\/wp\/v2\/types\/product"}],"wp:featuredmedia":[{"embeddable":true,"href":"https:\/\/b2b.mideer.lt\/en\/wp-json\/wp\/v2\/media\/4314"}],"wp:attachment":[{"href":"https:\/\/b2b.mideer.lt\/en\/wp-json\/wp\/v2\/media?parent=768"}],"wp:term":[{"taxonomy":"product_brand","embeddable":true,"href":"https:\/\/b2b.mideer.lt\/en\/wp-json\/wp\/v2\/product_brand?post=768"},{"taxonomy":"product_cat","embeddable":true,"href":"https:\/\/b2b.mideer.lt\/en\/wp-json\/wp\/v2\/product_cat?post=768"},{"taxonomy":"product_tag","embeddable":true,"href":"https:\/\/b2b.mideer.lt\/en\/wp-json\/wp\/v2\/product_tag?post=768"}],"curies":[{"name":"wp","href":"https:\/\/api.w.org\/{rel}","templated":true}]}}