{"id":767,"date":"2024-04-26T07:45:33","date_gmt":"2024-04-26T07:45:33","guid":{"rendered":"https:\/\/b2b.mideer.lt\/product\/copy-of-copy-of-silky-crayon-36-colors\/"},"modified":"2026-04-22T22:03:19","modified_gmt":"2026-04-22T22:03:19","slug":"silkines-kreideles-36-spalvos","status":"publish","type":"product","link":"https:\/\/b2b.mideer.lt\/en\/product\/silkines-kreideles-36-spalvos\/","title":{"rendered":"Silk crayons - 36 colours"},"content":{"rendered":"<div class=\"richTextContainer\" data-mce-fragment=\"1\">\n<div class=\"richTextContainer\" data-mce-fragment=\"1\">\n<div class=\"richTextContainer\" data-mce-fragment=\"1\">\n<div class=\"richTextContainer\" data-mce-fragment=\"1\">\n<p data-sourcepos=\"9:1-9:306\">Silk crayons are a bright and safe choice for budding young artists from the age of 3. These <strong>water-soluble crayons<\/strong> opens up a world of creative possibilities. Crayons <strong>non-toxic<\/strong> and specifically designed to minimise clutter.<br \/>\n<strong>Quick drying function<\/strong> Ensures that the artwork dries quickly, preventing stains and smudges. <strong>Ergonomic design<\/strong> Ideal for small hands as it encourages comfortable and controlled drawing. Only available separately <strong>refilling crayon cores<\/strong> continue to use your existing set of crayons.<\/p>\n<\/div>\n<\/div>\n<div class=\"richTextContainer\" data-mce-fragment=\"1\">\n<ul>\n<li><strong>Am\u017eius:<\/strong> 3+<\/li>\n<li><strong>D\u0117\u017eut\u0117s matmenys:<\/strong> 16,3 cm x 8,5 cm<\/li>\n<li><strong>Includes:<\/strong> 36 twist-out crayons<\/li>\n<\/ul>\n<\/div>\n<\/div>\n<\/div>\n<div class=\"richTextContainer\" data-mce-fragment=\"1\">\n<div>\n<div data-zone-id=\"0\" data-line-index=\"1\" data-line=\"true\">\n<p>&nbsp;<\/p>\n<\/div>\n<\/div>\n<\/div>\n<div class=\"richTextContainer\" data-mce-fragment=\"1\">\n<p>&nbsp;<\/p>\n<\/div>","protected":false},"excerpt":{"rendered":"<p>\u0160ilkin\u0117s kreidel\u0117s yra ry\u0161kus ir saugus pasirinkimas pradedantiesiems jauniesiems dailininkams nuo 3met\u0173. \u0160ios vandenyje tirpstan\u010dios kreidel\u0117s atveria k\u016brybini\u0173 galimybi\u0173 pasaul\u012f. Kreidel\u0117s netoksi\u0161kos ir specialiai sukurtos taip, kad b\u016bt\u0173 kuo ma\u017eiau netvarkos. Greito d\u017ei\u016bvimo funkcija u\u017etikrina, kad meno k\u016briniai greitai i\u0161d\u017ei\u016bt\u0173, tod\u0117l nesusidarys d\u0117m\u0117s ir sutepimai. Ergonomi\u0161kas dizainas puikiai tinka ma\u017eoms rankoms, nes skatina patog\u0173 ir kontroliuojam\u0105 pie\u0161im\u0105. Galima atskirai \u012fsigyti tik kreideli\u0173 \u0161erdeli\u0173 papildym\u0105 ir toliau naudoti savo turim\u0105 kreideli\u0173 rinkin\u012f. Am\u017eius: 3+ D\u0117\u017eut\u0117s matmenys: 16,3 cm x 8,5 cm Komplekte: 36 i\u0161sukam\u0173 kreideli\u0173 &nbsp; &nbsp;<\/p>","protected":false},"featured_media":5173,"template":"","meta":[],"product_brand":[],"product_cat":[236,250,252,277,268,275],"product_tag":[18,41,27,20,36,112,113,54,114,25,47,22,48,49,137],"class_list":{"0":"post-767","1":"product","2":"type-product","3":"status-publish","4":"has-post-thumbnail","6":"product_cat-6-metai","7":"product_cat-menai-ir-kurybiniai-uzsiemimai","8":"product_cat-meno-reikmenys","9":"product_cat-smart-products-filter-index-do-not-delete","10":"product_cat-spalvinimo-priemones","11":"product_cat-visos-meno-prekes","12":"product_tag-age-6-years","13":"product_tag-art-supplies","14":"product_tag-arts-crafts","15":"product_tag-gift","16":"product_tag-kol-koc","17":"product_tag-kreideles","18":"product_tag-kreideles-vaikams","19":"product_tag-menininko-rinkinys","20":"product_tag-naturalios-kreideles","21":"product_tag-new-arrivals","22":"product_tag-piesimo-reikmenys","23":"product_tag-regular-sale","24":"product_tag-ryskios-spalvos","25":"product_tag-spalvinimo-priemones","26":"product_tag-spalvinimui","28":"first","29":"instock","30":"taxable","31":"shipping-taxable","32":"product-type-simple"},"jetpack_sharing_enabled":true,"_links":{"self":[{"href":"https:\/\/b2b.mideer.lt\/en\/wp-json\/wp\/v2\/product\/767"}],"collection":[{"href":"https:\/\/b2b.mideer.lt\/en\/wp-json\/wp\/v2\/product"}],"about":[{"href":"https:\/\/b2b.mideer.lt\/en\/wp-json\/wp\/v2\/types\/product"}],"wp:featuredmedia":[{"embeddable":true,"href":"https:\/\/b2b.mideer.lt\/en\/wp-json\/wp\/v2\/media\/5173"}],"wp:attachment":[{"href":"https:\/\/b2b.mideer.lt\/en\/wp-json\/wp\/v2\/media?parent=767"}],"wp:term":[{"taxonomy":"product_brand","embeddable":true,"href":"https:\/\/b2b.mideer.lt\/en\/wp-json\/wp\/v2\/product_brand?post=767"},{"taxonomy":"product_cat","embeddable":true,"href":"https:\/\/b2b.mideer.lt\/en\/wp-json\/wp\/v2\/product_cat?post=767"},{"taxonomy":"product_tag","embeddable":true,"href":"https:\/\/b2b.mideer.lt\/en\/wp-json\/wp\/v2\/product_tag?post=767"}],"curies":[{"name":"wp","href":"https:\/\/api.w.org\/{rel}","templated":true}]}}