{"id":765,"date":"2024-04-26T07:45:31","date_gmt":"2024-04-26T07:45:31","guid":{"rendered":"https:\/\/b2b.mideer.lt\/product\/silky-crayon-12-colors\/"},"modified":"2026-04-22T12:02:36","modified_gmt":"2026-04-22T12:02:36","slug":"silkines-kreidels-12-spalvu","status":"publish","type":"product","link":"https:\/\/b2b.mideer.lt\/en\/product\/silkines-kreidels-12-spalvu\/","title":{"rendered":"Silk Crayons - 12 Colours"},"content":{"rendered":"<div class=\"richTextContainer\" data-mce-fragment=\"1\">\n<p data-sourcepos=\"9:1-9:306\">Silk crayons are a bright and safe choice for budding young artists from the age of 3. These <strong>water-soluble crayons<\/strong> opens up a world of creative possibilities. Crayons <strong>non-toxic<\/strong> and specifically designed to minimise clutter.<br \/>\n<strong>Quick drying function<\/strong> Ensures that the artwork dries quickly, preventing stains and smudges. <strong>Ergonomic design<\/strong> Ideal for small hands as it encourages comfortable and controlled drawing. Only available separately <strong>refilling crayon cores<\/strong> continue to use your existing set of crayons.<\/p>\n<p>The 12-colour tube set is a versatile palette for budding artists. Easily mix and match colours with the handy swivel design, perfect for unleashing artistic potential.<\/p>\n<\/div>\n<div class=\"richTextContainer\" data-mce-fragment=\"1\">\n<ul>\n<li><strong>Am\u017eius:<\/strong> 3+<\/li>\n<li><strong>D\u0117\u017eut\u0117s matmenys:<\/strong> 16,3 cm x 8,5 cm<\/li>\n<li><strong>Includes:<\/strong> 12 twist-out crayons<\/li>\n<\/ul>\n<\/div>","protected":false},"excerpt":{"rendered":"<p>\u0160ilkin\u0117s kreidel\u0117s yra ry\u0161kus ir saugus pasirinkimas pradedantiesiems jauniesiems dailininkams nuo 3met\u0173. \u0160ios vandenyje tirpstan\u010dios kreidel\u0117s atveria k\u016brybini\u0173 galimybi\u0173 pasaul\u012f. Kreidel\u0117s netoksi\u0161kos ir specialiai sukurtos taip, kad b\u016bt\u0173 kuo ma\u017eiau netvarkos. Greito d\u017ei\u016bvimo funkcija u\u017etikrina, kad meno k\u016briniai greitai i\u0161d\u017ei\u016bt\u0173, tod\u0117l nesusidarys d\u0117m\u0117s ir sutepimai. Ergonomi\u0161kas dizainas puikiai tinka ma\u017eoms rankoms, nes skatina patog\u0173 ir kontroliuojam\u0105 pie\u0161im\u0105. Galima atskirai \u012fsigyti tik kreideli\u0173 \u0161erdeli\u0173 papildym\u0105 ir toliau naudoti savo turim\u0105 kreideli\u0173 rinkin\u012f. Dvylikos spalv\u0173 t\u016bbeli\u0173 rinkinys &#8211; tai universali palet\u0117 jauniesiems k\u016br\u0117jams. Lengvai mai\u0161ykite ir derinkite spalvas, naudodami patog\u0173 sukam\u0105j\u012f dizain\u0105, kuris puikiai tinka meniniam potencialui atskleisti. Am\u017eius: 3+ D\u0117\u017eut\u0117s matmenys: 16,3 cm x 8,5 cm Komplekte: 12 i\u0161sukam\u0173 kreideli\u0173<\/p>","protected":false},"featured_media":5058,"template":"","meta":[],"product_brand":[],"product_cat":[236,242,272,244,250,252,277,268,275],"product_tag":[18,41,27,20,36,112,113,54,114,25,22,48,49,137],"class_list":{"0":"post-765","1":"product","2":"type-product","3":"status-publish","4":"has-post-thumbnail","6":"product_cat-6-metai","7":"product_cat-dovanu-idejos","8":"product_cat-kaledines-dovanos","9":"product_cat-kas-populiaru","10":"product_cat-menai-ir-kurybiniai-uzsiemimai","11":"product_cat-meno-reikmenys","12":"product_cat-smart-products-filter-index-do-not-delete","13":"product_cat-spalvinimo-priemones","14":"product_cat-visos-meno-prekes","15":"product_tag-age-6-years","16":"product_tag-art-supplies","17":"product_tag-arts-crafts","18":"product_tag-gift","19":"product_tag-kol-koc","20":"product_tag-kreideles","21":"product_tag-kreideles-vaikams","22":"product_tag-menininko-rinkinys","23":"product_tag-naturalios-kreideles","24":"product_tag-new-arrivals","25":"product_tag-regular-sale","26":"product_tag-ryskios-spalvos","27":"product_tag-spalvinimo-priemones","28":"product_tag-spalvinimui","30":"first","31":"instock","32":"taxable","33":"shipping-taxable","34":"product-type-simple"},"jetpack_sharing_enabled":true,"_links":{"self":[{"href":"https:\/\/b2b.mideer.lt\/en\/wp-json\/wp\/v2\/product\/765"}],"collection":[{"href":"https:\/\/b2b.mideer.lt\/en\/wp-json\/wp\/v2\/product"}],"about":[{"href":"https:\/\/b2b.mideer.lt\/en\/wp-json\/wp\/v2\/types\/product"}],"wp:featuredmedia":[{"embeddable":true,"href":"https:\/\/b2b.mideer.lt\/en\/wp-json\/wp\/v2\/media\/5058"}],"wp:attachment":[{"href":"https:\/\/b2b.mideer.lt\/en\/wp-json\/wp\/v2\/media?parent=765"}],"wp:term":[{"taxonomy":"product_brand","embeddable":true,"href":"https:\/\/b2b.mideer.lt\/en\/wp-json\/wp\/v2\/product_brand?post=765"},{"taxonomy":"product_cat","embeddable":true,"href":"https:\/\/b2b.mideer.lt\/en\/wp-json\/wp\/v2\/product_cat?post=765"},{"taxonomy":"product_tag","embeddable":true,"href":"https:\/\/b2b.mideer.lt\/en\/wp-json\/wp\/v2\/product_tag?post=765"}],"curies":[{"name":"wp","href":"https:\/\/api.w.org\/{rel}","templated":true}]}}