{"id":697,"date":"2024-04-26T07:44:49","date_gmt":"2024-04-26T07:44:49","guid":{"rendered":"https:\/\/b2b.mideer.lt\/product\/my-first-puzzel-mom-baby-3p-7p\/"},"modified":"2026-04-22T22:03:21","modified_gmt":"2026-04-22T22:03:21","slug":"my-first-puzzel-mom-baby-3p-7p","status":"publish","type":"product","link":"https:\/\/b2b.mideer.lt\/en\/product\/my-first-puzzel-mom-baby-3p-7p\/","title":{"rendered":"THE FIRST MOTHER AND CHILD JIGSAW PUZZLE"},"content":{"rendered":"<p>\"The My First Puzzle series is designed with babies' cognitive needs and development in mind. Its large-piece design makes it suitable for the smallest hands and develops hand-eye coordination.<\/p>\n<p>This puzzle shows 6 pairs of farm animals as mother and child, including chickens, pigs, cows, dogs, horses and goats. It can help develop children's size and age perception.<\/p>\n<ul>\n<li><strong>Age<\/strong>: 2+<\/li>\n<li><strong>Box dimensions<\/strong>: 22.5 cm x 22.5 cm x 5 cm<\/li>\n<li><strong>Included<\/strong>: 6 puzzles<\/li>\n<li><strong>Number of parts<\/strong>: 3 parts, 4 parts, 5 parts, 5 parts, 6 parts, 7 parts<\/li>\n<li><strong>Available from<\/strong>: Food-grade, thick cardboard printed with soy ink<\/li>\n<\/ul>","protected":false},"excerpt":{"rendered":"<p>\u201eMano Pirmoji D\u0117lion\u0117\u201c serija yra sukurta atsi\u017evelgiant \u012f k\u016bdiki\u0173 pa\u017einimo poreikius ir j\u0173 vystym\u0105si. D\u0117l dideli\u0173 dali\u0173 dizaino ji tinka pa\u010dioms ma\u017eiausioms rankut\u0117ms, lavina rank\u0173-aki\u0173 koordinacij\u0105. \u0160ioje d\u0117lion\u0117je pavaizduotos 6 poros \u016bkio gyv\u016bn\u0173 kaip mamos ir vaiko, \u012fskaitant vi\u0161tas, kiaules, karves, \u0161unis, arklius ir o\u017ekas. Tai gali pad\u0117ti vystyti vaik\u0173 dyd\u017eio ir am\u017eiaus suvokim\u0105. Am\u017eius: 2+ D\u0117\u017eut\u0117s matmenys: 22.5 cm x 22.5 cm x 5 cm Komplekte: 6 d\u0117lion\u0117s Dali\u0173 skai\u010dius: 3 dalys, 4 dalys, 5 dalys, 5 dalys, 6 dalys, 7 dalys Med\u017eiaga: Maistin\u0117s kokyb\u0117s, storas kartonas, spausdintas sojos ra\u0161alu<\/p>","protected":false},"featured_media":4790,"template":"","meta":[],"product_brand":[],"product_cat":[233,234,237,240,241,242,244,249,277,274],"product_tag":[138,62,63,33,216,71,64,65,123,66,133,139,140,67,68,22,226],"class_list":{"0":"post-697","1":"product","2":"type-product","3":"status-publish","4":"has-post-thumbnail","6":"product_cat-0-2-metai","7":"product_cat-3-4-metai","8":"product_cat-ankstyvo-lavinimo-zaidimai","9":"product_cat-deliones","10":"product_cat-dideliu-daliu-deliones","11":"product_cat-dovanu-idejos","12":"product_cat-kas-populiaru","13":"product_cat-maziau-nei-50-daliu","14":"product_cat-smart-products-filter-index-do-not-delete","15":"product_cat-visos-deliones","16":"product_tag-age-0-2-years","17":"product_tag-animals-nature","18":"product_tag-best","19":"product_tag-delione","20":"product_tag-delione-kudikiams","21":"product_tag-deliones-kudikiams","22":"product_tag-deliones-vaikams","23":"product_tag-deliones-vaikui","24":"product_tag-early-learning-toys","25":"product_tag-gamta","26":"product_tag-gyvunu-deliones","27":"product_tag-jumbo-size","28":"product_tag-less-than-50-pieces","29":"product_tag-puzle","30":"product_tag-puzzles","31":"product_tag-regular-sale","32":"product_tag-stambiu-daliu-delione","34":"first","35":"instock","36":"taxable","37":"shipping-taxable","38":"product-type-simple"},"jetpack_sharing_enabled":true,"_links":{"self":[{"href":"https:\/\/b2b.mideer.lt\/en\/wp-json\/wp\/v2\/product\/697"}],"collection":[{"href":"https:\/\/b2b.mideer.lt\/en\/wp-json\/wp\/v2\/product"}],"about":[{"href":"https:\/\/b2b.mideer.lt\/en\/wp-json\/wp\/v2\/types\/product"}],"wp:featuredmedia":[{"embeddable":true,"href":"https:\/\/b2b.mideer.lt\/en\/wp-json\/wp\/v2\/media\/4790"}],"wp:attachment":[{"href":"https:\/\/b2b.mideer.lt\/en\/wp-json\/wp\/v2\/media?parent=697"}],"wp:term":[{"taxonomy":"product_brand","embeddable":true,"href":"https:\/\/b2b.mideer.lt\/en\/wp-json\/wp\/v2\/product_brand?post=697"},{"taxonomy":"product_cat","embeddable":true,"href":"https:\/\/b2b.mideer.lt\/en\/wp-json\/wp\/v2\/product_cat?post=697"},{"taxonomy":"product_tag","embeddable":true,"href":"https:\/\/b2b.mideer.lt\/en\/wp-json\/wp\/v2\/product_tag?post=697"}],"curies":[{"name":"wp","href":"https:\/\/api.w.org\/{rel}","templated":true}]}}