{"id":6417,"date":"2026-05-09T10:05:02","date_gmt":"2026-05-09T10:05:02","guid":{"rendered":"https:\/\/b2b.mideer.lt\/?post_type=product&#038;p=6417"},"modified":"2026-05-09T10:05:03","modified_gmt":"2026-05-09T10:05:03","slug":"pop-and-catch-ball-game","status":"publish","type":"product","link":"https:\/\/b2b.mideer.lt\/en\/product\/pop-and-catch-ball-game\/","title":{"rendered":"\u201ePop and Catch\u201c kamuoliuko gaudymo \u017eaidimas"},"content":{"rendered":"<div>\nTai smagus ir interaktyvus \u017eaidimas, padedantis vaikams lavinti rank\u0173 ir aki\u0173 koordinacij\u0105 bei koncentracij\u0105. D\u0117l i\u0161pl\u0117sto gaudymo tinklelio kamuoliuk\u0105 sugauti tampa lengviau, tod\u0117l \u017eaidimas suteikia dar daugiau d\u017eiaugsmo ir pasitik\u0117jimo savimi.<\/div>\n<div><\/div>\n<div>\n<strong data-start=\"340\" data-end=\"363\">Lavina koordinacij\u0105<\/strong> \u2013 gerina rank\u0173 ir aki\u0173 suderinamum\u0105 bei reakcij\u0105<br data-start=\"412\" data-end=\"415\" \/>\u00a0<strong data-start=\"418\" data-end=\"441\">Skatina susikaupim\u0105<\/strong> \u2013 padeda ugdyti d\u0117mesio koncentracij\u0105<br data-start=\"479\" data-end=\"482\" \/><strong data-start=\"486\" data-end=\"509\">Platesnis tinklelis<\/strong> \u2013 didesn\u0117 tikimyb\u0117 s\u0117kmingai pagauti kamuoliuk\u0105<br data-start=\"557\" data-end=\"560\" \/><strong data-start=\"563\" data-end=\"594\">\u017daidimas vienam arba dviese<\/strong> \u2013 lankst\u016bs \u017eaidimo b\u016bdai<br data-start=\"619\" data-end=\"622\" data-is-only-node=\"\" \/><strong data-start=\"625\" data-end=\"646\">Tyl\u016bs kamuoliukai<\/strong> \u2013 suma\u017eintas triuk\u0161mas krentant<br data-start=\"678\" data-end=\"681\" \/><strong data-start=\"684\" data-end=\"706\">Tvirti ir atspar\u016bs<\/strong> \u2013 kamuoliukai atspar\u016bs sm\u016bgiams ir nusid\u0117v\u0117jimui<br data-start=\"755\" data-end=\"758\" \/><strong data-start=\"760\" data-end=\"785\">Ergonomi\u0161kos rankenos<\/strong> \u2013 neslystan\u010dios, patogios laikyti, ma\u017eina rie\u0161o nuovarg\u012f<br data-start=\"842\" data-end=\"845\" \/><strong data-start=\"849\" data-end=\"871\">Ilgaam\u017eis dizainas<\/strong> \u2013 atsparus intensyviam naudojimui, nesideformuoja<\/div>\n<div>\n<ul>\n<li data-section-id=\"kr84fr\" data-start=\"953\" data-end=\"971\"><strong data-start=\"955\" data-end=\"966\">Am\u017eius:<\/strong> 3+<\/li>\n<li data-section-id=\"1hsh0ny\" data-start=\"972\" data-end=\"1019\"><strong data-start=\"974\" data-end=\"995\">D\u0117\u017eut\u0117s matmenys:<\/strong> 21,5 \u00d7 21,5 \u00d7 16,5 cm<\/li>\n<li data-section-id=\"wsm9ar\" data-start=\"1020\" data-end=\"1063\"><strong data-start=\"1022\" data-end=\"1036\">Includes:<\/strong> 2 raket\u0117s, 6 kamuoliukai<\/li>\n<\/ul>\n<\/div>","protected":false},"excerpt":{"rendered":"<p>Tai smagus ir interaktyvus \u017eaidimas, padedantis vaikams lavinti rank\u0173 ir aki\u0173 koordinacij\u0105 bei koncentracij\u0105. D\u0117l i\u0161pl\u0117sto gaudymo tinklelio kamuoliuk\u0105 sugauti tampa lengviau, tod\u0117l \u017eaidimas suteikia dar daugiau d\u017eiaugsmo ir pasitik\u0117jimo savimi. Lavina koordinacij\u0105 \u2013 gerina rank\u0173 ir aki\u0173 suderinamum\u0105 bei reakcij\u0105\u00a0Skatina susikaupim\u0105 \u2013 padeda ugdyti d\u0117mesio koncentracij\u0105Platesnis tinklelis \u2013 didesn\u0117 tikimyb\u0117 s\u0117kmingai pagauti kamuoliuk\u0105\u017daidimas vienam arba dviese \u2013 lankst\u016bs \u017eaidimo b\u016bdaiTyl\u016bs kamuoliukai \u2013 suma\u017eintas triuk\u0161mas krentantTvirti ir atspar\u016bs \u2013 kamuoliukai atspar\u016bs sm\u016bgiams ir nusid\u0117v\u0117jimuiErgonomi\u0161kos rankenos \u2013 neslystan\u010dios, patogios laikyti, ma\u017eina rie\u0161o nuovarg\u012fIlgaam\u017eis dizainas \u2013 atsparus intensyviam naudojimui, nesideformuoja Am\u017eius: 3+ D\u0117\u017eut\u0117s matmenys: 21,5 \u00d7 21,5 \u00d7 16,5 cm Komplekte: 2 raket\u0117s, 6 kamuoliukai<\/p>","protected":false},"featured_media":3154,"template":"","meta":[],"product_brand":[],"product_cat":[234,235,236,246,276],"product_tag":[16,17,18,25,26],"class_list":{"0":"post-6417","1":"product","2":"type-product","3":"status-publish","4":"has-post-thumbnail","6":"product_cat-3-4-metai","7":"product_cat-5-6-metai","8":"product_cat-6-metai","9":"product_cat-lauko-zaislai","10":"product_cat-zaislai-ir-zaidimai","11":"product_tag-age-3-4-years","12":"product_tag-age-5-6-years","13":"product_tag-age-6-years","14":"product_tag-new-arrivals","15":"product_tag-outdoor-toys","17":"first","18":"outofstock","19":"taxable","20":"shipping-taxable","21":"product-type-simple"},"jetpack_sharing_enabled":true,"_links":{"self":[{"href":"https:\/\/b2b.mideer.lt\/en\/wp-json\/wp\/v2\/product\/6417"}],"collection":[{"href":"https:\/\/b2b.mideer.lt\/en\/wp-json\/wp\/v2\/product"}],"about":[{"href":"https:\/\/b2b.mideer.lt\/en\/wp-json\/wp\/v2\/types\/product"}],"wp:featuredmedia":[{"embeddable":true,"href":"https:\/\/b2b.mideer.lt\/en\/wp-json\/wp\/v2\/media\/3154"}],"wp:attachment":[{"href":"https:\/\/b2b.mideer.lt\/en\/wp-json\/wp\/v2\/media?parent=6417"}],"wp:term":[{"taxonomy":"product_brand","embeddable":true,"href":"https:\/\/b2b.mideer.lt\/en\/wp-json\/wp\/v2\/product_brand?post=6417"},{"taxonomy":"product_cat","embeddable":true,"href":"https:\/\/b2b.mideer.lt\/en\/wp-json\/wp\/v2\/product_cat?post=6417"},{"taxonomy":"product_tag","embeddable":true,"href":"https:\/\/b2b.mideer.lt\/en\/wp-json\/wp\/v2\/product_tag?post=6417"}],"curies":[{"name":"wp","href":"https:\/\/api.w.org\/{rel}","templated":true}]}}