{"id":6414,"date":"2026-05-09T10:03:23","date_gmt":"2026-05-09T10:03:23","guid":{"rendered":"https:\/\/b2b.mideer.lt\/?post_type=product&#038;p=6414"},"modified":"2026-05-10T07:29:50","modified_gmt":"2026-05-10T07:29:50","slug":"vandens-sautuvas-drambliukas-rozinis","status":"publish","type":"product","link":"https:\/\/b2b.mideer.lt\/en\/product\/vandens-sautuvas-drambliukas-rozinis\/","title":{"rendered":"Water steamer elephant pink"},"content":{"rendered":"<p>This fun elephant-shaped water gun is perfect for summer fun. Its design is ideally suited for young children. The water toy is easy to grip and use. Setified and safe to play. The set comes with a shoulder strap that allows you to carry the water gun over your shoulder. No batteries included.<\/p>\n<p><strong>Special features:<\/strong><\/p>\n<p>The powerful current shoots up to more than 5 metres.<\/p>\n<p>The water tank allows up to 400 uses before the next water change.<\/p>\n<ul>\n<li>Age: 3+<\/li>\n<li>Dimensions: 16,9\u00d722,4cm<\/li>\n<\/ul>","protected":false},"excerpt":{"rendered":"<p>\u0160is linksmos drambliuko formos vandens \u0161autuvas skirtas vasaros linksmyb\u0117ms. Jo dizainas yra idialiai pritaikytas ma\u017eiems vaikams. Patogu suimti ir naudoti vandens \u017eaisl\u0105. Setifikuotas ir saugus \u017eaidimas. Rinkinyje yra juostel\u0117, kuri leid\u017eia ne\u0161iotis vandens \u0161autuv\u0105 per pet\u012f. Rinkinyje n\u0117ra baterij\u0173. Ypatingos savyb\u0117s: Galinga srov\u0117 \u0161audo iki daugiau nei 5 metr\u0173. Vandens talpykla leid\u017eia i\u0161auti net 400 kart\u0173 iki kito vandens pakeitimo. Am\u017eius: 3+ Matmenys: 16,9&#215;22,4cm<\/p>","protected":false},"featured_media":4174,"template":"","meta":[],"product_brand":[],"product_cat":[234,235,236,239,244,246,276],"product_tag":[],"class_list":{"0":"post-6414","1":"product","2":"type-product","3":"status-publish","4":"has-post-thumbnail","6":"product_cat-3-4-metai","7":"product_cat-5-6-metai","8":"product_cat-6-metai","9":"product_cat-daugiau-zaislu-ir-zaidimu","10":"product_cat-kas-populiaru","11":"product_cat-lauko-zaislai","12":"product_cat-zaislai-ir-zaidimai","14":"first","15":"outofstock","16":"taxable","17":"shipping-taxable","18":"product-type-simple"},"jetpack_sharing_enabled":true,"_links":{"self":[{"href":"https:\/\/b2b.mideer.lt\/en\/wp-json\/wp\/v2\/product\/6414"}],"collection":[{"href":"https:\/\/b2b.mideer.lt\/en\/wp-json\/wp\/v2\/product"}],"about":[{"href":"https:\/\/b2b.mideer.lt\/en\/wp-json\/wp\/v2\/types\/product"}],"wp:featuredmedia":[{"embeddable":true,"href":"https:\/\/b2b.mideer.lt\/en\/wp-json\/wp\/v2\/media\/4174"}],"wp:attachment":[{"href":"https:\/\/b2b.mideer.lt\/en\/wp-json\/wp\/v2\/media?parent=6414"}],"wp:term":[{"taxonomy":"product_brand","embeddable":true,"href":"https:\/\/b2b.mideer.lt\/en\/wp-json\/wp\/v2\/product_brand?post=6414"},{"taxonomy":"product_cat","embeddable":true,"href":"https:\/\/b2b.mideer.lt\/en\/wp-json\/wp\/v2\/product_cat?post=6414"},{"taxonomy":"product_tag","embeddable":true,"href":"https:\/\/b2b.mideer.lt\/en\/wp-json\/wp\/v2\/product_tag?post=6414"}],"curies":[{"name":"wp","href":"https:\/\/api.w.org\/{rel}","templated":true}]}}